{"id":2008,"date":"2024-12-04T13:48:14","date_gmt":"2024-12-04T10:48:14","guid":{"rendered":"https:\/\/royalfen.com\/?post_type=product&#038;p=2008"},"modified":"2024-12-05T09:44:31","modified_gmt":"2024-12-05T06:44:31","slug":"roysilver-wg","status":"publish","type":"product","link":"https:\/\/royalfen.com\/tr\/urun\/roysilver-wg\/","title":{"rendered":"ROYS\u0130LVER WG"},"content":{"rendered":"<h4><strong><span style=\"font-family: gotham;\">KULLANILACA\u011eI B\u0130TK\u0130 VE ZARARLI ORGAN\u0130ZMALAR:<\/span><\/strong><\/h4>\n\n<table id=\"tablepress-19\" class=\"tablepress tablepress-id-19\">\n<thead>\n<tr class=\"row-1\">\n\t<th class=\"column-1\">Bitki Ad\u0131<\/th><th class=\"column-2\">Zararl\u0131 Organizma Ad\u0131<\/th><th class=\"column-3\">Uygulama Dozu<\/th><th class=\"column-4\">Son Uygulama ve Hasat Aras\u0131ndaki S\u00fcre<\/th>\n<\/tr>\n<\/thead>\n<tbody class=\"row-striping row-hover\">\n<tr class=\"row-2\">\n\t<td class=\"column-1\">M\u0131s\u0131r<\/td><td class=\"column-2\">M\u0131s\u0131r kurdu<em> (Ostrinia nubilalis)<\/em><\/td><td class=\"column-3\">20 g \/da<\/td><td class=\"column-4\">21 g\u00fcn<\/td>\n<\/tr>\n<tr class=\"row-3\">\n\t<td class=\"column-1\">Antepf\u0131st\u0131\u011f\u0131<\/td><td class=\"column-2\">Antepf\u0131st\u0131\u011f\u0131 psillidi<em> (Agonoscena pistaciae)<\/em><\/td><td class=\"column-3\">25 g\/l 100 l su<\/td><td class=\"column-4\">14 g\u00fcn<\/td>\n<\/tr>\n<tr class=\"row-4\">\n\t<td class=\"column-1\">Zeytin<\/td><td class=\"column-2\">Zeytin g\u00fcvesi <em>(Prays oleae)<\/em><\/td><td class=\"column-3\">25 g \/100 l su<\/td><td class=\"column-4\">21 g\u00fcn<\/td>\n<\/tr>\n<\/tbody>\n<\/table>\n\n","protected":false},"excerpt":{"rendered":"<p><strong>Form\u00fclasyonu:<\/strong><\/p>\n<p>(WG) Suda Da\u011f\u0131labilen Gran\u00fcl<\/p>\n<p><strong>Aktif Madde:<\/strong><\/p>\n<p>%10 Acetamiprid + %3 Lambda-cyhalothrin<\/p>\n<p><a class=\"custom-button2\" href=\"https:\/\/royalfen.com\/wp-content\/uploads\/2024\/12\/roysilver-GBF.pdf\" target=\"_blank\" rel=\"noopener\"><strong>G\u00dcVENL\u0130K B\u0130LG\u0130 FORMU<\/strong><\/a><\/p>\n","protected":false},"featured_media":2010,"comment_status":"closed","ping_status":"closed","template":"","meta":[],"product_brand":[],"product_cat":[22,33,65],"product_tag":[],"class_list":{"0":"post-2008","1":"product","2":"type-product","3":"status-publish","4":"has-post-thumbnail","6":"product_cat-insektisitler","7":"product_cat-turkiye","8":"product_cat-turkiye-insektisit","10":"first","11":"instock","12":"shipping-taxable","13":"product-type-simple"},"_links":{"self":[{"href":"https:\/\/royalfen.com\/tr\/wp-json\/wp\/v2\/product\/2008","targetHints":{"allow":["GET"]}}],"collection":[{"href":"https:\/\/royalfen.com\/tr\/wp-json\/wp\/v2\/product"}],"about":[{"href":"https:\/\/royalfen.com\/tr\/wp-json\/wp\/v2\/types\/product"}],"replies":[{"embeddable":true,"href":"https:\/\/royalfen.com\/tr\/wp-json\/wp\/v2\/comments?post=2008"}],"wp:featuredmedia":[{"embeddable":true,"href":"https:\/\/royalfen.com\/tr\/wp-json\/wp\/v2\/media\/2010"}],"wp:attachment":[{"href":"https:\/\/royalfen.com\/tr\/wp-json\/wp\/v2\/media?parent=2008"}],"wp:term":[{"taxonomy":"product_brand","embeddable":true,"href":"https:\/\/royalfen.com\/tr\/wp-json\/wp\/v2\/product_brand?post=2008"},{"taxonomy":"product_cat","embeddable":true,"href":"https:\/\/royalfen.com\/tr\/wp-json\/wp\/v2\/product_cat?post=2008"},{"taxonomy":"product_tag","embeddable":true,"href":"https:\/\/royalfen.com\/tr\/wp-json\/wp\/v2\/product_tag?post=2008"}],"curies":[{"name":"wp","href":"https:\/\/api.w.org\/{rel}","templated":true}]}}