{"id":2088,"date":"2024-12-05T11:44:57","date_gmt":"2024-12-05T08:44:57","guid":{"rendered":"https:\/\/royalfen.com\/?post_type=product&#038;p=2088"},"modified":"2024-12-05T11:44:57","modified_gmt":"2024-12-05T08:44:57","slug":"zeta-of-120","status":"publish","type":"product","link":"https:\/\/royalfen.com\/tr\/urun\/zeta-of-120\/","title":{"rendered":"ZETA OF 120"},"content":{"rendered":"<h4><span style=\"font-family: gotham;\">KULLANILACA\u011eI B\u0130TK\u0130 VE ZARARLI ORGAN\u0130ZMALAR:<\/span><\/h4>\n\n<table id=\"tablepress-29\" class=\"tablepress tablepress-id-29 tbody-has-connected-cells\">\n<thead>\n<tr class=\"row-1\">\n\t<th class=\"column-1\">Bitki Ad\u0131<\/th><th class=\"column-2\">Zararl\u0131 Organizma Ad\u0131<\/th><th class=\"column-3\">Uygulama Dozu ve D\u00f6nemi<\/th>\n<\/tr>\n<\/thead>\n<tbody class=\"row-striping row-hover\">\n<tr class=\"row-2\">\n\t<td rowspan=\"2\" class=\"column-1\">Bu\u011fday<\/td><td class=\"column-2\">Tilkikuyru\u011fu<em> (Alopecurus myosuroides)<\/em><br \/>\nK\u0131s\u0131r yabani yulaf <em>(Avena sterilis)<\/em><\/td><td class=\"column-3\">40 ml\/da+100 ml Yay\u0131c\u0131 yap\u0131\u015ft\u0131r\u0131c\u0131 Bu\u011fday\u0131n ve<br \/>\nyabanc\u0131 otlar\u0131n karde\u015flenme d\u00f6neminde<\/td>\n<\/tr>\n<tr class=\"row-3\">\n\t<td class=\"column-2\">K\u0131sa ba\u015fakl\u0131 ku\u015fyemi <em>(Phalaris brachystachys)<\/em><br \/>\n\u0130talyan \u00e7imi <em>(Lolium multiflorum)<\/em><\/td><td class=\"column-3\">40 ml\/da+100 ml Yay\u0131c\u0131 yap\u0131\u015ft\u0131r\u0131c\u0131<\/td>\n<\/tr>\n<\/tbody>\n<\/table>\n<!-- #tablepress-29 from cache -->\n","protected":false},"excerpt":{"rendered":"<p><strong>Form\u00fclasyonu:<\/strong><\/p>\n<p>OD (Ya\u011f Bazl\u0131 S\u00fcspansiyon Konsantre)<\/p>\n<p><strong>Aktif Madde:<\/strong><br \/>\n30 g\/l Mesosulfuron-methyl + 90 g\/l Mefenpyr-diethyl (Safener)<\/p>\n","protected":false},"featured_media":1962,"comment_status":"closed","ping_status":"closed","template":"","meta":[],"product_brand":[],"product_cat":[30,38,35,43],"product_tag":[],"class_list":{"0":"post-2088","1":"product","2":"type-product","3":"status-publish","4":"has-post-thumbnail","6":"product_cat-azerbaycan","7":"product_cat-azerbaycan-herbisit","8":"product_cat-turkmenistan","9":"product_cat-turkmenistan-herbisit","11":"first","12":"instock","13":"shipping-taxable","14":"product-type-simple"},"_links":{"self":[{"href":"https:\/\/royalfen.com\/tr\/wp-json\/wp\/v2\/product\/2088","targetHints":{"allow":["GET"]}}],"collection":[{"href":"https:\/\/royalfen.com\/tr\/wp-json\/wp\/v2\/product"}],"about":[{"href":"https:\/\/royalfen.com\/tr\/wp-json\/wp\/v2\/types\/product"}],"replies":[{"embeddable":true,"href":"https:\/\/royalfen.com\/tr\/wp-json\/wp\/v2\/comments?post=2088"}],"wp:featuredmedia":[{"embeddable":true,"href":"https:\/\/royalfen.com\/tr\/wp-json\/wp\/v2\/media\/1962"}],"wp:attachment":[{"href":"https:\/\/royalfen.com\/tr\/wp-json\/wp\/v2\/media?parent=2088"}],"wp:term":[{"taxonomy":"product_brand","embeddable":true,"href":"https:\/\/royalfen.com\/tr\/wp-json\/wp\/v2\/product_brand?post=2088"},{"taxonomy":"product_cat","embeddable":true,"href":"https:\/\/royalfen.com\/tr\/wp-json\/wp\/v2\/product_cat?post=2088"},{"taxonomy":"product_tag","embeddable":true,"href":"https:\/\/royalfen.com\/tr\/wp-json\/wp\/v2\/product_tag?post=2088"}],"curies":[{"name":"wp","href":"https:\/\/api.w.org\/{rel}","templated":true}]}}