{"id":2332,"date":"2025-03-13T13:47:58","date_gmt":"2025-03-13T10:47:58","guid":{"rendered":"https:\/\/royalfen.com\/?post_type=product&#038;p=2332"},"modified":"2026-04-13T11:46:24","modified_gmt":"2026-04-13T08:46:24","slug":"royson-46-sl","status":"publish","type":"product","link":"https:\/\/royalfen.com\/tr\/urun\/royson-46-sl\/","title":{"rendered":"ROYSON 46 SL"},"content":{"rendered":"<h4>\u00dcR\u00dcN\u00dcN KULLANILACA\u011eI B\u0130TK\u0130LER<\/h4>\n\n<table id=\"tablepress-94\" class=\"tablepress tablepress-id-94\">\n<thead>\n<tr class=\"row-1\">\n\t<th class=\"column-1\">Column1<\/th><th class=\"column-2\">Column2<\/th><th class=\"column-3\">Column3<\/th>\n<\/tr>\n<\/thead>\n<tbody class=\"row-striping row-hover\">\n<tr class=\"row-2\">\n\t<td class=\"column-1\">B\u0130TK\u0130 ADI<\/td><td class=\"column-2\">UYGULAMA DOZU<\/td><td class=\"column-3\">UYGULAMA AMACI ve ZAMANI<\/td>\n<\/tr>\n<tr class=\"row-3\">\n\t<td class=\"column-1\">Hububat<\/td><td class=\"column-2\">0,4-3,5 l\/hektar,<br \/>\nBu\u011fdayda 125 ml\/da<br \/>\nSu miktar\u0131: 250 l\/ha<\/td><td class=\"column-3\">Yatma riskini azalt\u0131r. Bu\u011fday, bitki boyu:10-20 cm iken, \u00c7avdar, bitki boyu 20-30<br \/>\ncm iken, Yulaf, bitki boyu 30-40 cm iken uygulan\u0131r. Yeti\u015ftirildi\u011fi yere ba\u011fl\u0131 olarak<br \/>\nhububat\u0131n farkl\u0131 tiplerinin tekil \u00e7e\u015fitlerinin, uygulamaya tepsisi farkl\u0131 olabilir.<\/td>\n<\/tr>\n<tr class=\"row-4\">\n\t<td class=\"column-1\">Pamuk<\/td><td class=\"column-2\">100-150 da\/50-100 lt su<\/td><td class=\"column-3\">Tohum ekiminden 75-90 g\u00fcn sonra uygulan\u0131r.<\/td>\n<\/tr>\n<tr class=\"row-5\">\n\t<td class=\"column-1\">Pirin\u00e7<\/td><td class=\"column-2\">200-800 ml\/da<\/td><td class=\"column-3\">S\u00fcrg\u00fcn ba\u015flang\u0131c\u0131nda uygulan\u0131r. Verim art\u0131\u015f\u0131 sa\u011flar.<\/td>\n<\/tr>\n<tr class=\"row-6\">\n\t<td class=\"column-1\">S\u00fcs Bitkileri<\/td><td class=\"column-2\">P\u00fcsk\u00fcrtme ile uygulamada<br \/>\n%0,08 (W\/v) ile %0,8'lik<br \/>\n(w\/v) sol\u00fcsyonlar uygundur.<br \/>\nSulama ile uygulamada ise<br \/>\nyakla\u015f\u0131k %0,4 (w\/v) ile %2,5<br \/>\n(w\/v) haz\u0131rlanan sol\u00fcsyonlar<br \/>\nuygundur.<\/td><td class=\"column-3\">Bitki boyunun k\u0131sa kalmas\u0131n\u0131 ve \u00e7i\u00e7eklenmeyi sa\u011flar. Bitki k\u00f6kleri ve yapraklar\u0131<br \/>\ntaraf\u0131ndan al\u0131nabildi\u011finden p\u00fcsk\u00fcrtme veya sulama ile uygulanabilir.<\/td>\n<\/tr>\n<tr class=\"row-7\">\n\t<td class=\"column-1\">Ba\u011f*<\/td><td class=\"column-2\">100-500 ml\/da<\/td><td class=\"column-3\">S\u00fcrg\u00fcn ba\u015flang\u0131c\u0131nda. Verimi artt\u0131r\u0131r.<\/td>\n<\/tr>\n<tr class=\"row-8\">\n\t<td class=\"column-1\">Elma, \u015eeftali, Kay\u0131s\u0131<\/td><td class=\"column-2\">250-400 ml \/ 100 l su<\/td><td class=\"column-3\">Tomurcuklanmay\u0131 ve a\u011fa\u00e7lar\u0131 dona kar\u015f\u0131 direncini artt\u0131r\u0131r.<\/td>\n<\/tr>\n<tr class=\"row-9\">\n\t<td class=\"column-1\">Domates<\/td><td class=\"column-2\">100-150 ml\/da<\/td><td class=\"column-3\">Bitkinin geli\u015fimi ve direncini artt\u0131r\u0131r. Tam \u00e7i\u00e7eklenmeden ba\u015flanarak uygulan\u0131r.<br \/>\nBitkinin geli\u015fimine ve direncine ba\u011fl\u0131 olarak 15-20 g\u00fcn aral\u0131klarla 2-3 uygulama.<\/td>\n<\/tr>\n<tr class=\"row-10\">\n\t<td class=\"column-1\">Fasulye, Bezelye<\/td><td class=\"column-2\">200 ml \/ 100 l su<\/td><td class=\"column-3\">\u00c7i\u00e7eklenme \u00f6ncesi kullan\u0131l\u0131r. Olgunla\u015ft\u0131rmay\u0131 geli\u015ftirir.<\/td>\n<\/tr>\n<tr class=\"row-11\">\n\t<td class=\"column-1\">Patates<\/td><td class=\"column-2\">250-300 ml \/ da<\/td><td class=\"column-3\">\u00c7i\u00e7eklenmeden 2-3 hafta \u00f6nce uygulan\u0131r. S\u00fcrg\u00fcnleri geciktirmek, erkencili\u011fi ve<br \/>\nverimi artt\u0131rarak daha d\u00fczg\u00fcn bi\u00e7imli patates geli\u015fimi i\u00e7in kullan\u0131l\u0131r.<\/td>\n<\/tr>\n<\/tbody>\n<\/table>\n\n","protected":false},"excerpt":{"rendered":"<p><strong>Form\u00fclasyonu<\/strong><\/p>\n<p>SL (Suda \u00c7\u00f6z\u00fcnen Konsantre)<\/p>\n<p><strong>Aktif Madde<\/strong><\/p>\n<p>460 g\/L Chlormequat chloride<\/p>\n<p><a class=\"custom-button2\" href=\"https:\/\/royalfen.com\/wp-content\/uploads\/2025\/03\/ROYSON-46-SL-SON-ONAYLI-ETIKET-1.pdf\" target=\"_blank\" rel=\"noopener\"><strong>ONAYLI ET\u0130KET<\/strong><\/a><\/p>\n","protected":false},"featured_media":2334,"comment_status":"closed","ping_status":"closed","template":"","meta":[],"product_brand":[],"product_cat":[28,20,33,66],"product_tag":[],"class_list":{"0":"post-2332","1":"product","2":"type-product","3":"status-publish","4":"has-post-thumbnail","6":"product_cat-bitki-gelisim-duzenleyici-bgd","7":"product_cat-genel","8":"product_cat-turkiye","9":"product_cat-turkiye-bgd","11":"first","12":"instock","13":"shipping-taxable","14":"product-type-simple"},"_links":{"self":[{"href":"https:\/\/royalfen.com\/tr\/wp-json\/wp\/v2\/product\/2332","targetHints":{"allow":["GET"]}}],"collection":[{"href":"https:\/\/royalfen.com\/tr\/wp-json\/wp\/v2\/product"}],"about":[{"href":"https:\/\/royalfen.com\/tr\/wp-json\/wp\/v2\/types\/product"}],"replies":[{"embeddable":true,"href":"https:\/\/royalfen.com\/tr\/wp-json\/wp\/v2\/comments?post=2332"}],"wp:featuredmedia":[{"embeddable":true,"href":"https:\/\/royalfen.com\/tr\/wp-json\/wp\/v2\/media\/2334"}],"wp:attachment":[{"href":"https:\/\/royalfen.com\/tr\/wp-json\/wp\/v2\/media?parent=2332"}],"wp:term":[{"taxonomy":"product_brand","embeddable":true,"href":"https:\/\/royalfen.com\/tr\/wp-json\/wp\/v2\/product_brand?post=2332"},{"taxonomy":"product_cat","embeddable":true,"href":"https:\/\/royalfen.com\/tr\/wp-json\/wp\/v2\/product_cat?post=2332"},{"taxonomy":"product_tag","embeddable":true,"href":"https:\/\/royalfen.com\/tr\/wp-json\/wp\/v2\/product_tag?post=2332"}],"curies":[{"name":"wp","href":"https:\/\/api.w.org\/{rel}","templated":true}]}}