{"id":2362,"date":"2025-06-10T09:33:53","date_gmt":"2025-06-10T06:33:53","guid":{"rendered":"https:\/\/royalfen.com\/?post_type=product&#038;p=2362"},"modified":"2025-06-10T09:33:53","modified_gmt":"2025-06-10T06:33:53","slug":"royhot-ec","status":"publish","type":"product","link":"https:\/\/royalfen.com\/tr\/urun\/royhot-ec\/","title":{"rendered":"ROYHOT EC"},"content":{"rendered":"<h4><span style=\"font-family: gotham;\">KULLANILACA\u011eI B\u0130TK\u0130 VE ZARARLI ORGAN\u0130ZMALAR:<\/span><\/h4>\n\n<table id=\"tablepress-96\" class=\"tablepress tablepress-id-96\">\n<thead>\n<tr class=\"row-1\">\n\t<th class=\"column-1\">Bitki Ad\u0131<\/th><th class=\"column-2\">Zararl\u0131 Organizma Ad\u0131<\/th><th class=\"column-3\">Uygulama Dozu<br \/>\nVe D\u00f6nemi<\/th>\n<\/tr>\n<\/thead>\n<tbody class=\"row-hover\">\n<tr class=\"row-2\">\n\t<td class=\"column-1\">Ay\u00e7i\u00e7e\u011fi<\/td><td class=\"column-2\">\u0130mam pamu\u011fu<em> (Abutilon theophrastii)<\/em><br \/>\nKazaya\u011f\u0131 <em>(Chenopodium album-Chenopodium botrys)<\/em><br \/>\n\u00c7atalotu <em>(Digitaria sanguinalis)<\/em><br \/>\nDar\u0131can <em>(Echinochloa crus-galli)<\/em><br \/>\nYap\u0131\u015fkan Otu <em>(Galium tricorne, Galium aparine)<\/em><br \/>\nKaradar\u0131 <em>(Panicum spp)<\/em><br \/>\nSemizotu <em>(Portulaca oleracea)<\/em><\/td><td class=\"column-3\">20 ml\/da<br \/>\n\u00e7\u0131k\u0131\u015f \u00f6ncesi<\/td>\n<\/tr>\n<tr class=\"row-3\">\n\t<td class=\"column-1\">\u00c7eltik<\/td><td class=\"column-2\">\u00c7atalotu <em>(Digitaria sanguinalis)<\/em><br \/>\nDar\u0131can <em>(Echinochloa crus-galli)<\/em><br \/>\n\u00c7eltiksi dar\u0131can <em>(Echinochloa oryzoides)<\/em><br \/>\nBaraj otu<em> (Leptochloa fusca)<\/em><br \/>\nYabani dar\u0131 <em>(Panicum spp)<\/em><\/td><td class=\"column-3\">70 ml\/da \u00e7elti\u011fin<br \/>\n1-2 yaprakl\u0131<br \/>\noldu\u011fu erken<br \/>\n\u00e7\u0131k\u0131\u015f sonras\u0131<\/td>\n<\/tr>\n<tr class=\"row-4\">\n\t<td class=\"column-1\">\u00c7eltik<\/td><td class=\"column-2\">\u00c7atalotu<em> (Digitaria sanguinalis)<\/em><br \/>\nDar\u0131can<em> (Echinochloa crus-galli)<\/em><br \/>\n\u00c7eltiksi dar\u0131can<em> (Echinochloa oryzoides)<\/em><br \/>\nBaraj otu <em>(Leptochloa fusca)<\/em><br \/>\nDip otu <em>(Lindemia dubia)<\/em><\/td><td class=\"column-3\">150 ml\/da<br \/>\nEkim \u00f6ncesi<\/td>\n<\/tr>\n<tr class=\"row-5\">\n\t<td class=\"column-1\">Kanola<\/td><td class=\"column-2\">\u00c7oban\u00e7antas\u0131 <em>(Capsella bursa-pastoris)<\/em><br \/>\n\u015eahtere = Hakiki \u015fahtere<em> (Fumaria officinalis)<\/em><br \/>\nDil kanatan = Yap\u0131\u015fkan otu <em>(Galium aparine)<\/em><br \/>\nTav\u015fan b\u0131y\u0131\u011f\u0131<em> (Poa spp.)<\/em><br \/>\nYap\u0131\u015fkan otu <em>(Setaria spp.)<\/em><br \/>\nKu\u015fotu = Ser\u00e7e dili<em> (Stellaria media)<\/em><br \/>\nAdi yav\u015fan otu <em>(Veronica hederifolia)<\/em><\/td><td class=\"column-3\">20 ml\/da<br \/>\n\u00e7\u0131k\u0131\u015f \u00f6ncesi<\/td>\n<\/tr>\n<\/tbody>\n<\/table>\n<!-- #tablepress-96 from cache -->\n","protected":false},"excerpt":{"rendered":"<p><strong>Form\u00fclasyonu<\/strong><\/p>\n<p>EC (Em\u00fclsiyon Konsantre)<\/p>\n<p><strong>Aktif Madde<\/strong><\/p>\n<p>480 g\/l Clomazone<\/p>\n<p><a class=\"custom-button2\" href=\"https:\/\/royalfen.com\/wp-content\/uploads\/2025\/06\/ROYHOT-SON-ONAYLI-ETIKET.pdf\" target=\"_blank\" rel=\"noopener\"><strong>ONAYLI ET\u0130KET<\/strong><\/a><\/p>\n","protected":false},"featured_media":2365,"comment_status":"closed","ping_status":"closed","template":"","meta":[],"product_brand":[],"product_cat":[24,33,64],"product_tag":[],"class_list":{"0":"post-2362","1":"product","2":"type-product","3":"status-publish","4":"has-post-thumbnail","6":"product_cat-herbisitler","7":"product_cat-turkiye","8":"product_cat-turkiye-herbisit","10":"first","11":"instock","12":"shipping-taxable","13":"product-type-simple"},"_links":{"self":[{"href":"https:\/\/royalfen.com\/tr\/wp-json\/wp\/v2\/product\/2362","targetHints":{"allow":["GET"]}}],"collection":[{"href":"https:\/\/royalfen.com\/tr\/wp-json\/wp\/v2\/product"}],"about":[{"href":"https:\/\/royalfen.com\/tr\/wp-json\/wp\/v2\/types\/product"}],"replies":[{"embeddable":true,"href":"https:\/\/royalfen.com\/tr\/wp-json\/wp\/v2\/comments?post=2362"}],"wp:featuredmedia":[{"embeddable":true,"href":"https:\/\/royalfen.com\/tr\/wp-json\/wp\/v2\/media\/2365"}],"wp:attachment":[{"href":"https:\/\/royalfen.com\/tr\/wp-json\/wp\/v2\/media?parent=2362"}],"wp:term":[{"taxonomy":"product_brand","embeddable":true,"href":"https:\/\/royalfen.com\/tr\/wp-json\/wp\/v2\/product_brand?post=2362"},{"taxonomy":"product_cat","embeddable":true,"href":"https:\/\/royalfen.com\/tr\/wp-json\/wp\/v2\/product_cat?post=2362"},{"taxonomy":"product_tag","embeddable":true,"href":"https:\/\/royalfen.com\/tr\/wp-json\/wp\/v2\/product_tag?post=2362"}],"curies":[{"name":"wp","href":"https:\/\/api.w.org\/{rel}","templated":true}]}}