{"id":2373,"date":"2025-07-04T17:06:11","date_gmt":"2025-07-04T14:06:11","guid":{"rendered":"https:\/\/royalfen.com\/?post_type=product&#038;p=2373"},"modified":"2025-07-04T17:06:11","modified_gmt":"2025-07-04T14:06:11","slug":"adomen-sl","status":"publish","type":"product","link":"https:\/\/royalfen.com\/tr\/urun\/adomen-sl\/","title":{"rendered":"ADOMEN SL"},"content":{"rendered":"<h4><span style=\"font-family: gotham;\">KULLANILACA\u011eI B\u0130TK\u0130 VE ZARARLI ORGAN\u0130ZMALAR:<\/span><\/h4>\n\n<table id=\"tablepress-97\" class=\"tablepress tablepress-id-97\">\n<thead>\n<tr class=\"row-1\">\n\t<th class=\"column-1\">Column1<\/th><th class=\"column-2\">Column2<\/th><th class=\"column-3\">Column3<\/th><th class=\"column-4\">Column4<\/th>\n<\/tr>\n<\/thead>\n<tbody class=\"row-striping row-hover\">\n<tr class=\"row-2\">\n\t<td class=\"column-1\">Bitki Ad\u0131<\/td><td class=\"column-2\">Zararl\u0131 Organizma Ad\u0131<\/td><td class=\"column-3\">Uygulama Dozu<\/td><td class=\"column-4\">Son \u0130la\u00e7lama ile Hasat<br \/>\nAras\u0131ndaki S\u00fcre -<\/td>\n<\/tr>\n<tr class=\"row-3\">\n\t<td class=\"column-1\">Turun\u00e7giller<\/td><td class=\"column-2\">K\u0131rm\u0131z\u0131 k\u00f6kl\u00fc tilkikuyru\u011fu<em> (Amaranthus retroflexus)<\/em><br \/>\nK\u0131ra\u00e7 \u00e7ay\u0131r\u0131<em> (Bromus sterilis)<\/em><br \/>\nSirken<em> (Chenopodium album)<\/em><br \/>\nDar\u0131can<em> (Echinochloa crus-galli)<\/em><br \/>\nT\u00fcys\u00fcz han\u0131m d\u00f6\u015fe\u011fi<em> (Euphorbia serpens)<\/em><br \/>\nYabani yoncalar <em>(Medicago spp.)<\/em><br \/>\nSemizotu <em>(Portulaca oleracea)<\/em><br \/>\nKanarya otu = \u0130mam kavu\u011fu<em> (Senecio vulgaris)<\/em><br \/>\nYabani hardal <em>(Sinapis arvensis)<\/em><br \/>\nAdi e\u015fek marulu <em>(Sonchus oleraceus)<\/em><\/td><td class=\"column-3\">200 ml\/da \u00c7\u0131k\u0131\u015f<br \/>\nsonras\u0131 uygulan\u0131r.<\/td><td class=\"column-4\">\u2026<\/td>\n<\/tr>\n<\/tbody>\n<\/table>\n\n","protected":false},"excerpt":{"rendered":"<p><strong>Form\u00fclasyonu:<\/strong><br \/>\nSL (Suda \u00c7\u00f6z\u00fcnen Konsantre)<\/p>\n<p><strong>Aktif Madde:<\/strong><br \/>\n280 g\/l Glufosinate-ammonium<\/p>\n<p><a class=\"custom-button2\" href=\"https:\/\/royalfen.com\/wp-content\/uploads\/2025\/07\/adomen-son-onayli-etiket.pdf\" target=\"_blank\" rel=\"noopener\"><strong>ONAYLI ET\u0130KET<\/strong><\/a><\/p>\n","protected":false},"featured_media":2375,"comment_status":"closed","ping_status":"closed","template":"","meta":[],"product_brand":[],"product_cat":[20,33,64],"product_tag":[],"class_list":{"0":"post-2373","1":"product","2":"type-product","3":"status-publish","4":"has-post-thumbnail","6":"product_cat-genel","7":"product_cat-turkiye","8":"product_cat-turkiye-herbisit","10":"first","11":"instock","12":"shipping-taxable","13":"product-type-simple"},"_links":{"self":[{"href":"https:\/\/royalfen.com\/tr\/wp-json\/wp\/v2\/product\/2373","targetHints":{"allow":["GET"]}}],"collection":[{"href":"https:\/\/royalfen.com\/tr\/wp-json\/wp\/v2\/product"}],"about":[{"href":"https:\/\/royalfen.com\/tr\/wp-json\/wp\/v2\/types\/product"}],"replies":[{"embeddable":true,"href":"https:\/\/royalfen.com\/tr\/wp-json\/wp\/v2\/comments?post=2373"}],"wp:featuredmedia":[{"embeddable":true,"href":"https:\/\/royalfen.com\/tr\/wp-json\/wp\/v2\/media\/2375"}],"wp:attachment":[{"href":"https:\/\/royalfen.com\/tr\/wp-json\/wp\/v2\/media?parent=2373"}],"wp:term":[{"taxonomy":"product_brand","embeddable":true,"href":"https:\/\/royalfen.com\/tr\/wp-json\/wp\/v2\/product_brand?post=2373"},{"taxonomy":"product_cat","embeddable":true,"href":"https:\/\/royalfen.com\/tr\/wp-json\/wp\/v2\/product_cat?post=2373"},{"taxonomy":"product_tag","embeddable":true,"href":"https:\/\/royalfen.com\/tr\/wp-json\/wp\/v2\/product_tag?post=2373"}],"curies":[{"name":"wp","href":"https:\/\/api.w.org\/{rel}","templated":true}]}}