{"id":2378,"date":"2025-07-07T09:25:57","date_gmt":"2025-07-07T06:25:57","guid":{"rendered":"https:\/\/royalfen.com\/?post_type=product&#038;p=2378"},"modified":"2025-07-07T09:26:34","modified_gmt":"2025-07-07T06:26:34","slug":"dunyamix-ec","status":"publish","type":"product","link":"https:\/\/royalfen.com\/tr\/urun\/dunyamix-ec\/","title":{"rendered":"D\u00dcNYAM\u0130X EC"},"content":{"rendered":"<h4><span style=\"font-family: gotham;\">KULLANILACA\u011eI B\u0130TK\u0130 VE ZARARLI ORGAN\u0130ZMALAR:<\/span><\/h4>\n\n<table id=\"tablepress-98\" class=\"tablepress tablepress-id-98\">\n<thead>\n<tr class=\"row-1\">\n\t<th class=\"column-1\">Column1<\/th><th class=\"column-2\">Column2<\/th><th class=\"column-3\">Column3<\/th>\n<\/tr>\n<\/thead>\n<tbody class=\"row-striping row-hover\">\n<tr class=\"row-2\">\n\t<td class=\"column-1\">Bitki Ad\u0131<\/td><td class=\"column-2\">Zararl\u0131 Organizma Ad\u0131<\/td><td class=\"column-3\">Uygulama Dozu Ve D\u00f6nemi<\/td>\n<\/tr>\n<tr class=\"row-3\">\n\t<td class=\"column-1\">PATATES<\/td><td class=\"column-2\">K\u0131rm\u0131z\u0131 k\u00f6kl\u00fc tilkikuyru\u011fu <em>(Amaranthus retroflexus)<\/em><br \/>\nSirken<em> (Chenopodium album)<\/em><br \/>\n\u015eeytan elmas\u0131 <em>(Datura stramonium)<\/em><br \/>\nDar\u0131can<em> (Echinochloa crus-galli)<\/em><br \/>\nBozot <em>(Heliotropium europeum)<\/em><br \/>\nEbeg\u00fcmeci <em>(Malva neglecta)<\/em><br \/>\nHakiki papatya<em> (Matricaria chamomilla)<\/em><br \/>\nKad\u0131n t\u0131rna\u011f\u0131 = K\u0131rm\u0131z\u0131 ayakl\u0131 karabu\u011fday <em>(Polygonum persicaria)<\/em><br \/>\nSemizotu<em> (Portulaca oleracea)<\/em><br \/>\nK\u00f6pek \u00fcz\u00fcm\u00fc<em> (Solanum nigrum)<\/em><br \/>\nB\u00fcy\u00fck \u0131s\u0131rgan <em>(Urtica diocia)<\/em><br \/>\nDomuz p\u0131tra\u011f\u0131 <em>(Xanthium strumarium)<\/em><\/td><td class=\"column-3\">500 ml\/da<br \/>\n\u00c7\u0131k\u0131\u015f \u00f6ncesi<\/td>\n<\/tr>\n<\/tbody>\n<\/table>\n\n","protected":false},"excerpt":{"rendered":"<p><strong>Formulasyonu:<\/strong><br \/>\nEC (Em\u00fclsiyon Konsantre)<\/p>\n<p><strong>Aktif Madde:<\/strong><br \/>\n800 g\/l Prosulfocarb + 80 g\/l Metribuzin<\/p>\n<p><a class=\"custom-button2\" href=\"https:\/\/royalfen.com\/wp-content\/uploads\/2025\/07\/DUNYAMIX-EC-SON-ONAYLI-ETIKET.pdf\" target=\"_blank\" rel=\"noopener\"><strong>ONAYLI ET\u0130KET<\/strong><\/a><\/p>\n","protected":false},"featured_media":2381,"comment_status":"closed","ping_status":"closed","template":"","meta":[],"product_brand":[],"product_cat":[20,24,33,64],"product_tag":[],"class_list":{"0":"post-2378","1":"product","2":"type-product","3":"status-publish","4":"has-post-thumbnail","6":"product_cat-genel","7":"product_cat-herbisitler","8":"product_cat-turkiye","9":"product_cat-turkiye-herbisit","11":"first","12":"instock","13":"shipping-taxable","14":"product-type-simple"},"_links":{"self":[{"href":"https:\/\/royalfen.com\/tr\/wp-json\/wp\/v2\/product\/2378","targetHints":{"allow":["GET"]}}],"collection":[{"href":"https:\/\/royalfen.com\/tr\/wp-json\/wp\/v2\/product"}],"about":[{"href":"https:\/\/royalfen.com\/tr\/wp-json\/wp\/v2\/types\/product"}],"replies":[{"embeddable":true,"href":"https:\/\/royalfen.com\/tr\/wp-json\/wp\/v2\/comments?post=2378"}],"wp:featuredmedia":[{"embeddable":true,"href":"https:\/\/royalfen.com\/tr\/wp-json\/wp\/v2\/media\/2381"}],"wp:attachment":[{"href":"https:\/\/royalfen.com\/tr\/wp-json\/wp\/v2\/media?parent=2378"}],"wp:term":[{"taxonomy":"product_brand","embeddable":true,"href":"https:\/\/royalfen.com\/tr\/wp-json\/wp\/v2\/product_brand?post=2378"},{"taxonomy":"product_cat","embeddable":true,"href":"https:\/\/royalfen.com\/tr\/wp-json\/wp\/v2\/product_cat?post=2378"},{"taxonomy":"product_tag","embeddable":true,"href":"https:\/\/royalfen.com\/tr\/wp-json\/wp\/v2\/product_tag?post=2378"}],"curies":[{"name":"wp","href":"https:\/\/api.w.org\/{rel}","templated":true}]}}