{"id":2383,"date":"2025-07-07T09:33:10","date_gmt":"2025-07-07T06:33:10","guid":{"rendered":"https:\/\/royalfen.com\/?post_type=product&#038;p=2383"},"modified":"2025-07-07T09:33:11","modified_gmt":"2025-07-07T06:33:11","slug":"inbox","status":"publish","type":"product","link":"https:\/\/royalfen.com\/tr\/urun\/inbox\/","title":{"rendered":"INBOX"},"content":{"rendered":"<h4><span style=\"font-family: gotham;\">KULLANILACA\u011eI B\u0130TK\u0130 VE ZARARLI ORGAN\u0130ZMALAR:<\/span><\/h4>\n\n<table id=\"tablepress-99\" class=\"tablepress tablepress-id-99\">\n<thead>\n<tr class=\"row-1\">\n\t<th class=\"column-1\">Column1<\/th><th class=\"column-2\">Column2<\/th><th class=\"column-3\">Column3<\/th><th class=\"column-4\">Column4<\/th>\n<\/tr>\n<\/thead>\n<tbody class=\"row-striping row-hover\">\n<tr class=\"row-2\">\n\t<td class=\"column-1\">Bitki Ad\u0131<\/td><td class=\"column-2\">Zararl\u0131 Organizma Ad\u0131<\/td><td class=\"column-3\">Uygulama Dozu ve D\u00f6nemi<\/td><td class=\"column-4\">Son \u0130la\u00e7lama ile Hasat<br \/>\nAras\u0131ndaki S\u00fcre<\/td>\n<\/tr>\n<tr class=\"row-3\">\n\t<td class=\"column-1\">BU\u011eDAY<\/td><td class=\"column-2\">K\u00f6pek papatyas\u0131 = Papatya<em> (Anthemis spp)<\/em><br \/>\nKokarot<em> (Bifora radians)<\/em><br \/>\nSar\u0131ot <em>(Boreava orientalis)<\/em><br \/>\nPeygamber \u00e7i\u00e7e\u011fi = G\u00f6kba\u015f <em>(Centaurea depressa)<\/em><br \/>\nYap\u0131\u015fkan otu<em> (Galium tricorne, Galium aparine)<\/em><br \/>\nBall\u0131baba<em> (Lamium spp.)<\/em><br \/>\nGelincik<em> (Papaver rhoeas)<\/em><br \/>\nMeryem dikeni <em>(Silybum marianum)<\/em><br \/>\nYabani hardal <em>(Sinapis arvensis)<\/em><br \/>\nAslan di\u015fi=Karahindiba<em> (Taraxacum officinale)<\/em><\/td><td class=\"column-3\">200 ml\/da<br \/>\nBitkilerin 2-4 yaprak ile<br \/>\nkarde\u015flenme d\u00f6nemi<br \/>\naras\u0131nda,<br \/>\nYabanc\u0131 otlar 2-4 ger\u00e7ek<br \/>\nyaprakl\u0131 ya da 3-5 cm \u00e7ap<br \/>\nd\u00f6neminde<\/td><td class=\"column-4\">\u2026.<\/td>\n<\/tr>\n<\/tbody>\n<\/table>\n\n","protected":false},"excerpt":{"rendered":"<p><strong>Formulasyonu:<\/strong><br \/>\nEC (Em\u00fclsiyon Konsantre)<\/p>\n<p><strong>Aktif Madde:<\/strong><br \/>\n200 g\/l Bromoxynil octanoate + 200 g\/l MCPA Isoocylester<\/p>\n<p><a class=\"custom-button2\" href=\"https:\/\/royalfen.com\/wp-content\/uploads\/2025\/07\/inbox-herbisit-onayli-etiket.pdf\" target=\"_blank\" rel=\"noopener\"><strong>ONAYLI ET\u0130KET<\/strong><\/a><\/p>\n","protected":false},"featured_media":2387,"comment_status":"closed","ping_status":"closed","template":"","meta":[],"product_brand":[],"product_cat":[20,24,33,64],"product_tag":[],"class_list":{"0":"post-2383","1":"product","2":"type-product","3":"status-publish","4":"has-post-thumbnail","6":"product_cat-genel","7":"product_cat-herbisitler","8":"product_cat-turkiye","9":"product_cat-turkiye-herbisit","11":"first","12":"instock","13":"shipping-taxable","14":"product-type-simple"},"_links":{"self":[{"href":"https:\/\/royalfen.com\/tr\/wp-json\/wp\/v2\/product\/2383","targetHints":{"allow":["GET"]}}],"collection":[{"href":"https:\/\/royalfen.com\/tr\/wp-json\/wp\/v2\/product"}],"about":[{"href":"https:\/\/royalfen.com\/tr\/wp-json\/wp\/v2\/types\/product"}],"replies":[{"embeddable":true,"href":"https:\/\/royalfen.com\/tr\/wp-json\/wp\/v2\/comments?post=2383"}],"wp:featuredmedia":[{"embeddable":true,"href":"https:\/\/royalfen.com\/tr\/wp-json\/wp\/v2\/media\/2387"}],"wp:attachment":[{"href":"https:\/\/royalfen.com\/tr\/wp-json\/wp\/v2\/media?parent=2383"}],"wp:term":[{"taxonomy":"product_brand","embeddable":true,"href":"https:\/\/royalfen.com\/tr\/wp-json\/wp\/v2\/product_brand?post=2383"},{"taxonomy":"product_cat","embeddable":true,"href":"https:\/\/royalfen.com\/tr\/wp-json\/wp\/v2\/product_cat?post=2383"},{"taxonomy":"product_tag","embeddable":true,"href":"https:\/\/royalfen.com\/tr\/wp-json\/wp\/v2\/product_tag?post=2383"}],"curies":[{"name":"wp","href":"https:\/\/api.w.org\/{rel}","templated":true}]}}