{"id":2389,"date":"2025-07-14T11:31:17","date_gmt":"2025-07-14T08:31:17","guid":{"rendered":"https:\/\/royalfen.com\/?post_type=product&#038;p=2389"},"modified":"2025-07-14T11:31:17","modified_gmt":"2025-07-14T08:31:17","slug":"royaxma-22-sc","status":"publish","type":"product","link":"https:\/\/royalfen.com\/tr\/urun\/royaxma-22-sc\/","title":{"rendered":"ROYAXMA 22 SC"},"content":{"rendered":"<h4><span style=\"font-family: gotham;\">KULLANILACA\u011eI B\u0130TK\u0130 VE ZARARLI ORGAN\u0130ZMALAR:<\/span><\/h4>\n\n<table id=\"tablepress-101\" class=\"tablepress tablepress-id-101\">\n<thead>\n<tr class=\"row-1\">\n\t<th class=\"column-1\">Column1<\/th><th class=\"column-2\">Column2<\/th><th class=\"column-3\">Column3<\/th><th class=\"column-4\">Column4<\/th>\n<\/tr>\n<\/thead>\n<tbody class=\"row-striping row-hover\">\n<tr class=\"row-2\">\n\t<td class=\"column-1\">Bitki Ad\u0131<\/td><td class=\"column-2\">Zararl\u0131 Organizma Ad\u0131<\/td><td class=\"column-3\">Uygulama Dozu Ve<br \/>\nD\u00f6nemi<\/td><td class=\"column-4\">Son Uygulama \u0130le<br \/>\nHasat Aras\u0131ndaki S\u00fcre<\/td>\n<\/tr>\n<tr class=\"row-3\">\n\t<td class=\"column-1\">Ba\u011f*<\/td><td class=\"column-2\">Salk\u0131m g\u00fcvesi (Lobesia botrana)<\/td><td class=\"column-3\">30 ml\/100 l su<\/td><td class=\"column-4\">14 g\u00fcn<\/td>\n<\/tr>\n<tr class=\"row-4\">\n\t<td class=\"column-1\">Biber (sera)<\/td><td class=\"column-2\">Ye\u015filkurt (Helicoverpa armigera)<\/td><td class=\"column-3\">30 ml\/100 l su<\/td><td class=\"column-4\">1 G\u00fcn<\/td>\n<\/tr>\n<tr class=\"row-5\">\n\t<td class=\"column-1\">Domates (sera)<\/td><td class=\"column-2\">Domates g\u00fcvesi (Tuta absoluta)<\/td><td class=\"column-3\">30 ml\/100 l su<\/td><td class=\"column-4\">1 G\u00fcn<\/td>\n<\/tr>\n<tr class=\"row-6\">\n\t<td class=\"column-1\">H\u0131yar, Korni\u015fon (sera)<\/td><td class=\"column-2\">Pamuk yaprakkurdu (Spodoptera littoralis)<\/td><td class=\"column-3\">30 ml\/100 l su<\/td><td class=\"column-4\">1 G\u00fcn<\/td>\n<\/tr>\n<tr class=\"row-7\">\n\t<td class=\"column-1\">Pamuk<\/td><td class=\"column-2\">Ye\u015filkurt (Helicoverpa armigera)<\/td><td class=\"column-3\">30 ml\/100 l su<\/td><td class=\"column-4\">21 G\u00fcn<\/td>\n<\/tr>\n<\/tbody>\n<\/table>\n\n","protected":false},"excerpt":{"rendered":"<p><strong>Form\u00fclasyonu:<\/strong><br \/>\nSC (S\u00fcspansiyon Konsantre)<\/p>\n<p><strong>Aktif Madde:<\/strong><br \/>\n222 g\/l Flubendiamide<\/p>\n<p><a class=\"custom-button2\" href=\"https:\/\/royalfen.com\/wp-content\/uploads\/2025\/07\/ROYAXMA-ONAYLI-ETIKET.pdf\" target=\"_blank\" rel=\"noopener\"><strong>ONAYLI ET\u0130KET<\/strong><\/a><\/p>\n","protected":false},"featured_media":2393,"comment_status":"closed","ping_status":"closed","template":"","meta":[],"product_brand":[],"product_cat":[20,22,33,65],"product_tag":[],"class_list":{"0":"post-2389","1":"product","2":"type-product","3":"status-publish","4":"has-post-thumbnail","6":"product_cat-genel","7":"product_cat-insektisitler","8":"product_cat-turkiye","9":"product_cat-turkiye-insektisit","11":"first","12":"instock","13":"shipping-taxable","14":"product-type-simple"},"_links":{"self":[{"href":"https:\/\/royalfen.com\/tr\/wp-json\/wp\/v2\/product\/2389","targetHints":{"allow":["GET"]}}],"collection":[{"href":"https:\/\/royalfen.com\/tr\/wp-json\/wp\/v2\/product"}],"about":[{"href":"https:\/\/royalfen.com\/tr\/wp-json\/wp\/v2\/types\/product"}],"replies":[{"embeddable":true,"href":"https:\/\/royalfen.com\/tr\/wp-json\/wp\/v2\/comments?post=2389"}],"wp:featuredmedia":[{"embeddable":true,"href":"https:\/\/royalfen.com\/tr\/wp-json\/wp\/v2\/media\/2393"}],"wp:attachment":[{"href":"https:\/\/royalfen.com\/tr\/wp-json\/wp\/v2\/media?parent=2389"}],"wp:term":[{"taxonomy":"product_brand","embeddable":true,"href":"https:\/\/royalfen.com\/tr\/wp-json\/wp\/v2\/product_brand?post=2389"},{"taxonomy":"product_cat","embeddable":true,"href":"https:\/\/royalfen.com\/tr\/wp-json\/wp\/v2\/product_cat?post=2389"},{"taxonomy":"product_tag","embeddable":true,"href":"https:\/\/royalfen.com\/tr\/wp-json\/wp\/v2\/product_tag?post=2389"}],"curies":[{"name":"wp","href":"https:\/\/api.w.org\/{rel}","templated":true}]}}