{"id":2396,"date":"2025-07-17T09:13:42","date_gmt":"2025-07-17T06:13:42","guid":{"rendered":"https:\/\/royalfen.com\/?post_type=product&#038;p=2396"},"modified":"2025-07-17T09:16:56","modified_gmt":"2025-07-17T06:16:56","slug":"2396","status":"publish","type":"product","link":"https:\/\/royalfen.com\/tr\/urun\/2396\/","title":{"rendered":"ROYTA\u0130 150 ZEC"},"content":{"rendered":"<h4>KULLANILACA\u011eI B\u0130TK\u0130 VE ZARARLI ORGAN\u0130ZMALAR:<\/h4>\n\n<table id=\"tablepress-102\" class=\"tablepress tablepress-id-102\">\n<thead>\n<tr class=\"row-1\">\n\t<th class=\"column-1\">Bitki Ad\u0131<\/th><th class=\"column-2\">Zararl\u0131 Organizma Ad\u0131<\/th><th class=\"column-3\">Uygulama Dozu ve D\u00f6nemi<\/th><th class=\"column-4\">Son Uygulama ile Hasat Aras\u0131ndaki S\u00fcre<\/th>\n<\/tr>\n<\/thead>\n<tbody class=\"row-striping row-hover\">\n<tr class=\"row-2\">\n\t<td class=\"column-1\">Pamuk<\/td><td class=\"column-2\">Ye\u015filkurt<em> (Helicoverpa armigera)<\/em><\/td><td class=\"column-3\">30 ml \/ da (Larva)<\/td><td class=\"column-4\">14 g\u00fcn<\/td>\n<\/tr>\n<tr class=\"row-3\">\n\t<td class=\"column-1\">Yerf\u0131st\u0131\u011f\u0131<\/td><td class=\"column-2\">Ye\u015filkurt <em>(Helicoverpa armigera)<\/em><\/td><td class=\"column-3\">30 ml \/ da (Larva)<\/td><td class=\"column-4\">14 g\u00fcn<\/td>\n<\/tr>\n<tr class=\"row-4\">\n\t<td class=\"column-1\">Patates<\/td><td class=\"column-2\">Patates b\u00f6ce\u011fi<em> (Leptinotarsa decemlineata)<\/em><\/td><td class=\"column-3\">10 ml \/ da (Larva)<\/td><td class=\"column-4\">14 g\u00fcn<\/td>\n<\/tr>\n<tr class=\"row-5\">\n\t<td class=\"column-1\">M\u0131s\u0131r<\/td><td class=\"column-2\">M\u0131s\u0131r kurdu <em>(Ostrinia nubilalis)<\/em><br \/>\nM\u0131s\u0131r ko\u00e7ankurdu <em>(Sesamia spp.)<\/em><\/td><td class=\"column-3\"> 25 ml \/ da(Larva) \u0130lk yumurta tespit edildi\u011finde ila\u00e7lamaya ba\u015flan\u0131r.<br \/>\n15 g\u00fcn ara ile iki uygulama.<\/td><td class=\"column-4\">7 g\u00fcn<\/td>\n<\/tr>\n<tr class=\"row-6\">\n\t<td class=\"column-1\">Mercimek<\/td><td class=\"column-2\">Mercimek hortumlu b\u00f6ce\u011fi<em> (Sitona crinitus)<\/em><\/td><td class=\"column-3\">50 ml \/ da (Larva-ergin)<\/td><td class=\"column-4\">21 g\u00fcn<\/td>\n<\/tr>\n<tr class=\"row-7\">\n\t<td class=\"column-1\">Kiraz<\/td><td class=\"column-2\">Kiraz dipkurdu <em>(Capnodis tenebrionis)<\/em><\/td><td class=\"column-3\">50 ml\/100 L su<\/td><td class=\"column-4\">14 g\u00fcn<\/td>\n<\/tr>\n<tr class=\"row-8\">\n\t<td class=\"column-1\">Antepf\u0131st\u0131\u011f\u0131<\/td><td class=\"column-2\">Antepf\u0131st\u0131\u011f\u0131 dipkurdu<em> (Capnodis cariosa)<\/em><\/td><td class=\"column-3\">50 ml\/100 L su<\/td><td class=\"column-4\">7 g\u00fcn<\/td>\n<\/tr>\n<\/tbody>\n<\/table>\n\n","protected":false},"excerpt":{"rendered":"<p><strong>Form\u00fclasyonu:<\/strong><\/p>\n<p>ZC (Mikrokaps\u00fcl S\u00fcspansiyon Konsantre)<\/p>\n<p><strong>Aktif Madde:<\/strong><\/p>\n<p>100 g\/l Chlorantraniliprole + 50 g \/ l Lambda-cyhalothrin<\/p>\n<p><a class=\"custom-button2\" href=\"https:\/\/royalfen.com\/wp-content\/uploads\/2025\/07\/roytai-onayli-etiket.pdf\" target=\"_blank\" rel=\"noopener\"><strong>ONAYLI ET\u0130KET<\/strong><\/a><\/p>\n","protected":false},"featured_media":2397,"comment_status":"closed","ping_status":"closed","template":"","meta":[],"product_brand":[],"product_cat":[20,22,33,65],"product_tag":[],"class_list":{"0":"post-2396","1":"product","2":"type-product","3":"status-publish","4":"has-post-thumbnail","6":"product_cat-genel","7":"product_cat-insektisitler","8":"product_cat-turkiye","9":"product_cat-turkiye-insektisit","11":"first","12":"instock","13":"shipping-taxable","14":"product-type-simple"},"_links":{"self":[{"href":"https:\/\/royalfen.com\/tr\/wp-json\/wp\/v2\/product\/2396","targetHints":{"allow":["GET"]}}],"collection":[{"href":"https:\/\/royalfen.com\/tr\/wp-json\/wp\/v2\/product"}],"about":[{"href":"https:\/\/royalfen.com\/tr\/wp-json\/wp\/v2\/types\/product"}],"replies":[{"embeddable":true,"href":"https:\/\/royalfen.com\/tr\/wp-json\/wp\/v2\/comments?post=2396"}],"wp:featuredmedia":[{"embeddable":true,"href":"https:\/\/royalfen.com\/tr\/wp-json\/wp\/v2\/media\/2397"}],"wp:attachment":[{"href":"https:\/\/royalfen.com\/tr\/wp-json\/wp\/v2\/media?parent=2396"}],"wp:term":[{"taxonomy":"product_brand","embeddable":true,"href":"https:\/\/royalfen.com\/tr\/wp-json\/wp\/v2\/product_brand?post=2396"},{"taxonomy":"product_cat","embeddable":true,"href":"https:\/\/royalfen.com\/tr\/wp-json\/wp\/v2\/product_cat?post=2396"},{"taxonomy":"product_tag","embeddable":true,"href":"https:\/\/royalfen.com\/tr\/wp-json\/wp\/v2\/product_tag?post=2396"}],"curies":[{"name":"wp","href":"https:\/\/api.w.org\/{rel}","templated":true}]}}