{"id":2402,"date":"2025-07-23T09:17:15","date_gmt":"2025-07-23T06:17:15","guid":{"rendered":"https:\/\/royalfen.com\/?post_type=product&#038;p=2402"},"modified":"2025-07-23T09:17:15","modified_gmt":"2025-07-23T06:17:15","slug":"roybest-63-sc","status":"publish","type":"product","link":"https:\/\/royalfen.com\/tr\/urun\/roybest-63-sc\/","title":{"rendered":"ROYBEST 63 SC"},"content":{"rendered":"<h4>KULLANILACA\u011eI B\u0130TK\u0130 VE ZARARLI ORGAN\u0130ZMALAR:<\/h4>\n\n<table id=\"tablepress-103\" class=\"tablepress tablepress-id-103 tbody-has-connected-cells\">\n<thead>\n<tr class=\"row-1\">\n\t<th class=\"column-1\">Bitki Ad\u0131<\/th><th class=\"column-2\">Zararl\u0131 Organizma Ad\u0131<\/th><th class=\"column-3\">Uygulama Dozu Ve<br \/>\nD\u00f6nemi<\/th><th class=\"column-4\">Son Uygulama<br \/>\n\u0130le Hasat<br \/>\nAras\u0131ndaki S\u00fcre<\/th>\n<\/tr>\n<\/thead>\n<tbody class=\"row-striping row-hover\">\n<tr class=\"row-2\">\n\t<td class=\"column-1\">Biber (sera)<\/td><td class=\"column-2\">Pamuk yaprakkurdu <em>(Spodoptera littoralis)<\/em><\/td><td class=\"column-3\">80 ml \/ 100 l su<\/td><td class=\"column-4\">10 g\u00fcn<\/td>\n<\/tr>\n<tr class=\"row-3\">\n\t<td rowspan=\"3\" class=\"column-1\">Domates (sera)<\/td><td class=\"column-2\">Ye\u015filkurt <em>(Helicoverpa armigera)<\/em><\/td><td class=\"column-3\">90 ml \/ 100 l su Larva,<\/td><td class=\"column-4\">10 g\u00fcn<\/td>\n<\/tr>\n<tr class=\"row-4\">\n\t<td class=\"column-2\">Yaprak galerisine\u011fi <em>(Liriomyza trifolii)<\/em><\/td><td class=\"column-3\">80 ml\/ 100 l su<\/td><td class=\"column-4\">10 g\u00fcn<\/td>\n<\/tr>\n<tr class=\"row-5\">\n\t<td class=\"column-2\">Domates g\u00fcvesi<em> (Tuta absoluta)<\/em><\/td><td class=\"column-3\">80 ml\/ 100 l su<\/td><td class=\"column-4\">10 g\u00fcn<\/td>\n<\/tr>\n<tr class=\"row-6\">\n\t<td rowspan=\"2\" class=\"column-1\">Domates (tarla)<\/td><td class=\"column-2\">Ye\u015filkurt <em>(Helicoverpa armigera)<\/em><\/td><td class=\"column-3\">90 ml da Larva,<\/td><td class=\"column-4\">10 g\u00fcn<\/td>\n<\/tr>\n<tr class=\"row-7\">\n\t<td class=\"column-2\">Domates g\u00fcvesi <em>(Tuta absoluta)<\/em><\/td><td class=\"column-3\">80 ml da Larva,<\/td><td class=\"column-4\">10 g\u00fcn<\/td>\n<\/tr>\n<tr class=\"row-8\">\n\t<td class=\"column-1\">H\u0131yar (sera)<\/td><td class=\"column-2\">Pamuk yaprakkurdu <em>(Spodoptera littoralis)<\/em><\/td><td class=\"column-3\">80 ml \/ 100 l su<\/td><td class=\"column-4\">10 g\u00fcn<\/td>\n<\/tr>\n<tr class=\"row-9\">\n\t<td class=\"column-1\">Korni\u015fon (sera)<\/td><td class=\"column-2\">Pamuk yaprakkurdu<em> (Spodoptera littoralis)<\/em><\/td><td class=\"column-3\">80 ml\/100 L su (larva)<\/td><td class=\"column-4\">10 g\u00fcn<\/td>\n<\/tr>\n<\/tbody>\n<\/table>\n\n","protected":false},"excerpt":{"rendered":"<p><strong>Fotm\u00fclasyonu:<\/strong><\/p>\n<p>SC (S\u00fcspansiyon Konsantre)<\/p>\n<p><strong>Aktif Madde:<\/strong><\/p>\n<p>45 g\/l Chlorantraniliprole + 18 g\/l Abamectin<\/p>\n<p><a class=\"custom-button2\" href=\"https:\/\/royalfen.com\/wp-content\/uploads\/2025\/07\/ROYBEST-63-SC-SON-ONAYLI-ETIKET.pdf\" target=\"_blank\" rel=\"noopener\"><strong>ONAYLI ET\u0130KET<\/strong><\/a><\/p>\n","protected":false},"featured_media":2406,"comment_status":"closed","ping_status":"closed","template":"","meta":[],"product_brand":[],"product_cat":[20,22,33,65],"product_tag":[],"class_list":{"0":"post-2402","1":"product","2":"type-product","3":"status-publish","4":"has-post-thumbnail","6":"product_cat-genel","7":"product_cat-insektisitler","8":"product_cat-turkiye","9":"product_cat-turkiye-insektisit","11":"first","12":"instock","13":"shipping-taxable","14":"product-type-simple"},"_links":{"self":[{"href":"https:\/\/royalfen.com\/tr\/wp-json\/wp\/v2\/product\/2402","targetHints":{"allow":["GET"]}}],"collection":[{"href":"https:\/\/royalfen.com\/tr\/wp-json\/wp\/v2\/product"}],"about":[{"href":"https:\/\/royalfen.com\/tr\/wp-json\/wp\/v2\/types\/product"}],"replies":[{"embeddable":true,"href":"https:\/\/royalfen.com\/tr\/wp-json\/wp\/v2\/comments?post=2402"}],"wp:featuredmedia":[{"embeddable":true,"href":"https:\/\/royalfen.com\/tr\/wp-json\/wp\/v2\/media\/2406"}],"wp:attachment":[{"href":"https:\/\/royalfen.com\/tr\/wp-json\/wp\/v2\/media?parent=2402"}],"wp:term":[{"taxonomy":"product_brand","embeddable":true,"href":"https:\/\/royalfen.com\/tr\/wp-json\/wp\/v2\/product_brand?post=2402"},{"taxonomy":"product_cat","embeddable":true,"href":"https:\/\/royalfen.com\/tr\/wp-json\/wp\/v2\/product_cat?post=2402"},{"taxonomy":"product_tag","embeddable":true,"href":"https:\/\/royalfen.com\/tr\/wp-json\/wp\/v2\/product_tag?post=2402"}],"curies":[{"name":"wp","href":"https:\/\/api.w.org\/{rel}","templated":true}]}}