{"id":2412,"date":"2025-07-23T09:29:24","date_gmt":"2025-07-23T06:29:24","guid":{"rendered":"https:\/\/royalfen.com\/?post_type=product&#038;p=2412"},"modified":"2025-07-23T09:29:24","modified_gmt":"2025-07-23T06:29:24","slug":"roytar-200-sc","status":"publish","type":"product","link":"https:\/\/royalfen.com\/tr\/urun\/roytar-200-sc\/","title":{"rendered":"ROYTAR 200 SC"},"content":{"rendered":"<h4>KULLANILACA\u011eI B\u0130TK\u0130 VE ZARARLI ORGAN\u0130ZMALAR:<\/h4>\n\n<table id=\"tablepress-105\" class=\"tablepress tablepress-id-105 tbody-has-connected-cells\">\n<thead>\n<tr class=\"row-1\">\n\t<th class=\"column-1\">Bitki Ad\u0131<\/th><th class=\"column-2\">Yabanc\u0131 Ot Ad\u0131<\/th><th class=\"column-3\">Uygulama Dozu<\/th><th class=\"column-4\">Son Uygulama ve<br \/>\nHasat Aras\u0131ndaki S\u00fcre<\/th>\n<\/tr>\n<\/thead>\n<tbody class=\"row-striping row-hover\">\n<tr class=\"row-2\">\n\t<td class=\"column-1\">B\u0130BER (Sera)<\/td><td class=\"column-2\">T\u00fct\u00fcn beyazsine\u011fi <em>(Bemisia tabaci)<\/em><\/td><td class=\"column-3\">50 ml\/da (damla sulama ile)<\/td><td class=\"column-4\">3 g\u00fcn<\/td>\n<\/tr>\n<tr class=\"row-3\">\n\t<td class=\"column-1\">B\u0130BER (tarla, sera)<\/td><td class=\"column-2\">Ye\u015filkurt <em>(Helicoverpa armigera)<\/em><\/td><td class=\"column-3\">35 ml\/da (damla sulama ile)<\/td><td class=\"column-4\">3 g\u00fcn<\/td>\n<\/tr>\n<tr class=\"row-4\">\n\t<td rowspan=\"3\" class=\"column-1\">DOMATES (Sera)<\/td><td class=\"column-2\">Domates g\u00fcvesi<em> (Tuta absoluta)<\/em><\/td><td class=\"column-3\">35 ml\/da (damla sulama ile)<\/td><td class=\"column-4\">3 g\u00fcn<\/td>\n<\/tr>\n<tr class=\"row-5\">\n\t<td class=\"column-2\">Pamuk yaprakkurdu<em> (Spodoptera littoralis)<\/em><\/td><td class=\"column-3\">35 ml\/da (damla sulama ile)<\/td><td class=\"column-4\">3 g\u00fcn<\/td>\n<\/tr>\n<tr class=\"row-6\">\n\t<td class=\"column-2\">T\u00fct\u00fcn beyazsine\u011fi <em>(Bemisia tabaci)<\/em><\/td><td class=\"column-3\">50 ml\/da (damla sulama ile)<\/td><td class=\"column-4\">3 g\u00fcn<\/td>\n<\/tr>\n<tr class=\"row-7\">\n\t<td class=\"column-1\">DOMATES (tarla, sera)<\/td><td class=\"column-2\">Ye\u015filkurt <em>(Helicoverpa armigera)<\/em><\/td><td class=\"column-3\">35 ml\/da (damla sulama ile)<\/td><td class=\"column-4\">3 g\u00fcn<\/td>\n<\/tr>\n<tr class=\"row-8\">\n\t<td rowspan=\"2\" class=\"column-1\">HIYAR \u2013 KORN\u0130\u015eON (Sera)<\/td><td class=\"column-2\">T\u00fct\u00fcn beyazsine\u011fi <em>(Bemisia tabaci)<\/em><\/td><td rowspan=\"2\" class=\"column-3\">50 ml\/da (damla sulama ile)<\/td><td rowspan=\"2\" class=\"column-4\">1 g\u00fcn<\/td>\n<\/tr>\n<tr class=\"row-9\">\n\t<td class=\"column-2\">Yaprak galeri sinekleri<em> (Liriomyza trifolii,<br \/>\nLiriomyza bryoniae, Liriomyza huidobrensis)<\/em><\/td>\n<\/tr>\n<\/tbody>\n<\/table>\n\n","protected":false},"excerpt":{"rendered":"<p><strong>Fotm\u00fclasyonu:<\/strong><\/p>\n<p>SC (S\u00fcspansiyon Konsantre)<\/p>\n<p><strong>Aktif Madde:<\/strong><\/p>\n<p>200 g\/l Cyantraniliprole<\/p>\n<p><a class=\"custom-button2\" href=\"https:\/\/royalfen.com\/wp-content\/uploads\/2025\/07\/ROYTAR-200-SC-SON-ONAYLI-ETIKET.pdf\" target=\"_blank\" rel=\"noopener\"><strong>ONAYLI ET\u0130KET<\/strong><\/a><\/p>\n","protected":false},"featured_media":2416,"comment_status":"closed","ping_status":"closed","template":"","meta":[],"product_brand":[],"product_cat":[20,22,33,65],"product_tag":[],"class_list":{"0":"post-2412","1":"product","2":"type-product","3":"status-publish","4":"has-post-thumbnail","6":"product_cat-genel","7":"product_cat-insektisitler","8":"product_cat-turkiye","9":"product_cat-turkiye-insektisit","11":"first","12":"instock","13":"shipping-taxable","14":"product-type-simple"},"_links":{"self":[{"href":"https:\/\/royalfen.com\/tr\/wp-json\/wp\/v2\/product\/2412","targetHints":{"allow":["GET"]}}],"collection":[{"href":"https:\/\/royalfen.com\/tr\/wp-json\/wp\/v2\/product"}],"about":[{"href":"https:\/\/royalfen.com\/tr\/wp-json\/wp\/v2\/types\/product"}],"replies":[{"embeddable":true,"href":"https:\/\/royalfen.com\/tr\/wp-json\/wp\/v2\/comments?post=2412"}],"wp:featuredmedia":[{"embeddable":true,"href":"https:\/\/royalfen.com\/tr\/wp-json\/wp\/v2\/media\/2416"}],"wp:attachment":[{"href":"https:\/\/royalfen.com\/tr\/wp-json\/wp\/v2\/media?parent=2412"}],"wp:term":[{"taxonomy":"product_brand","embeddable":true,"href":"https:\/\/royalfen.com\/tr\/wp-json\/wp\/v2\/product_brand?post=2412"},{"taxonomy":"product_cat","embeddable":true,"href":"https:\/\/royalfen.com\/tr\/wp-json\/wp\/v2\/product_cat?post=2412"},{"taxonomy":"product_tag","embeddable":true,"href":"https:\/\/royalfen.com\/tr\/wp-json\/wp\/v2\/product_tag?post=2412"}],"curies":[{"name":"wp","href":"https:\/\/api.w.org\/{rel}","templated":true}]}}