{"id":2432,"date":"2025-08-14T13:46:57","date_gmt":"2025-08-14T10:46:57","guid":{"rendered":"https:\/\/royalfen.com\/?post_type=product&#038;p=2432"},"modified":"2025-08-14T13:46:58","modified_gmt":"2025-08-14T10:46:58","slug":"roykum-20-wp","status":"publish","type":"product","link":"https:\/\/royalfen.com\/tr\/urun\/roykum-20-wp\/","title":{"rendered":"ROYKUM 20 WP"},"content":{"rendered":"<h4>KULLANILACA\u011eI B\u0130TK\u0130 VE ZARARLI ORGAN\u0130ZMALAR:<\/h4>\n\n<table id=\"tablepress-109\" class=\"tablepress tablepress-id-109 tbody-has-connected-cells\">\n<thead>\n<tr class=\"row-1\">\n\t<th class=\"column-1\">Bitki Ad\u0131<br \/>\n<\/th><th class=\"column-2\">Zararl\u0131 Ad\u0131<br \/>\n<\/th><th class=\"column-3\">Dozu ve Uygulama<br \/>\nD\u00f6nemi<\/th><th class=\"column-4\">Son \u0130la\u00e7lama ile<br \/>\nHasat Aras\u0131ndaki S\u00fcre<\/th>\n<\/tr>\n<\/thead>\n<tbody class=\"row-striping row-hover\">\n<tr class=\"row-2\">\n\t<td rowspan=\"2\" class=\"column-1\">Elma<\/td><td class=\"column-2\">\u0130ki Noktal\u0131 K\u0131rm\u0131z\u0131\u00f6r\u00fcmcek<em>(Tetranychus urticae)<\/em><\/td><td class=\"column-3\">75 g\/100 l su<br \/>\n(Larva, Nimf, Ergin)<\/td><td rowspan=\"2\" class=\"column-4\">21 g\u00fcn<\/td>\n<\/tr>\n<tr class=\"row-3\">\n\t<td class=\"column-2\">Avrupa K\u0131rm\u0131z\u0131\u00f6r\u00fcmce\u011fi <em>(Panonychus ulmi)<\/em><\/td><td class=\"column-3\">50 g\/100 l su<br \/>\n(Larva, Nimf, Ergin)<\/td>\n<\/tr>\n<tr class=\"row-4\">\n\t<td rowspan=\"2\" class=\"column-1\">Domates<br \/>\n(Sera)<\/td><td class=\"column-2\">T\u00fct\u00fcn beyazsine\u011fi <em>(Bemisia tabaci)<\/em><\/td><td class=\"column-3\">100 g\/100 l su<br \/>\n(Larva, Ergin)<\/td><td rowspan=\"2\" class=\"column-4\">3 g\u00fcn<\/td>\n<\/tr>\n<tr class=\"row-5\">\n\t<td class=\"column-2\">Domates pasakar\u0131 <em>(Aculops lycopersici)<\/em><\/td><td class=\"column-3\">75 g\/100 l su<br \/>\n(Larva, Ergin)<\/td>\n<\/tr>\n<\/tbody>\n<\/table>\n<!-- #tablepress-109 from cache -->\n<p>&nbsp;<\/p>\n","protected":false},"excerpt":{"rendered":"<p><strong>Fotm\u00fclasyonu:<\/strong><\/p>\n<p>WP (Islanabilir Toz)<\/p>\n<p><strong>Aktif Madde:<\/strong><\/p>\n<p>%20 Pyridaben<\/p>\n<p><a class=\"custom-button2\" href=\"https:\/\/royalfen.com\/wp-content\/uploads\/2025\/08\/ROYKUM-20-WP-ETIKET.pdf\" target=\"_blank\" rel=\"noopener\"><strong>ONAYLI ET\u0130KET<\/strong><\/a><\/p>\n","protected":false},"featured_media":2435,"comment_status":"closed","ping_status":"closed","template":"","meta":[],"product_brand":[],"product_cat":[21,20,33,62],"product_tag":[],"class_list":{"0":"post-2432","1":"product","2":"type-product","3":"status-publish","4":"has-post-thumbnail","6":"product_cat-akarisitlermollusitler","7":"product_cat-genel","8":"product_cat-turkiye","9":"product_cat-turkiye-akarisit","11":"first","12":"instock","13":"shipping-taxable","14":"product-type-simple"},"_links":{"self":[{"href":"https:\/\/royalfen.com\/tr\/wp-json\/wp\/v2\/product\/2432","targetHints":{"allow":["GET"]}}],"collection":[{"href":"https:\/\/royalfen.com\/tr\/wp-json\/wp\/v2\/product"}],"about":[{"href":"https:\/\/royalfen.com\/tr\/wp-json\/wp\/v2\/types\/product"}],"replies":[{"embeddable":true,"href":"https:\/\/royalfen.com\/tr\/wp-json\/wp\/v2\/comments?post=2432"}],"wp:featuredmedia":[{"embeddable":true,"href":"https:\/\/royalfen.com\/tr\/wp-json\/wp\/v2\/media\/2435"}],"wp:attachment":[{"href":"https:\/\/royalfen.com\/tr\/wp-json\/wp\/v2\/media?parent=2432"}],"wp:term":[{"taxonomy":"product_brand","embeddable":true,"href":"https:\/\/royalfen.com\/tr\/wp-json\/wp\/v2\/product_brand?post=2432"},{"taxonomy":"product_cat","embeddable":true,"href":"https:\/\/royalfen.com\/tr\/wp-json\/wp\/v2\/product_cat?post=2432"},{"taxonomy":"product_tag","embeddable":true,"href":"https:\/\/royalfen.com\/tr\/wp-json\/wp\/v2\/product_tag?post=2432"}],"curies":[{"name":"wp","href":"https:\/\/api.w.org\/{rel}","templated":true}]}}