{"id":2439,"date":"2025-08-15T15:15:20","date_gmt":"2025-08-15T12:15:20","guid":{"rendered":"https:\/\/royalfen.com\/?post_type=product&#038;p=2439"},"modified":"2025-08-15T15:15:21","modified_gmt":"2025-08-15T12:15:21","slug":"roycub-sc","status":"publish","type":"product","link":"https:\/\/royalfen.com\/tr\/urun\/roycub-sc\/","title":{"rendered":"ROYCUB SC"},"content":{"rendered":"<h4><span style=\"font-family: gotham;\">KULLANILACA\u011eI B\u0130TK\u0130 VE ZARARLI ORGAN\u0130ZMALAR:<\/span><\/h4>\n\n<table id=\"tablepress-110\" class=\"tablepress tablepress-id-110 tbody-has-connected-cells\">\n<thead>\n<tr class=\"row-1\">\n\t<th class=\"column-1\">Bitki Ad\u0131<\/th><th class=\"column-2\">Zararl\u0131 Organizma Ad\u0131<\/th><th class=\"column-3\">Uygulama Dozu<\/th><th class=\"column-4\">Son uygulama<br \/>\nile hasat<br \/>\naras\u0131ndaki s\u00fcre<\/th>\n<\/tr>\n<\/thead>\n<tbody class=\"row-striping row-hover\">\n<tr class=\"row-2\">\n\t<td class=\"column-1\">Biber (sera)<\/td><td class=\"column-2\">Kur\u015funi k\u00fcf <em>(Botrytis cinerea)<\/em><\/td><td class=\"column-3\">75 ml \/ 100 l su<\/td><td class=\"column-4\">3 g\u00fcn<\/td>\n<\/tr>\n<tr class=\"row-3\">\n\t<td rowspan=\"2\" class=\"column-1\">\u00c7ilek<\/td><td class=\"column-2\">\u00c7ilek k\u00fcllemesi <em>(Sphaerotheca macularis f.sp. fragariae)<\/em><\/td><td rowspan=\"2\" class=\"column-3\">100 ml\/da<\/td><td rowspan=\"2\" class=\"column-4\">3 g\u00fcn<\/td>\n<\/tr>\n<tr class=\"row-4\">\n\t<td class=\"column-2\">Kur\u015funi k\u00fcf<em> (Botrytis cinerea)<\/em><\/td>\n<\/tr>\n<tr class=\"row-5\">\n\t<td class=\"column-1\">Domates (sera)<\/td><td class=\"column-2\">Kur\u015funi k\u00fcf <em>(Botrytis cinerea)<\/em><\/td><td class=\"column-3\">75 ml \/ 100 l su<\/td><td class=\"column-4\">3 g\u00fcn<\/td>\n<\/tr>\n<tr class=\"row-6\">\n\t<td class=\"column-1\">Elma<\/td><td class=\"column-2\">Elma karalekesi <em>(Venturia inaequalis)<\/em><\/td><td class=\"column-3\">60 ml\/100 L su<\/td><td class=\"column-4\">14 g\u00fcn<\/td>\n<\/tr>\n<tr class=\"row-7\">\n\t<td class=\"column-1\">H\u0131yar (sera)<\/td><td class=\"column-2\">Sebzelerde beyaz \u00e7\u00fcr\u00fckl\u00fck <em>(Sclerotinia sclerotiorum)<\/em><\/td><td class=\"column-3\">75 ml\/100 L su<\/td><td class=\"column-4\">3 g\u00fcn<\/td>\n<\/tr>\n<tr class=\"row-8\">\n\t<td class=\"column-1\">Korni\u015fon (sera)<\/td><td class=\"column-2\">Kur\u015funi k\u00fcf <em>(Botrytis cinerea)<\/em><\/td><td class=\"column-3\">75 ml\/100 L su<\/td><td class=\"column-4\">3 g\u00fcn<\/td>\n<\/tr>\n<tr class=\"row-9\">\n\t<td class=\"column-1\">Marul (tarla)<\/td><td class=\"column-2\">Sebzelerde beyaz \u00e7\u00fcr\u00fckl\u00fck<em> (Sclerotinia sclerotiorum)<\/em><\/td><td class=\"column-3\">100 ml\/da<\/td><td class=\"column-4\">3 g\u00fcn<\/td>\n<\/tr>\n<tr class=\"row-10\">\n\t<td class=\"column-1\">Patl\u0131can (sera)<\/td><td class=\"column-2\">Kur\u015funi k\u00fcf <em>(Botrytis cinerea)<\/em><\/td><td class=\"column-3\">75 ml\/100 L su<\/td><td class=\"column-4\">3 g\u00fcn<\/td>\n<\/tr>\n<tr class=\"row-11\">\n\t<td class=\"column-1\">So\u011fan-Sar\u0131msak<\/td><td class=\"column-2\">So\u011fan pas\u0131 <em>(Puccinia porri)<\/em><\/td><td class=\"column-3\">100 ml\/da<\/td><td class=\"column-4\">7 g\u00fcn<\/td>\n<\/tr>\n<\/tbody>\n<\/table>\n\n","protected":false},"excerpt":{"rendered":"<p><strong>Formulasyonu:<\/strong><br \/>\nSC (S\u00fcspansiyon Konsantre)<\/p>\n<p><strong>Aktif Madde:<\/strong><br \/>\n375 g\/l Pyrimethanil +125 g\/l Fluopyram<\/p>\n<p><a class=\"custom-button2\" href=\"https:\/\/royalfen.com\/wp-content\/uploads\/2025\/08\/ROYCUB-SC-SON-ONAYLI-ETIKET.pdf\" target=\"_blank\" rel=\"noopener\"><strong>ONAYLI ET\u0130KET<\/strong><\/a><\/p>\n","protected":false},"featured_media":2442,"comment_status":"closed","ping_status":"closed","template":"","meta":[],"product_brand":[],"product_cat":[23,20,33,63],"product_tag":[],"class_list":{"0":"post-2439","1":"product","2":"type-product","3":"status-publish","4":"has-post-thumbnail","6":"product_cat-fungusitler","7":"product_cat-genel","8":"product_cat-turkiye","9":"product_cat-turkiye-fungisit","11":"first","12":"instock","13":"shipping-taxable","14":"product-type-simple"},"_links":{"self":[{"href":"https:\/\/royalfen.com\/tr\/wp-json\/wp\/v2\/product\/2439","targetHints":{"allow":["GET"]}}],"collection":[{"href":"https:\/\/royalfen.com\/tr\/wp-json\/wp\/v2\/product"}],"about":[{"href":"https:\/\/royalfen.com\/tr\/wp-json\/wp\/v2\/types\/product"}],"replies":[{"embeddable":true,"href":"https:\/\/royalfen.com\/tr\/wp-json\/wp\/v2\/comments?post=2439"}],"wp:featuredmedia":[{"embeddable":true,"href":"https:\/\/royalfen.com\/tr\/wp-json\/wp\/v2\/media\/2442"}],"wp:attachment":[{"href":"https:\/\/royalfen.com\/tr\/wp-json\/wp\/v2\/media?parent=2439"}],"wp:term":[{"taxonomy":"product_brand","embeddable":true,"href":"https:\/\/royalfen.com\/tr\/wp-json\/wp\/v2\/product_brand?post=2439"},{"taxonomy":"product_cat","embeddable":true,"href":"https:\/\/royalfen.com\/tr\/wp-json\/wp\/v2\/product_cat?post=2439"},{"taxonomy":"product_tag","embeddable":true,"href":"https:\/\/royalfen.com\/tr\/wp-json\/wp\/v2\/product_tag?post=2439"}],"curies":[{"name":"wp","href":"https:\/\/api.w.org\/{rel}","templated":true}]}}