{"id":2444,"date":"2025-08-15T16:09:09","date_gmt":"2025-08-15T13:09:09","guid":{"rendered":"https:\/\/royalfen.com\/?post_type=product&#038;p=2444"},"modified":"2025-08-15T16:09:09","modified_gmt":"2025-08-15T13:09:09","slug":"royplan","status":"publish","type":"product","link":"https:\/\/royalfen.com\/tr\/urun\/royplan\/","title":{"rendered":"ROYPLAN"},"content":{"rendered":"<h4><span style=\"font-family: gotham;\">KULLANILACA\u011eI B\u0130TK\u0130 VE ZARARLI ORGAN\u0130ZMALAR:<\/span><\/h4>\n\n<table id=\"tablepress-111\" class=\"tablepress tablepress-id-111 tbody-has-connected-cells\">\n<thead>\n<tr class=\"row-1\">\n\t<th class=\"column-1\">Bitki Ad\u0131<\/th><th class=\"column-2\">Zararl\u0131 Organizma Ad\u0131<\/th><th class=\"column-3\">Uygulama Dozu ve D\u00f6nemi<\/th>\n<\/tr>\n<\/thead>\n<tbody class=\"row-striping row-hover\">\n<tr class=\"row-2\">\n\t<td rowspan=\"4\" class=\"column-1\">M\u0131s\u0131r<\/td><td class=\"column-2\">K\u0131rm\u0131z\u0131 k\u00f6kl\u00fc tilkikuyru\u011fu <em>(Amaranthus retroflexus)<\/em><br \/>\nSirken (<em>Chenopodium album<\/em>)<br \/>\nSemizotu (<em>Portulaca oleracea<\/em>)<br \/>\nYap\u0131\u015fkan ot (<em>Setaria verticillata<\/em>)<br \/>\nK\u00f6pek \u00fcz\u00fcm\u00fc (<em>Solanum nigrum<\/em>)<\/td><td class=\"column-3\">30 ml\/da M\u0131s\u0131rda \u00e7\u0131k\u0131\u015f sonras\u0131 (2-3 yaprak),<br \/>\nyabanc\u0131 otlarda \u00e7\u0131k\u0131\u015f sonras\u0131 (post-emergence)<\/td>\n<\/tr>\n<tr class=\"row-3\">\n\t<td class=\"column-2\">Benekli dar\u0131can (<em>Echinocloa colonum<\/em>)<br \/>\nDar\u0131can (<em>Echinochloa crus-galli<\/em>)<\/td><td class=\"column-3\">35 ml\/da M\u0131s\u0131rda \u00e7\u0131k\u0131\u015f sonras\u0131 (2-3 yaprak),<br \/>\nyabanc\u0131 otlarda \u00e7\u0131k\u0131\u015f sonras\u0131 (post-emergence)<\/td>\n<\/tr>\n<tr class=\"row-4\">\n\t<td class=\"column-2\">\u0130mam pamu\u011fu (<em>Abutilon theophrastii<\/em>)<br \/>\nK\u0131rm\u0131z\u0131 k\u00f6kl\u00fc tilkikuyru\u011fu (<em>Amaranthus retroflexus<\/em>)<br \/>\nSirken (<em>Chenopodium album<\/em>)<br \/>\n\u015eeytan elmas\u0131 (<em>Datura stramonium<\/em>)<br \/>\nYap\u0131\u015fkan ot (<em>Setaria verticillata<\/em>)<br \/>\nK\u00f6pek \u00fcz\u00fcm\u00fc (<em>Solanum nigrum<\/em>)<\/td><td class=\"column-3\">30 ml\/da M\u0131s\u0131r ve yabanc\u0131 otlar\u0131n \u00e7\u0131k\u0131\u015f-\u00f6ncesi<br \/>\nd\u00f6neminde (pre-emergence)<\/td>\n<\/tr>\n<tr class=\"row-5\">\n\t<td class=\"column-2\">Dar\u0131can (<em>Echinochloa crus-galli<\/em>)<\/td><td class=\"column-3\">35 ml\/da M\u0131s\u0131r ve yabanc\u0131 otlar\u0131n \u00e7\u0131k\u0131\u015f-\u00f6ncesi<br \/>\nd\u00f6neminde (pre-emergence)<\/td>\n<\/tr>\n<\/tbody>\n<\/table>\n<!-- #tablepress-111 from cache -->\n","protected":false},"excerpt":{"rendered":"<p><strong>Formulasyonu:<\/strong><br \/>\nSC (S\u00fcspansiyon Konsantre)<\/p>\n<p><strong>Aktif Madde:<\/strong><br \/>\n225 g\/l Isoxaflutole + 90 g\/l Thiencarbazone-methyl + 150 g\/l Cyprosulfamide (safener)<\/p>\n<p><a class=\"custom-button2\" href=\"https:\/\/royalfen.com\/wp-content\/uploads\/2025\/08\/ROYPLAN-ETIKET.pdf\" target=\"_blank\" rel=\"noopener\"><strong>ONAYLI ET\u0130KET<\/strong><\/a><\/p>\n","protected":false},"featured_media":2448,"comment_status":"closed","ping_status":"closed","template":"","meta":[],"product_brand":[],"product_cat":[20,24,33,64],"product_tag":[],"class_list":{"0":"post-2444","1":"product","2":"type-product","3":"status-publish","4":"has-post-thumbnail","6":"product_cat-genel","7":"product_cat-herbisitler","8":"product_cat-turkiye","9":"product_cat-turkiye-herbisit","11":"first","12":"instock","13":"shipping-taxable","14":"product-type-simple"},"_links":{"self":[{"href":"https:\/\/royalfen.com\/tr\/wp-json\/wp\/v2\/product\/2444","targetHints":{"allow":["GET"]}}],"collection":[{"href":"https:\/\/royalfen.com\/tr\/wp-json\/wp\/v2\/product"}],"about":[{"href":"https:\/\/royalfen.com\/tr\/wp-json\/wp\/v2\/types\/product"}],"replies":[{"embeddable":true,"href":"https:\/\/royalfen.com\/tr\/wp-json\/wp\/v2\/comments?post=2444"}],"wp:featuredmedia":[{"embeddable":true,"href":"https:\/\/royalfen.com\/tr\/wp-json\/wp\/v2\/media\/2448"}],"wp:attachment":[{"href":"https:\/\/royalfen.com\/tr\/wp-json\/wp\/v2\/media?parent=2444"}],"wp:term":[{"taxonomy":"product_brand","embeddable":true,"href":"https:\/\/royalfen.com\/tr\/wp-json\/wp\/v2\/product_brand?post=2444"},{"taxonomy":"product_cat","embeddable":true,"href":"https:\/\/royalfen.com\/tr\/wp-json\/wp\/v2\/product_cat?post=2444"},{"taxonomy":"product_tag","embeddable":true,"href":"https:\/\/royalfen.com\/tr\/wp-json\/wp\/v2\/product_tag?post=2444"}],"curies":[{"name":"wp","href":"https:\/\/api.w.org\/{rel}","templated":true}]}}