{"id":2458,"date":"2025-08-19T09:05:14","date_gmt":"2025-08-19T06:05:14","guid":{"rendered":"https:\/\/royalfen.com\/?post_type=product&#038;p=2458"},"modified":"2025-08-19T09:05:14","modified_gmt":"2025-08-19T06:05:14","slug":"rosier-450-ec","status":"publish","type":"product","link":"https:\/\/royalfen.com\/tr\/urun\/rosier-450-ec\/","title":{"rendered":"ROS\u0130ER 450 EC"},"content":{"rendered":"<h4><span style=\"font-family: gotham;\">KULLANILACA\u011eI B\u0130TK\u0130 VE ZARARLI ORGAN\u0130ZMALAR:<\/span><\/h4>\n\n<table id=\"tablepress-113\" class=\"tablepress tablepress-id-113\">\n<thead>\n<tr class=\"row-1\">\n\t<th class=\"column-1\">Bitki Ad\u0131<\/th><th class=\"column-2\">Zararl\u0131 Organizma Ad\u0131<\/th><th class=\"column-3\">Uygulama Dozu<\/th><th class=\"column-4\">Son Uygulama \u0130le<br \/>\nHasat Aras\u0131ndaki S\u00fcre<\/th>\n<\/tr>\n<\/thead>\n<tbody class=\"row-striping row-hover\">\n<tr class=\"row-2\">\n\t<td class=\"column-1\">Bu\u011fday<\/td><td class=\"column-2\">Septorya yaprak lekesi <em>(Septoria tritici)<\/em><\/td><td class=\"column-3\">100 ml\/da<\/td><td class=\"column-4\">56 g\u00fcn<\/td>\n<\/tr>\n<tr class=\"row-3\">\n\t<td class=\"column-1\">\u00c7eltik<\/td><td class=\"column-2\">\u00c7eltik yan\u0131kl\u0131\u011f\u0131 <em>(Pyricularia oryzae)<\/em><\/td><td class=\"column-3\">100 ml\/da<\/td><td class=\"column-4\">56 g\u00fcn<\/td>\n<\/tr>\n<tr class=\"row-4\">\n\t<td class=\"column-1\">Arpa,<br \/>\nBu\u011fday<\/td><td class=\"column-2\">Tah\u0131l fide yan\u0131kl\u0131\u011f\u0131, k\u00f6k ve k\u00f6k bo\u011faz\u0131 \u00e7\u00fcr\u00fckl\u00fc\u011f\u00fc<br \/>\n<em>(Pseudocercosporella herpotrichoides,<br \/>\nRhizoctonia cerealis, Fusarium culmorum)<\/em><\/td><td class=\"column-3\">100 ml\/da<\/td><td class=\"column-4\">56 g\u00fcn<\/td>\n<\/tr>\n<tr class=\"row-5\">\n\t<td class=\"column-1\">Arpa<\/td><td class=\"column-2\">Tah\u0131l K\u00fcllemesi <em>(Erysiphe graminis)<\/em><\/td><td class=\"column-3\">100 ml\/da<\/td><td class=\"column-4\">56 g\u00fcn<\/td>\n<\/tr>\n<tr class=\"row-6\">\n\t<td class=\"column-1\">K\u00fclt\u00fcr Mantar\u0131<\/td><td class=\"column-2\">K\u00fclt\u00fcr mantar\u0131nda \u00f6r\u00fcmcek a\u011f\u0131<em> (Cladobotryum dendroides)<\/em><\/td><td class=\"column-3\">1,25 ml\/m2<\/td><td class=\"column-4\">21 g\u00fcn<\/td>\n<\/tr>\n<\/tbody>\n<\/table>\n<!-- #tablepress-113 from cache -->\n","protected":false},"excerpt":{"rendered":"<p><strong>Formulasyonu:<\/strong><br \/>\nEC (Em\u00fclsiyon Konsantre)<\/p>\n<p><strong>Aktif Madde:<\/strong><br \/>\n450 g\/l Prochloraz<\/p>\n<p><a class=\"custom-button2\" href=\"https:\/\/royalfen.com\/wp-content\/uploads\/2025\/08\/ROSIER-450-EC-SON-ONAYLI-ETIKET.pdf\" target=\"_blank\" rel=\"noopener\"><strong>ONAYLI ET\u0130KET<\/strong><\/a><\/p>\n","protected":false},"featured_media":2461,"comment_status":"closed","ping_status":"closed","template":"","meta":[],"product_brand":[],"product_cat":[23,20,33,63],"product_tag":[],"class_list":{"0":"post-2458","1":"product","2":"type-product","3":"status-publish","4":"has-post-thumbnail","6":"product_cat-fungusitler","7":"product_cat-genel","8":"product_cat-turkiye","9":"product_cat-turkiye-fungisit","11":"first","12":"instock","13":"shipping-taxable","14":"product-type-simple"},"_links":{"self":[{"href":"https:\/\/royalfen.com\/tr\/wp-json\/wp\/v2\/product\/2458","targetHints":{"allow":["GET"]}}],"collection":[{"href":"https:\/\/royalfen.com\/tr\/wp-json\/wp\/v2\/product"}],"about":[{"href":"https:\/\/royalfen.com\/tr\/wp-json\/wp\/v2\/types\/product"}],"replies":[{"embeddable":true,"href":"https:\/\/royalfen.com\/tr\/wp-json\/wp\/v2\/comments?post=2458"}],"wp:featuredmedia":[{"embeddable":true,"href":"https:\/\/royalfen.com\/tr\/wp-json\/wp\/v2\/media\/2461"}],"wp:attachment":[{"href":"https:\/\/royalfen.com\/tr\/wp-json\/wp\/v2\/media?parent=2458"}],"wp:term":[{"taxonomy":"product_brand","embeddable":true,"href":"https:\/\/royalfen.com\/tr\/wp-json\/wp\/v2\/product_brand?post=2458"},{"taxonomy":"product_cat","embeddable":true,"href":"https:\/\/royalfen.com\/tr\/wp-json\/wp\/v2\/product_cat?post=2458"},{"taxonomy":"product_tag","embeddable":true,"href":"https:\/\/royalfen.com\/tr\/wp-json\/wp\/v2\/product_tag?post=2458"}],"curies":[{"name":"wp","href":"https:\/\/api.w.org\/{rel}","templated":true}]}}