{"id":2468,"date":"2025-08-19T10:33:59","date_gmt":"2025-08-19T07:33:59","guid":{"rendered":"https:\/\/royalfen.com\/?post_type=product&#038;p=2468"},"modified":"2025-08-19T10:34:00","modified_gmt":"2025-08-19T07:34:00","slug":"royflub-20-wg","status":"publish","type":"product","link":"https:\/\/royalfen.com\/tr\/urun\/royflub-20-wg\/","title":{"rendered":"ROYFLUB 20 WG"},"content":{"rendered":"<h4>KULLANILACA\u011eI B\u0130TK\u0130 VE ZARARLI ORGAN\u0130ZMALAR:<\/h4>\n\n<table id=\"tablepress-115\" class=\"tablepress tablepress-id-115 tbody-has-connected-cells\">\n<thead>\n<tr class=\"row-1\">\n\t<th class=\"column-1\">Bitki Ad\u0131<\/th><th class=\"column-2\">Zararl\u0131 Organizma Ad\u0131<\/th><th class=\"column-3\">Dozu ve Uygulama<br \/>\nD\u00f6nemi<\/th><th class=\"column-4\">Son Uygulama ile<br \/>\nHasat Aras\u0131ndaki S\u00fcre<\/th>\n<\/tr>\n<\/thead>\n<tbody class=\"row-striping row-hover\">\n<tr class=\"row-2\">\n\t<td rowspan=\"2\" class=\"column-1\">Domates (sera)<\/td><td class=\"column-2\">Domates g\u00fcvesi <em>(Tuta absoluta)<\/em><\/td><td class=\"column-3\">15 g\/100 l su, larva<\/td><td class=\"column-4\">1 g\u00fcn<\/td>\n<\/tr>\n<tr class=\"row-3\">\n\t<td class=\"column-2\">Pamuk yaprakkurdu <em>(Spodoptera littoralis)<\/em><\/td><td class=\"column-3\">20 g\/100 l su,larva<\/td><td class=\"column-4\">1 g\u00fcn<\/td>\n<\/tr>\n<tr class=\"row-4\">\n\t<td class=\"column-1\">Pamuk<\/td><td class=\"column-2\">Ye\u015filkurt <em>(Helicoverpa armigera)<\/em><\/td><td class=\"column-3\">30 g\/da, larva<\/td><td class=\"column-4\">21 g\u00fcn<\/td>\n<\/tr>\n<tr class=\"row-5\">\n\t<td class=\"column-1\">Ba\u011f (\u00dcz\u00fcm)*<\/td><td class=\"column-2\">Salk\u0131m g\u00fcvesi <em>(Lobesia botrana)<\/em><\/td><td class=\"column-3\">30 g\/100 l su, larva<\/td><td class=\"column-4\">14 g\u00fcn<\/td>\n<\/tr>\n<tr class=\"row-6\">\n\t<td class=\"column-1\">Elma<\/td><td class=\"column-2\">Elma i\u00e7kurdu<em> (Cydia pomonella)<\/em><\/td><td class=\"column-3\">20 g\/100 l su, larva<\/td><td class=\"column-4\">14 g\u00fcn<\/td>\n<\/tr>\n<\/tbody>\n<\/table>\n<!-- #tablepress-115 from cache -->\n","protected":false},"excerpt":{"rendered":"<p><strong>Fotm\u00fclasyonu:<\/strong><\/p>\n<p>WG (Suda Da\u011f\u0131labilen Gran\u00fcl)<\/p>\n<p><strong>Aktif Madde:<\/strong><\/p>\n<p>%20 Flubendiamide<\/p>\n<p><a class=\"custom-button2\" href=\"https:\/\/royalfen.com\/wp-content\/uploads\/2025\/08\/ROYFLUB-20-WG-SON-ONAYLI-ETIKET.pdf\" target=\"_blank\" rel=\"noopener\"><strong>ONAYLI ET\u0130KET<\/strong><\/a><\/p>\n","protected":false},"featured_media":2471,"comment_status":"closed","ping_status":"closed","template":"","meta":[],"product_brand":[],"product_cat":[20,22,33,65],"product_tag":[],"class_list":{"0":"post-2468","1":"product","2":"type-product","3":"status-publish","4":"has-post-thumbnail","6":"product_cat-genel","7":"product_cat-insektisitler","8":"product_cat-turkiye","9":"product_cat-turkiye-insektisit","11":"first","12":"instock","13":"shipping-taxable","14":"product-type-simple"},"_links":{"self":[{"href":"https:\/\/royalfen.com\/tr\/wp-json\/wp\/v2\/product\/2468","targetHints":{"allow":["GET"]}}],"collection":[{"href":"https:\/\/royalfen.com\/tr\/wp-json\/wp\/v2\/product"}],"about":[{"href":"https:\/\/royalfen.com\/tr\/wp-json\/wp\/v2\/types\/product"}],"replies":[{"embeddable":true,"href":"https:\/\/royalfen.com\/tr\/wp-json\/wp\/v2\/comments?post=2468"}],"wp:featuredmedia":[{"embeddable":true,"href":"https:\/\/royalfen.com\/tr\/wp-json\/wp\/v2\/media\/2471"}],"wp:attachment":[{"href":"https:\/\/royalfen.com\/tr\/wp-json\/wp\/v2\/media?parent=2468"}],"wp:term":[{"taxonomy":"product_brand","embeddable":true,"href":"https:\/\/royalfen.com\/tr\/wp-json\/wp\/v2\/product_brand?post=2468"},{"taxonomy":"product_cat","embeddable":true,"href":"https:\/\/royalfen.com\/tr\/wp-json\/wp\/v2\/product_cat?post=2468"},{"taxonomy":"product_tag","embeddable":true,"href":"https:\/\/royalfen.com\/tr\/wp-json\/wp\/v2\/product_tag?post=2468"}],"curies":[{"name":"wp","href":"https:\/\/api.w.org\/{rel}","templated":true}]}}