{"id":2502,"date":"2025-10-30T11:36:52","date_gmt":"2025-10-30T08:36:52","guid":{"rendered":"https:\/\/royalfen.com\/?post_type=product&#038;p=2502"},"modified":"2025-10-30T11:36:52","modified_gmt":"2025-10-30T08:36:52","slug":"roy-opti","status":"publish","type":"product","link":"https:\/\/royalfen.com\/tr\/urun\/roy-opti\/","title":{"rendered":"ROY OPT\u0130"},"content":{"rendered":"<h4><span style=\"font-family: gotham;\">KULLANILACA\u011eI B\u0130TK\u0130 VE ZARARLI ORGAN\u0130ZMALAR:<\/span><\/h4>\n\n<table id=\"tablepress-118\" class=\"tablepress tablepress-id-118 tbody-has-connected-cells\">\n<thead>\n<tr class=\"row-1\">\n\t<th class=\"column-1\">Bitki Ad\u0131<\/th><th class=\"column-2\">Zararl\u0131 Organizma Ad\u0131<\/th><th class=\"column-3\">Uygulama Dozu<\/th><th class=\"column-4\">Son uygulama ile hasat<br \/>\naras\u0131ndaki s\u00fcre<\/th>\n<\/tr>\n<\/thead>\n<tbody class=\"row-striping row-hover\">\n<tr class=\"row-2\">\n\t<td class=\"column-1\">Elma<\/td><td class=\"column-2\">Elma karalekesi <em>(Venturia inaequalis)<\/em><\/td><td class=\"column-3\">100 ml \/ 100 l su<\/td><td class=\"column-4\">21 g\u00fcn<\/td>\n<\/tr>\n<tr class=\"row-3\">\n\t<td rowspan=\"2\" class=\"column-1\">Domates (sera)<\/td><td class=\"column-2\">Kur\u015funi k\u00fcf <em>(Botrytis cinerea)<\/em><\/td><td class=\"column-3\">75 ml\/100 L su<\/td><td class=\"column-4\">7 G\u00fcn<\/td>\n<\/tr>\n<tr class=\"row-4\">\n\t<td class=\"column-2\">\u00c7\u00f6kerten ve k\u00f6k \u00e7\u00fcr\u00fckl\u00fc\u011f\u00fc<br \/>\n<em>(Fusarium spp., Sclerotinia spp., Phytophthota spp.)<\/em><\/td><td class=\"column-3\">200 ml\/da<\/td><td class=\"column-4\">10 G\u00fcn<\/td>\n<\/tr>\n<tr class=\"row-5\">\n\t<td class=\"column-1\">Patates<\/td><td class=\"column-2\">Mildiy\u00f6 <em>(Phytophthora infestans)<\/em><\/td><td class=\"column-3\">50 ml\/da<\/td><td class=\"column-4\">7 G\u00fcn<\/td>\n<\/tr>\n<\/tbody>\n<\/table>\n\n","protected":false},"excerpt":{"rendered":"<p><strong>Form\u00fclasyonu<\/strong><\/p>\n<p>SC (Ak\u0131c\u0131 Konsantre\/S\u00fcspansiyon Konsantre)<\/p>\n<p><strong>Aktif Madde<\/strong><\/p>\n<p>500 g\/L Fluazinam<\/p>\n<p><a class=\"custom-button2\" href=\"https:\/\/royalfen.com\/wp-content\/uploads\/2025\/10\/ROY-OPTI-ONAYLI-ETIKET.pdf\" target=\"_blank\" rel=\"noopener\"><strong>ONAYLI ET\u0130KET<\/strong><\/a><\/p>\n","protected":false},"featured_media":2506,"comment_status":"closed","ping_status":"closed","template":"","meta":[],"product_brand":[],"product_cat":[23,20,33,63],"product_tag":[],"class_list":{"0":"post-2502","1":"product","2":"type-product","3":"status-publish","4":"has-post-thumbnail","6":"product_cat-fungusitler","7":"product_cat-genel","8":"product_cat-turkiye","9":"product_cat-turkiye-fungisit","11":"first","12":"instock","13":"shipping-taxable","14":"product-type-simple"},"_links":{"self":[{"href":"https:\/\/royalfen.com\/tr\/wp-json\/wp\/v2\/product\/2502","targetHints":{"allow":["GET"]}}],"collection":[{"href":"https:\/\/royalfen.com\/tr\/wp-json\/wp\/v2\/product"}],"about":[{"href":"https:\/\/royalfen.com\/tr\/wp-json\/wp\/v2\/types\/product"}],"replies":[{"embeddable":true,"href":"https:\/\/royalfen.com\/tr\/wp-json\/wp\/v2\/comments?post=2502"}],"wp:featuredmedia":[{"embeddable":true,"href":"https:\/\/royalfen.com\/tr\/wp-json\/wp\/v2\/media\/2506"}],"wp:attachment":[{"href":"https:\/\/royalfen.com\/tr\/wp-json\/wp\/v2\/media?parent=2502"}],"wp:term":[{"taxonomy":"product_brand","embeddable":true,"href":"https:\/\/royalfen.com\/tr\/wp-json\/wp\/v2\/product_brand?post=2502"},{"taxonomy":"product_cat","embeddable":true,"href":"https:\/\/royalfen.com\/tr\/wp-json\/wp\/v2\/product_cat?post=2502"},{"taxonomy":"product_tag","embeddable":true,"href":"https:\/\/royalfen.com\/tr\/wp-json\/wp\/v2\/product_tag?post=2502"}],"curies":[{"name":"wp","href":"https:\/\/api.w.org\/{rel}","templated":true}]}}