{"id":2525,"date":"2025-12-24T08:11:16","date_gmt":"2025-12-24T05:11:16","guid":{"rendered":"https:\/\/royalfen.com\/?post_type=product&#038;p=2525"},"modified":"2025-12-24T08:11:16","modified_gmt":"2025-12-24T05:11:16","slug":"roytab-240-ew","status":"publish","type":"product","link":"https:\/\/royalfen.com\/tr\/urun\/roytab-240-ew\/","title":{"rendered":"ROYTAB 240 EW"},"content":{"rendered":"<h4><span style=\"font-family: gotham;\">KULLANILACA\u011eI B\u0130TK\u0130 VE ZARARLI ORGAN\u0130ZMALAR:<\/span><\/h4>\n\n<table id=\"tablepress-119\" class=\"tablepress tablepress-id-119 tbody-has-connected-cells\">\n<thead>\n<tr class=\"row-1\">\n\t<th class=\"column-1\">Bitki Ad\u0131<\/th><th class=\"column-2\">Zararl\u0131 Organizma Ad\u0131<\/th><th class=\"column-3\">Uygulama Dozu Ve<br \/>\nD\u00f6nemi<\/th><th class=\"column-4\">Son Uygulama \u0130le Hasat<br \/>\nAras\u0131ndaki S\u00fcre<\/th>\n<\/tr>\n<\/thead>\n<tbody class=\"row-striping row-hover\">\n<tr class=\"row-2\">\n\t<td class=\"column-1\">Antepf\u0131st\u0131\u011f\u0131<\/td><td class=\"column-2\">Antepf\u0131st\u0131\u011f\u0131 psillidi <em>(Agonoscena pistaciae)<\/em><\/td><td class=\"column-3\">20 ml\/ 100 l su Nimf ve Ergin<\/td><td class=\"column-4\">14 g\u00fcn<\/td>\n<\/tr>\n<tr class=\"row-3\">\n\t<td class=\"column-1\">Domates (tarla)<\/td><td class=\"column-2\">\u015eeftali yaprakbiti <em>(Myzus persicae)<\/em><\/td><td class=\"column-3\">20 ml\/da nimf ve ergin<\/td><td class=\"column-4\">3 G\u00fcn<\/td>\n<\/tr>\n<tr class=\"row-4\">\n\t<td rowspan=\"2\" class=\"column-1\">Elma<\/td><td class=\"column-2\">Elma i\u00e7kurdu <em>(Cydia pomonella)<\/em><\/td><td class=\"column-3\">30 ml\/ 100 l su Larva<\/td><td class=\"column-4\">14 G\u00fcn<\/td>\n<\/tr>\n<tr class=\"row-5\">\n\t<td class=\"column-2\">Elma ye\u015fil yaprakbiti <em>(Aphis Pomi)<\/em><\/td><td class=\"column-3\">10 ml\/ 100 l su Nimf ve ergin<\/td><td class=\"column-4\"><\/td>\n<\/tr>\n<tr class=\"row-6\">\n\t<td class=\"column-1\">Kiraz<\/td><td class=\"column-2\">Elma yaprakb\u00fcken <em>(Archips rosanus)<\/em><\/td><td class=\"column-3\">30 ml\/ 100 l su Ergin<\/td><td class=\"column-4\">14 G\u00fcn<\/td>\n<\/tr>\n<tr class=\"row-7\">\n\t<td class=\"column-1\">Pamuk<\/td><td class=\"column-2\">Yaprak piresi <em>(Empoasca spp)<\/em><\/td><td class=\"column-3\">20 ml\/da Nimf ve ergin<\/td><td class=\"column-4\">14 G\u00fcn<\/td>\n<\/tr>\n<tr class=\"row-8\">\n\t<td class=\"column-1\">\u015eeftali<\/td><td class=\"column-2\">\u015eeftali yaprakbiti <em>(Myzus persicae)<\/em><\/td><td class=\"column-3\">10 ml\/ 100 l su Nimf ve ergin<\/td><td class=\"column-4\">14 G\u00fcn<\/td>\n<\/tr>\n<tr class=\"row-9\">\n\t<td class=\"column-1\"><\/td><td class=\"column-2\"><\/td><td class=\"column-3\"><\/td><td class=\"column-4\"><\/td>\n<\/tr>\n<\/tbody>\n<\/table>\n<!-- #tablepress-119 from cache -->\n","protected":false},"excerpt":{"rendered":"<p><strong>Form\u00fclasyonu<\/strong><\/p>\n<p>EW (Em\u00fclsiyon, Suda Ya\u011f)<\/p>\n<p><strong>Aktif Madde<\/strong><\/p>\n<p>240 g\/L Tau-fluvalinate<\/p>\n<p><a class=\"custom-button2\" href=\"https:\/\/royalfen.com\/wp-content\/uploads\/2025\/12\/roytab-onayli-etiket.pdf\" target=\"_blank\" rel=\"noopener\"><strong>ONAYLI ET\u0130KET<\/strong><\/a><\/p>\n","protected":false},"featured_media":2527,"comment_status":"closed","ping_status":"closed","template":"","meta":[],"product_brand":[],"product_cat":[20,22,33,65],"product_tag":[],"class_list":{"0":"post-2525","1":"product","2":"type-product","3":"status-publish","4":"has-post-thumbnail","6":"product_cat-genel","7":"product_cat-insektisitler","8":"product_cat-turkiye","9":"product_cat-turkiye-insektisit","11":"first","12":"instock","13":"shipping-taxable","14":"product-type-simple"},"_links":{"self":[{"href":"https:\/\/royalfen.com\/tr\/wp-json\/wp\/v2\/product\/2525","targetHints":{"allow":["GET"]}}],"collection":[{"href":"https:\/\/royalfen.com\/tr\/wp-json\/wp\/v2\/product"}],"about":[{"href":"https:\/\/royalfen.com\/tr\/wp-json\/wp\/v2\/types\/product"}],"replies":[{"embeddable":true,"href":"https:\/\/royalfen.com\/tr\/wp-json\/wp\/v2\/comments?post=2525"}],"wp:featuredmedia":[{"embeddable":true,"href":"https:\/\/royalfen.com\/tr\/wp-json\/wp\/v2\/media\/2527"}],"wp:attachment":[{"href":"https:\/\/royalfen.com\/tr\/wp-json\/wp\/v2\/media?parent=2525"}],"wp:term":[{"taxonomy":"product_brand","embeddable":true,"href":"https:\/\/royalfen.com\/tr\/wp-json\/wp\/v2\/product_brand?post=2525"},{"taxonomy":"product_cat","embeddable":true,"href":"https:\/\/royalfen.com\/tr\/wp-json\/wp\/v2\/product_cat?post=2525"},{"taxonomy":"product_tag","embeddable":true,"href":"https:\/\/royalfen.com\/tr\/wp-json\/wp\/v2\/product_tag?post=2525"}],"curies":[{"name":"wp","href":"https:\/\/api.w.org\/{rel}","templated":true}]}}