{"id":2540,"date":"2026-01-20T09:02:11","date_gmt":"2026-01-20T06:02:11","guid":{"rendered":"https:\/\/royalfen.com\/?post_type=product&#038;p=2540"},"modified":"2026-01-20T09:02:11","modified_gmt":"2026-01-20T06:02:11","slug":"royfato-sc","status":"publish","type":"product","link":"https:\/\/royalfen.com\/tr\/urun\/royfato-sc\/","title":{"rendered":"ROYFATO SC"},"content":{"rendered":"<h4>KULLANILACA\u011eI B\u0130TK\u0130 VE ZARARLI ORGAN\u0130ZMALAR:<\/h4>\n\n<table id=\"tablepress-120\" class=\"tablepress tablepress-id-120\">\n<thead>\n<tr class=\"row-1\">\n\t<th class=\"column-1\">Bitki Ad\u0131<\/th><th class=\"column-2\">Zararl\u0131 Organizma Ad\u0131<\/th><th class=\"column-3\">Uygulama Dozu Ve D\u00f6nemi<\/th><th class=\"column-4\">Son Uygulama<br \/>\nile Hasat Aras\u0131 S\u00fcre<\/th>\n<\/tr>\n<\/thead>\n<tbody class=\"row-striping row-hover\">\n<tr class=\"row-2\">\n\t<td class=\"column-1\">\u015eeker Pancar\u0131<\/td><td class=\"column-2\">K\u0131rm\u0131z\u0131 k\u00f6kl\u00fc tilkikuyru\u011fu<br \/>\n<em>(Amoronthus retroflexus)<\/em><br \/>\nSirken <em>(Chenopodium album)<\/em><br \/>\nUzun s\u00fcp\u00fcrge otu<em> (Descurania sophia)<\/em><br \/>\nBozot <em>(Heliotropium europeum)<\/em><br \/>\nDikenli yabani marul <em>(Lactuo serriola)<\/em><br \/>\nYabani hardal <em>(Sinapis arvensis)<\/em><br \/>\nK\u00f6pek \u00fcz\u00fcm\u00fc <em>(Solanum nigrum)<\/em><br \/>\nDemir dikeni <em>(Tribulus terrestris)<\/em><\/td><td class=\"column-3\"><strong>\u00c7\u0131k\u0131\u015f sonras\u0131<br \/>\n1. uygulama<br \/>\n<\/strong>200ml\/da \u015eekerpancar\u0131 tam kotiledon<br \/>\na\u015famas\u0131nda, yabanc\u0131 otlar\u0131n 2-4 yaprakl\u0131<br \/>\nd\u00f6neminde.<br \/>\n<strong>2.uygulama<\/strong><br \/>\n200 ml\/da \u0130lk ila\u00e7lamadan 7-10 g\u00fcn sonra<br \/>\n<strong>3. uygulama<\/strong><br \/>\n\u0130kinci uyulamadan 7-10 g\u00fcn sonra<\/td><td class=\"column-4\">60 g\u00fcn<\/td>\n<\/tr>\n<\/tbody>\n<\/table>\n<!-- #tablepress-120 from cache -->\n","protected":false},"excerpt":{"rendered":"<p><strong>Fotm\u00fclasyonu:<\/strong><\/p>\n<p>SC (S\u00fcspansiyon Konsantre)<\/p>\n<p><strong>Aktif Madde:<\/strong><\/p>\n<p>35O g\/L Metamitron + 15O g\/L Ethofumesate <\/p>\n<p><a class=\"custom-button2\" href=\"https:\/\/royalfen.com\/wp-content\/uploads\/2026\/01\/ROYFATO_ONAYLI-Etiket.pdf\" target=\"_blank\" rel=\"noopener\"><strong>ONAYLI ET\u0130KET<\/strong><\/a><\/p>\n","protected":false},"featured_media":2541,"comment_status":"closed","ping_status":"closed","template":"","meta":[],"product_brand":[],"product_cat":[20,24,33,64],"product_tag":[],"class_list":{"0":"post-2540","1":"product","2":"type-product","3":"status-publish","4":"has-post-thumbnail","6":"product_cat-genel","7":"product_cat-herbisitler","8":"product_cat-turkiye","9":"product_cat-turkiye-herbisit","11":"first","12":"instock","13":"shipping-taxable","14":"product-type-simple"},"_links":{"self":[{"href":"https:\/\/royalfen.com\/tr\/wp-json\/wp\/v2\/product\/2540","targetHints":{"allow":["GET"]}}],"collection":[{"href":"https:\/\/royalfen.com\/tr\/wp-json\/wp\/v2\/product"}],"about":[{"href":"https:\/\/royalfen.com\/tr\/wp-json\/wp\/v2\/types\/product"}],"replies":[{"embeddable":true,"href":"https:\/\/royalfen.com\/tr\/wp-json\/wp\/v2\/comments?post=2540"}],"wp:featuredmedia":[{"embeddable":true,"href":"https:\/\/royalfen.com\/tr\/wp-json\/wp\/v2\/media\/2541"}],"wp:attachment":[{"href":"https:\/\/royalfen.com\/tr\/wp-json\/wp\/v2\/media?parent=2540"}],"wp:term":[{"taxonomy":"product_brand","embeddable":true,"href":"https:\/\/royalfen.com\/tr\/wp-json\/wp\/v2\/product_brand?post=2540"},{"taxonomy":"product_cat","embeddable":true,"href":"https:\/\/royalfen.com\/tr\/wp-json\/wp\/v2\/product_cat?post=2540"},{"taxonomy":"product_tag","embeddable":true,"href":"https:\/\/royalfen.com\/tr\/wp-json\/wp\/v2\/product_tag?post=2540"}],"curies":[{"name":"wp","href":"https:\/\/api.w.org\/{rel}","templated":true}]}}