{"id":2545,"date":"2026-01-20T09:08:21","date_gmt":"2026-01-20T06:08:21","guid":{"rendered":"https:\/\/royalfen.com\/?post_type=product&#038;p=2545"},"modified":"2026-01-20T09:08:21","modified_gmt":"2026-01-20T06:08:21","slug":"royubra-sc","status":"publish","type":"product","link":"https:\/\/royalfen.com\/tr\/urun\/royubra-sc\/","title":{"rendered":"ROYUBRA SC"},"content":{"rendered":"<h4>KULLANILACA\u011eI B\u0130TK\u0130 VE ZARARLI ORGAN\u0130ZMALAR:<\/h4>\n\n<table id=\"tablepress-121\" class=\"tablepress tablepress-id-121 tbody-has-connected-cells\">\n<thead>\n<tr class=\"row-1\">\n\t<th class=\"column-1\">Bitki Ad\u0131<\/th><th class=\"column-2\">Zararl\u0131 Organizma Ad\u0131<\/th><th class=\"column-3\">Uygulama Dozu<\/th><th class=\"column-4\">Son Uygulama ve<br \/>\nHasat Aras\u0131ndaki S\u00fcre<\/th>\n<\/tr>\n<\/thead>\n<tbody class=\"row-striping row-hover\">\n<tr class=\"row-2\">\n\t<td rowspan=\"2\" class=\"column-1\">\u015eeker<br \/>\nPancar\u0131<\/td><td class=\"column-2\">K\u0131rm\u0131z\u0131 k\u00f6kl\u00fc tilkikuyru\u011fu <em>(Amaranthus retroflexus) <\/em><br \/>\nSirken<em> (Chenopodium album) <\/em><br \/>\nYabani hardal <em>(Sinapis arvensis) <\/em><\/td><td class=\"column-3\">400 ml\/da<br \/>\n\u00e7\u0131k\u0131\u015f \u00f6ncesi <\/td><td rowspan=\"2\" class=\"column-4\">90 g\u00fcn<\/td>\n<\/tr>\n<tr class=\"row-3\">\n\t<td class=\"column-2\">Sirken<em> (Chenopodium album) <\/em><br \/>\nDuvar kazaya\u011f\u0131 <em>(Chenopodium murale) <\/em><br \/>\n\u015eeytan elmas\u0131 <em>(Datura stramonium) <\/em><\/td><td class=\"column-3\">400 ml\/da<br \/>\n\u00e7\u0131k\u0131\u015f sonras\u0131 <\/td>\n<\/tr>\n<\/tbody>\n<\/table>\n<!-- #tablepress-121 from cache -->\n","protected":false},"excerpt":{"rendered":"<p><strong>Fotm\u00fclasyonu:<\/strong><\/p>\n<p>SC (S\u00fcspansiyon Konsantre)<\/p>\n<p><strong>Aktif Madde:<\/strong><\/p>\n<p>700 g\/L Metamitron <\/p>\n<p><a class=\"custom-button2\" href=\"https:\/\/royalfen.com\/wp-content\/uploads\/2026\/01\/ROYUBRA_ONAYLI-ETIKET-3.pdf\" target=\"_blank\" rel=\"noopener\"><strong>ONAYLI ET\u0130KET<\/strong><\/a><\/p>\n","protected":false},"featured_media":2549,"comment_status":"closed","ping_status":"closed","template":"","meta":[],"product_brand":[],"product_cat":[20,24,33,64],"product_tag":[],"class_list":{"0":"post-2545","1":"product","2":"type-product","3":"status-publish","4":"has-post-thumbnail","6":"product_cat-genel","7":"product_cat-herbisitler","8":"product_cat-turkiye","9":"product_cat-turkiye-herbisit","11":"first","12":"instock","13":"shipping-taxable","14":"product-type-simple"},"_links":{"self":[{"href":"https:\/\/royalfen.com\/tr\/wp-json\/wp\/v2\/product\/2545","targetHints":{"allow":["GET"]}}],"collection":[{"href":"https:\/\/royalfen.com\/tr\/wp-json\/wp\/v2\/product"}],"about":[{"href":"https:\/\/royalfen.com\/tr\/wp-json\/wp\/v2\/types\/product"}],"replies":[{"embeddable":true,"href":"https:\/\/royalfen.com\/tr\/wp-json\/wp\/v2\/comments?post=2545"}],"wp:featuredmedia":[{"embeddable":true,"href":"https:\/\/royalfen.com\/tr\/wp-json\/wp\/v2\/media\/2549"}],"wp:attachment":[{"href":"https:\/\/royalfen.com\/tr\/wp-json\/wp\/v2\/media?parent=2545"}],"wp:term":[{"taxonomy":"product_brand","embeddable":true,"href":"https:\/\/royalfen.com\/tr\/wp-json\/wp\/v2\/product_brand?post=2545"},{"taxonomy":"product_cat","embeddable":true,"href":"https:\/\/royalfen.com\/tr\/wp-json\/wp\/v2\/product_cat?post=2545"},{"taxonomy":"product_tag","embeddable":true,"href":"https:\/\/royalfen.com\/tr\/wp-json\/wp\/v2\/product_tag?post=2545"}],"curies":[{"name":"wp","href":"https:\/\/api.w.org\/{rel}","templated":true}]}}