{"id":2553,"date":"2026-02-23T13:21:39","date_gmt":"2026-02-23T10:21:39","guid":{"rendered":"https:\/\/royalfen.com\/?post_type=product&#038;p=2553"},"modified":"2026-03-02T08:22:57","modified_gmt":"2026-03-02T05:22:57","slug":"roytunch-375-sl","status":"publish","type":"product","link":"https:\/\/royalfen.com\/tr\/urun\/roytunch-375-sl\/","title":{"rendered":"ROYTUNCH 375 SL"},"content":{"rendered":"<h4><span style=\"font-family: gotham;\">KULLANILACA\u011eI B\u0130TK\u0130 VE ZARARLI ORGAN\u0130ZMALAR:<\/span><\/h4>\n\n<table id=\"tablepress-122\" class=\"tablepress tablepress-id-122\">\n<thead>\n<tr class=\"row-1\">\n\t<th class=\"column-1\">Bitki Ad\u0131<\/th><th class=\"column-2\">Zararl\u0131 Organizma Ad\u0131<\/th><th class=\"column-3\">Uygulama Dozu Ve D\u00f6nemi<\/th><th class=\"column-4\">Son \u0130la\u00e7lama<br \/>\nile Hasat Aras\u0131 S\u00fcre<\/th>\n<\/tr>\n<\/thead>\n<tbody class=\"row-striping row-hover\">\n<tr class=\"row-2\">\n\t<td class=\"column-1\">\u00c7eltik<\/td><td class=\"column-2\">Kurba\u011fa ka\u015f\u0131\u011f\u0131<em> (Alisma plantago-aquatica)<\/em><br \/>\nG\u00fcvercinaya\u011f\u0131 <em>(Ammannia coccinea)<\/em><br \/>\nK\u0131z otu <em>(Cyperus difformis)<\/em><br \/>\nDip otu <em>(Lindemia dubia)<\/em><br \/>\nSandalye saz\u0131=K\u0131nd\u0131ra <em>(Scirpus mucronatus)<\/em><\/td><td class=\"column-3\">200 ml\/da<br \/>\nyabanc\u0131 otlar\u0131n<br \/>\n3-5 yaprakl\u0131 oldu\u011fu<br \/>\nd\u00f6nemde<\/td><td class=\"column-4\">60 g\u00fcn<\/td>\n<\/tr>\n<\/tbody>\n<\/table>\n<!-- #tablepress-122 from cache -->\n","protected":false},"excerpt":{"rendered":"<p><strong>Formulasyonu:<\/strong><br \/>\nSL (Suda \u00c7\u00f6z\u00fcnen Konsantre)<\/p>\n<p><strong>Aktif Madde:<\/strong><br \/>\n250 g\/L Bentazone + 125 g\/L MCPA<\/p>\n<p><a class=\"custom-button2\" href=\"https:\/\/royalfen.com\/wp-content\/uploads\/2026\/02\/ROYTUNCH-SON-ONAYLI-Etiket.pdf\" target=\"_blank\" rel=\"noopener\"><strong>ONAYLI ET\u0130KET<\/strong><\/a><\/p>\n","protected":false},"featured_media":2554,"comment_status":"closed","ping_status":"closed","template":"","meta":[],"product_brand":[],"product_cat":[20,24,33,64],"product_tag":[],"class_list":{"0":"post-2553","1":"product","2":"type-product","3":"status-publish","4":"has-post-thumbnail","6":"product_cat-genel","7":"product_cat-herbisitler","8":"product_cat-turkiye","9":"product_cat-turkiye-herbisit","11":"first","12":"instock","13":"shipping-taxable","14":"product-type-simple"},"_links":{"self":[{"href":"https:\/\/royalfen.com\/tr\/wp-json\/wp\/v2\/product\/2553","targetHints":{"allow":["GET"]}}],"collection":[{"href":"https:\/\/royalfen.com\/tr\/wp-json\/wp\/v2\/product"}],"about":[{"href":"https:\/\/royalfen.com\/tr\/wp-json\/wp\/v2\/types\/product"}],"replies":[{"embeddable":true,"href":"https:\/\/royalfen.com\/tr\/wp-json\/wp\/v2\/comments?post=2553"}],"wp:featuredmedia":[{"embeddable":true,"href":"https:\/\/royalfen.com\/tr\/wp-json\/wp\/v2\/media\/2554"}],"wp:attachment":[{"href":"https:\/\/royalfen.com\/tr\/wp-json\/wp\/v2\/media?parent=2553"}],"wp:term":[{"taxonomy":"product_brand","embeddable":true,"href":"https:\/\/royalfen.com\/tr\/wp-json\/wp\/v2\/product_brand?post=2553"},{"taxonomy":"product_cat","embeddable":true,"href":"https:\/\/royalfen.com\/tr\/wp-json\/wp\/v2\/product_cat?post=2553"},{"taxonomy":"product_tag","embeddable":true,"href":"https:\/\/royalfen.com\/tr\/wp-json\/wp\/v2\/product_tag?post=2553"}],"curies":[{"name":"wp","href":"https:\/\/api.w.org\/{rel}","templated":true}]}}