{"id":496,"date":"2021-10-07T11:14:52","date_gmt":"2021-10-07T11:14:52","guid":{"rendered":"http:\/\/royalfen.com\/?post_type=product&#038;p=496"},"modified":"2025-01-28T10:36:22","modified_gmt":"2025-01-28T07:36:22","slug":"argedor","status":"publish","type":"product","link":"https:\/\/royalfen.com\/tr\/urun\/argedor\/","title":{"rendered":"ARGEDOR SC 240"},"content":{"rendered":"<h4><span style=\"font-family: gotham;\">KULLANILACA\u011eI B\u0130TK\u0130 VE ZARARLI ORGAN\u0130ZMALAR:<\/span><\/h4>\n\n<table id=\"tablepress-92\" class=\"tablepress tablepress-id-92 tbody-has-connected-cells\">\n<thead>\n<tr class=\"row-1\">\n\t<th class=\"column-1\">Bitki Ad\u0131<\/th><th class=\"column-2\">Zararl\u0131 Organizma Ad\u0131<\/th><th class=\"column-3\">Uygulama Dozu ve<br \/>\nD\u00f6nemi<\/th><th class=\"column-4\">Son uygulama<br \/>\nile hasat<br \/>\naras\u0131ndaki s\u00fcre<\/th>\n<\/tr>\n<\/thead>\n<tbody class=\"row-striping row-hover\">\n<tr class=\"row-2\">\n\t<td rowspan=\"2\" class=\"column-1\">Turun\u00e7giller*<\/td><td class=\"column-2\">Pas b\u00f6c\u00fcs\u00fc<br \/>\n<em>(Phyllocoptruta oleivora)<\/em><\/td><td class=\"column-3\">20 ml\/100 L su<br \/>\nyumurta, nimf, ergin<\/td><td rowspan=\"2\" class=\"column-4\">14 g\u00fcn<\/td>\n<\/tr>\n<tr class=\"row-3\">\n\t<td class=\"column-2\">K\u0131rm\u0131z\u0131 \u00f6r\u00fcmcek<br \/>\n<em>(Panonychus citri)<\/em><\/td><td class=\"column-3\">20 ml\/100 L su<br \/>\nyumurta, nimf, ergin<\/td>\n<\/tr>\n<tr class=\"row-4\">\n\t<td rowspan=\"2\" class=\"column-1\">Elma<\/td><td class=\"column-2\">Avrupa K\u0131rm\u0131z\u0131 \u00d6r\u00fcmce\u011fi<br \/>\n<em>(Panonychus ulmi)<\/em><\/td><td class=\"column-3\">30 ml\/100 L su<br \/>\nyumurta, nimf, ergin<\/td><td rowspan=\"2\" class=\"column-4\">14 g\u00fcn<\/td>\n<\/tr>\n<tr class=\"row-5\">\n\t<td class=\"column-2\">Akdiken Akar\u0131<br \/>\n<em>(Tetranychus viennensis)<\/em><\/td><td class=\"column-3\">25 ml\/100 L su<br \/>\nyumurta, nimf, ergin<\/td>\n<\/tr>\n<tr class=\"row-6\">\n\t<td class=\"column-1\">Kiraz<\/td><td class=\"column-2\">\u0130ki noktal\u0131 K\u0131rm\u0131z\u0131 \u00d6r\u00fcmcek<br \/>\n<em>(Tetranychus urticae)<\/em><\/td><td class=\"column-3\">25 ml\/100 L su<br \/>\nnimf, ergin<\/td><td class=\"column-4\">14 g\u00fcn<\/td>\n<\/tr>\n<tr class=\"row-7\">\n\t<td class=\"column-1\">Ba\u011f**<\/td><td class=\"column-2\">\u0130ki noktal\u0131 K\u0131rm\u0131z\u0131 \u00d6r\u00fcmcek<br \/>\n<em>(Tetranychus urticae)<\/em><\/td><td class=\"column-3\">25 ml\/100 L su<br \/>\nnimf, ergin<\/td><td class=\"column-4\">14 g\u00fcn<\/td>\n<\/tr>\n<tr class=\"row-8\">\n\t<td class=\"column-1\">\u015eeftali<\/td><td class=\"column-2\">\u0130ki noktal\u0131 K\u0131rm\u0131z\u0131 \u00d6r\u00fcmcek<br \/>\n<em>(Tetranychus urticae)<\/em><\/td><td class=\"column-3\">25 ml\/100 L su<br \/>\nnimf, ergin<\/td><td class=\"column-4\">14 g\u00fcn<\/td>\n<\/tr>\n<tr class=\"row-9\">\n\t<td class=\"column-1\"><\/td><td class=\"column-2\"><\/td><td class=\"column-3\"><\/td><td class=\"column-4\"><\/td>\n<\/tr>\n<tr class=\"row-10\">\n\t<td class=\"column-1\"><\/td><td class=\"column-2\"><\/td><td class=\"column-3\"><\/td><td class=\"column-4\"><\/td>\n<\/tr>\n<\/tbody>\n<\/table>\n\n","protected":false},"excerpt":{"rendered":"<p><strong>Form\u00fclasyonu<\/strong><\/p>\n<p>SC (Ak\u0131c\u0131 Konsantre\/S\u00fcspansiyon Konsantre)<\/p>\n<p><strong>Aktif Madde<\/strong><\/p>\n<p>240 g\/l Spirodiclofen<\/p>\n<p><a class=\"custom-button2\" href=\"https:\/\/royalfen.com\/wp-content\/uploads\/2021\/10\/ARGEDOR-GBF.pdf\" target=\"_blank\" rel=\"noopener\"><strong>G\u00dcVENL\u0130K B\u0130LG\u0130 FORMU<\/strong><\/a><\/p>\n<p><a class=\"custom-button2\" href=\"https:\/\/royalfen.com\/wp-content\/uploads\/2021\/10\/ARGEDOR-ONAYLI-ETIKET-2024.pdf\" target=\"_blank\" rel=\"noopener\"><strong>ONAYLI ET\u0130KET<\/strong><\/a><\/p>\n","protected":false},"featured_media":1883,"comment_status":"open","ping_status":"closed","template":"","meta":[],"product_brand":[],"product_cat":[21,33,62],"product_tag":[],"class_list":{"0":"post-496","1":"product","2":"type-product","3":"status-publish","4":"has-post-thumbnail","6":"product_cat-akarisitlermollusitler","7":"product_cat-turkiye","8":"product_cat-turkiye-akarisit","10":"first","11":"instock","12":"shipping-taxable","13":"product-type-simple"},"_links":{"self":[{"href":"https:\/\/royalfen.com\/tr\/wp-json\/wp\/v2\/product\/496","targetHints":{"allow":["GET"]}}],"collection":[{"href":"https:\/\/royalfen.com\/tr\/wp-json\/wp\/v2\/product"}],"about":[{"href":"https:\/\/royalfen.com\/tr\/wp-json\/wp\/v2\/types\/product"}],"replies":[{"embeddable":true,"href":"https:\/\/royalfen.com\/tr\/wp-json\/wp\/v2\/comments?post=496"}],"wp:featuredmedia":[{"embeddable":true,"href":"https:\/\/royalfen.com\/tr\/wp-json\/wp\/v2\/media\/1883"}],"wp:attachment":[{"href":"https:\/\/royalfen.com\/tr\/wp-json\/wp\/v2\/media?parent=496"}],"wp:term":[{"taxonomy":"product_brand","embeddable":true,"href":"https:\/\/royalfen.com\/tr\/wp-json\/wp\/v2\/product_brand?post=496"},{"taxonomy":"product_cat","embeddable":true,"href":"https:\/\/royalfen.com\/tr\/wp-json\/wp\/v2\/product_cat?post=496"},{"taxonomy":"product_tag","embeddable":true,"href":"https:\/\/royalfen.com\/tr\/wp-json\/wp\/v2\/product_tag?post=496"}],"curies":[{"name":"wp","href":"https:\/\/api.w.org\/{rel}","templated":true}]}}