{"id":502,"date":"2021-10-07T11:37:58","date_gmt":"2021-10-07T11:37:58","guid":{"rendered":"http:\/\/royalfen.com\/?post_type=product&#038;p=502"},"modified":"2024-12-16T09:08:23","modified_gmt":"2024-12-16T06:08:23","slug":"benevento","status":"publish","type":"product","link":"https:\/\/royalfen.com\/tr\/urun\/benevento\/","title":{"rendered":"BENEVENTO"},"content":{"rendered":"<h4><span style=\"font-family: gotham;\">KULLANILACA\u011eI B\u0130TK\u0130 VE ZARARLI ORGAN\u0130ZMALAR:<\/span><\/h4>\n\n<table id=\"tablepress-91\" class=\"tablepress tablepress-id-91\">\n<thead>\n<tr class=\"row-1\">\n\t<th class=\"column-1\">Bitki Ad\u0131<\/th><th class=\"column-2\">Zararl\u0131 Organizma Ad\u0131<\/th><th class=\"column-3\">Uygulama Dozu ve<br \/>\nD\u00f6nemi<\/th><th class=\"column-4\">Son uygulama<br \/>\nile hasat<br \/>\naras\u0131ndaki s\u00fcre<\/th>\n<\/tr>\n<\/thead>\n<tbody class=\"row-striping row-hover\">\n<tr class=\"row-2\">\n\t<td class=\"column-1\">H\u0131yar<\/td><td class=\"column-2\">Kabakgillerde mildiy\u00f6 <em>(Pseudoperenospora cubensis)<\/em><\/td><td class=\"column-3\">40 g\/100 L su<\/td><td class=\"column-4\">3 g\u00fcn<\/td>\n<\/tr>\n<tr class=\"row-3\">\n\t<td class=\"column-1\">Domates<\/td><td class=\"column-2\">Mildiy\u00f6 <em>(Phytophthora infestans)<\/em><\/td><td class=\"column-3\">40 g\/100 L su (sera) 40 g\/da (tarla)<\/td><td class=\"column-4\">3 g\u00fcn<\/td>\n<\/tr>\n<tr class=\"row-4\">\n\t<td class=\"column-1\">Domates<\/td><td class=\"column-2\">Erken Yaprak Yan\u0131kl\u0131\u011f\u0131 <em>(Alternaria solani)<\/em><\/td><td class=\"column-3\">40 g\/100 L su (sera) 40 g\/da (tarla)<\/td><td class=\"column-4\">3 g\u00fcn<\/td>\n<\/tr>\n<tr class=\"row-5\">\n\t<td class=\"column-1\">*Ba\u011f<\/td><td class=\"column-2\">Mildiy\u00f6 <em>(Plasmopara viticola)<\/em><\/td><td class=\"column-3\">40 g\/100 L su<\/td><td class=\"column-4\">28 g\u00fcn<\/td>\n<\/tr>\n<tr class=\"row-6\">\n\t<td class=\"column-1\">Patates<\/td><td class=\"column-2\">Mildiy\u00f6 <em>(Phytophthora infestans)<\/em><\/td><td class=\"column-3\">40 g\/da<\/td><td class=\"column-4\">14 g\u00fcn<\/td>\n<\/tr>\n<tr class=\"row-7\">\n\t<td class=\"column-1\">Karpuz<\/td><td class=\"column-2\">Kabakgillerde Alternarya Yaprak Yan\u0131kl\u0131\u011f\u0131 <em>(Alternaria cucumerina)<\/em><\/td><td class=\"column-3\">40 g\/da<\/td><td class=\"column-4\">3 g\u00fcn<\/td>\n<\/tr>\n<\/tbody>\n<\/table>\n<!-- #tablepress-91 from cache -->\n","protected":false},"excerpt":{"rendered":"<p><strong>Formulasyonu<\/strong><br \/>\nWG (Suda Da\u011f\u0131labilen Gran\u00fcl)<\/p>\n<p><strong>Aktif Madde<\/strong><br \/>\n%30 Cymoxanil + %22,5 Famoxadone<\/p>\n<p><a class=\"custom-button2\" href=\"https:\/\/royalfen.com\/wp-content\/uploads\/2021\/10\/BENEVENTO-SON-ONAYLI-ETIKET.pdf\" target=\"_blank\" rel=\"noopener\"><strong>ONAYLI ET\u0130KET<\/strong><\/a><\/p>\n","protected":false},"featured_media":1886,"comment_status":"closed","ping_status":"closed","template":"","meta":[],"product_brand":[],"product_cat":[23,33,63,35,44],"product_tag":[],"class_list":{"0":"post-502","1":"product","2":"type-product","3":"status-publish","4":"has-post-thumbnail","6":"product_cat-fungusitler","7":"product_cat-turkiye","8":"product_cat-turkiye-fungisit","9":"product_cat-turkmenistan","10":"product_cat-turkmenistan-fungisit","12":"first","13":"instock","14":"shipping-taxable","15":"product-type-simple"},"_links":{"self":[{"href":"https:\/\/royalfen.com\/tr\/wp-json\/wp\/v2\/product\/502","targetHints":{"allow":["GET"]}}],"collection":[{"href":"https:\/\/royalfen.com\/tr\/wp-json\/wp\/v2\/product"}],"about":[{"href":"https:\/\/royalfen.com\/tr\/wp-json\/wp\/v2\/types\/product"}],"replies":[{"embeddable":true,"href":"https:\/\/royalfen.com\/tr\/wp-json\/wp\/v2\/comments?post=502"}],"wp:featuredmedia":[{"embeddable":true,"href":"https:\/\/royalfen.com\/tr\/wp-json\/wp\/v2\/media\/1886"}],"wp:attachment":[{"href":"https:\/\/royalfen.com\/tr\/wp-json\/wp\/v2\/media?parent=502"}],"wp:term":[{"taxonomy":"product_brand","embeddable":true,"href":"https:\/\/royalfen.com\/tr\/wp-json\/wp\/v2\/product_brand?post=502"},{"taxonomy":"product_cat","embeddable":true,"href":"https:\/\/royalfen.com\/tr\/wp-json\/wp\/v2\/product_cat?post=502"},{"taxonomy":"product_tag","embeddable":true,"href":"https:\/\/royalfen.com\/tr\/wp-json\/wp\/v2\/product_tag?post=502"}],"curies":[{"name":"wp","href":"https:\/\/api.w.org\/{rel}","templated":true}]}}