{"id":505,"date":"2021-10-07T11:44:49","date_gmt":"2021-10-07T11:44:49","guid":{"rendered":"http:\/\/royalfen.com\/?post_type=product&#038;p=505"},"modified":"2024-12-12T16:41:18","modified_gmt":"2024-12-12T13:41:18","slug":"curdason-150-sc","status":"publish","type":"product","link":"https:\/\/royalfen.com\/tr\/urun\/curdason-150-sc\/","title":{"rendered":"CURDASON 150 SC"},"content":{"rendered":"<h4><span style=\"font-family: gotham;\">KULLANILACA\u011eI B\u0130TK\u0130 VE ZARARLI ORGAN\u0130ZMALAR:<\/span><\/h4>\n\n<table id=\"tablepress-90\" class=\"tablepress tablepress-id-90 tbody-has-connected-cells\">\n<thead>\n<tr class=\"row-1\">\n\t<th class=\"column-1\">Bitki Ad\u0131<\/th><th class=\"column-2\">Zararl\u0131 Organizma Ad\u0131<\/th><th class=\"column-3\">Uygulama Dozu ve<br \/>\nD\u00f6nemi<\/th><th class=\"column-4\">Son uygulama ile hasat<br \/>\naras\u0131ndaki s\u00fcre<\/th>\n<\/tr>\n<\/thead>\n<tbody class=\"row-striping row-hover\">\n<tr class=\"row-2\">\n\t<td class=\"column-1\">*Ba\u011f<\/td><td class=\"column-2\">Salk\u0131m g\u00fcvesi<em> (Lobesia botrana)<\/em><\/td><td class=\"column-3\">25 ml\/100 L su Larva<\/td><td class=\"column-4\">3 g\u00fcn (sofral\u0131k \u00fcz\u00fcm)<br \/>\n10 g\u00fcn (\u015earapl\u0131k \u00fcz\u00fcm)<\/td>\n<\/tr>\n<tr class=\"row-3\">\n\t<td rowspan=\"2\" class=\"column-1\">Pamuk<\/td><td class=\"column-2\">Ye\u015filkurt <em>(Helicoverpa armigera)<\/em><\/td><td class=\"column-3\">45 ml\/da larva<\/td><td rowspan=\"2\" class=\"column-4\">14 g\u00fcn<\/td>\n<\/tr>\n<tr class=\"row-4\">\n\t<td class=\"column-2\">Pamuk Yaprakkurdu <em>(Spodoptera littoralis)<\/em><\/td><td class=\"column-3\">40 ml\/da larva<\/td>\n<\/tr>\n<tr class=\"row-5\">\n\t<td rowspan=\"2\" class=\"column-1\">M\u0131s\u0131r<\/td><td class=\"column-2\">M\u0131s\u0131r ko\u00e7ankurdu<em> (Sesamia spp.)<\/em><\/td><td rowspan=\"2\" class=\"column-3\">30 ml\/da larva<\/td><td rowspan=\"2\" class=\"column-4\">3 g\u00fcn<\/td>\n<\/tr>\n<tr class=\"row-6\">\n\t<td class=\"column-2\">M\u0131s\u0131r kurdu <em>(Ostrinia nubilalis)<\/em><\/td>\n<\/tr>\n<tr class=\"row-7\">\n\t<td class=\"column-1\">Domates (tarla)<\/td><td class=\"column-2\">Ye\u015filkurt <em>(Helicoverpa armigera)<\/em><\/td><td class=\"column-3\">40 ml\/da larva<\/td><td rowspan=\"2\" class=\"column-4\">3 g\u00fcn<\/td>\n<\/tr>\n<tr class=\"row-8\">\n\t<td class=\"column-1\">Domates (sera)<\/td><td class=\"column-2\">Pamuk yaprakkurdu <em>(Spodoptera littoralis)<\/em><\/td><td class=\"column-3\">35 ml\/100 L su larva<\/td>\n<\/tr>\n<tr class=\"row-9\">\n\t<td class=\"column-1\">Elma<\/td><td class=\"column-2\">Elma i\u00e7kurdu <em>(Cydia pomonella)<\/em><\/td><td class=\"column-3\">35 ml\/100L su larva \u2013 yumurta<\/td><td class=\"column-4\">14 g\u00fcn<\/td>\n<\/tr>\n<tr class=\"row-10\">\n\t<td class=\"column-1\">F\u0131nd\u0131k<\/td><td class=\"column-2\">F\u0131nd\u0131k kurdu <em>(Curculio nucum)<\/em><\/td><td class=\"column-3\">45 ml\/da ergin<\/td><td class=\"column-4\">14 g\u00fcn<\/td>\n<\/tr>\n<tr class=\"row-11\">\n\t<td class=\"column-1\"><\/td><td class=\"column-2\"><\/td><td class=\"column-3\"><\/td><td class=\"column-4\"><\/td>\n<\/tr>\n<tr class=\"row-12\">\n\t<td class=\"column-1\"><\/td><td class=\"column-2\"><\/td><td class=\"column-3\"><\/td><td class=\"column-4\"><\/td>\n<\/tr>\n<tr class=\"row-13\">\n\t<td class=\"column-1\"><\/td><td class=\"column-2\"><\/td><td class=\"column-3\"><\/td><td class=\"column-4\"><\/td>\n<\/tr>\n<\/tbody>\n<\/table>\n\n","protected":false},"excerpt":{"rendered":"<p><strong>Formulasyonu:<\/strong><br \/>\nSC (Ak\u0131c\u0131 Konsantre\/S\u00fcspansiyon Konsantre)<\/p>\n<p><strong>Aktif Madde:<\/strong><br \/>\n150 g\/l Indoxacarb<\/p>\n<p><a class=\"custom-button2\" href=\"https:\/\/royalfen.com\/wp-content\/uploads\/2021\/10\/CURDASON-GBF.pdf\" target=\"_blank\" rel=\"noopener\"><strong>G\u00dcVENL\u0130K B\u0130LG\u0130 FORMU<\/strong><\/a><\/p>\n<p><a class=\"custom-button2\" href=\"https:\/\/royalfen.com\/wp-content\/uploads\/2021\/10\/CURDASON-ETIKET-2024.pdf\" target=\"_blank\" rel=\"noopener\"><strong>ONAYLI ET\u0130KET<\/strong><\/a><\/p>\n","protected":false},"featured_media":1889,"comment_status":"closed","ping_status":"closed","template":"","meta":[],"product_brand":[],"product_cat":[22,33,65,35,42],"product_tag":[],"class_list":{"0":"post-505","1":"product","2":"type-product","3":"status-publish","4":"has-post-thumbnail","6":"product_cat-insektisitler","7":"product_cat-turkiye","8":"product_cat-turkiye-insektisit","9":"product_cat-turkmenistan","10":"product_cat-turkmenistan-insektisit","12":"first","13":"instock","14":"shipping-taxable","15":"product-type-simple"},"_links":{"self":[{"href":"https:\/\/royalfen.com\/tr\/wp-json\/wp\/v2\/product\/505","targetHints":{"allow":["GET"]}}],"collection":[{"href":"https:\/\/royalfen.com\/tr\/wp-json\/wp\/v2\/product"}],"about":[{"href":"https:\/\/royalfen.com\/tr\/wp-json\/wp\/v2\/types\/product"}],"replies":[{"embeddable":true,"href":"https:\/\/royalfen.com\/tr\/wp-json\/wp\/v2\/comments?post=505"}],"wp:featuredmedia":[{"embeddable":true,"href":"https:\/\/royalfen.com\/tr\/wp-json\/wp\/v2\/media\/1889"}],"wp:attachment":[{"href":"https:\/\/royalfen.com\/tr\/wp-json\/wp\/v2\/media?parent=505"}],"wp:term":[{"taxonomy":"product_brand","embeddable":true,"href":"https:\/\/royalfen.com\/tr\/wp-json\/wp\/v2\/product_brand?post=505"},{"taxonomy":"product_cat","embeddable":true,"href":"https:\/\/royalfen.com\/tr\/wp-json\/wp\/v2\/product_cat?post=505"},{"taxonomy":"product_tag","embeddable":true,"href":"https:\/\/royalfen.com\/tr\/wp-json\/wp\/v2\/product_tag?post=505"}],"curies":[{"name":"wp","href":"https:\/\/api.w.org\/{rel}","templated":true}]}}