{"id":507,"date":"2021-10-07T11:49:00","date_gmt":"2021-10-07T11:49:00","guid":{"rendered":"http:\/\/royalfen.com\/?post_type=product&#038;p=507"},"modified":"2025-08-12T16:20:29","modified_gmt":"2025-08-12T13:20:29","slug":"forcop-20-sp","status":"publish","type":"product","link":"https:\/\/royalfen.com\/tr\/urun\/forcop-20-sp\/","title":{"rendered":"FORCOP 20 SP"},"content":{"rendered":"<h4><span style=\"font-family: gotham;\">KULLANILACA\u011eI B\u0130TK\u0130 VE ZARARLI ORGAN\u0130ZMALAR:<\/span><\/h4>\n\n<table id=\"tablepress-108\" class=\"tablepress tablepress-id-108\">\n<thead>\n<tr class=\"row-1\">\n\t<th class=\"column-1\">Bitki Ad\u0131<\/th><th class=\"column-2\">Zararl\u0131 Organizma Ad\u0131<\/th><th class=\"column-3\">Kullanma Dozu ve D\u00f6nemi<\/th><th class=\"column-4\">Son uygulama<br \/>\nile hasat<br \/>\naras\u0131ndaki s\u00fcre<\/th>\n<\/tr>\n<\/thead>\n<tbody class=\"row-striping row-hover\">\n<tr class=\"row-2\">\n\t<td class=\"column-1\">Pamuk<\/td><td class=\"column-2\">T\u00fct\u00fcn beyazsine\u011fi<em> (Bemisia tabaci)<\/em><br \/>\nPamuk yaprakbiti <em>(Aphis gossypii)<\/em><br \/>\nYaprakpireleri<em> (Empoasca decipiens,<\/em><br \/>\n<em>Asymmetrasca decedens)<\/em><\/td><td class=\"column-3\">40 g \/ da (Larva - ergin)<br \/>\n10 g \/ da (Nimf - Ergin)<br \/>\n10 g \/ da (Nimf - Ergin)<\/td><td class=\"column-4\">---<\/td>\n<\/tr>\n<tr class=\"row-3\">\n\t<td class=\"column-1\">Patates<\/td><td class=\"column-2\">Patates b\u00f6ce\u011fi <em>(Leptionotarsa decemlineata)<\/em><\/td><td class=\"column-3\"> 6 g \/ da (Larva - Ergin)<\/td><td class=\"column-4\">7 g\u00fcn<\/td>\n<\/tr>\n<tr class=\"row-4\">\n\t<td class=\"column-1\">Antep<br \/>\nF\u0131st\u0131\u011f\u0131<\/td><td class=\"column-2\">Antepf\u0131st\u0131\u011f\u0131 psillidi <em>(Agonoscena pistaciae)<\/em><\/td><td class=\"column-3\">20 g \/ 100 L su (Nimf - Ergin)<\/td><td class=\"column-4\">7 g\u00fcn<\/td>\n<\/tr>\n<tr class=\"row-5\">\n\t<td class=\"column-1\">Elma<\/td><td class=\"column-2\">Elma ye\u015fil yaprakbiti<em> (Aphis pomi)<\/em><\/td><td class=\"column-3\">20 g \/ 100 L su (Ergin - Nimf)<\/td><td class=\"column-4\">14 g\u00fcn<\/td>\n<\/tr>\n<tr class=\"row-6\">\n\t<td class=\"column-1\">Karpuz<\/td><td class=\"column-2\">\u015eeftali yaprakbiti <em>(Myzus persicae)<\/em><\/td><td class=\"column-3\">25 g \/ da (Ergin - Nimf)<\/td><td class=\"column-4\">7 g\u00fcn<\/td>\n<\/tr>\n<\/tbody>\n<\/table>\n\n","protected":false},"excerpt":{"rendered":"<p><strong>Formulasyonu:<\/strong><br \/>\nSP (Suda \u00c7\u00f6z\u00fcnen Toz)<\/p>\n<p><strong>Aktif Madde:<\/strong><br \/>\n%20 Acetamiprid<\/p>\n<p><a class=\"custom-button2\" href=\"https:\/\/royalfen.com\/wp-content\/uploads\/2021\/10\/FORCOP-GBF.pdf\" target=\"_blank\" rel=\"noopener\"><strong>G\u00dcVENL\u0130K B\u0130LG\u0130 FORMU<\/strong><\/a><\/p>\n<p><a class=\"custom-button2\" href=\"https:\/\/royalfen.com\/wp-content\/uploads\/2021\/10\/FORCOP-SON-ONAYLI-ETIKET.pdf\" target=\"_blank\" rel=\"noopener\"><strong>ONAYLI ET\u0130KET<\/strong><\/a><\/p>\n","protected":false},"featured_media":1891,"comment_status":"closed","ping_status":"closed","template":"","meta":[],"product_brand":[],"product_cat":[30,37,22,31,57,33,65,35,42],"product_tag":[],"class_list":{"0":"post-507","1":"product","2":"type-product","3":"status-publish","4":"has-post-thumbnail","6":"product_cat-azerbaycan","7":"product_cat-azerbaycan-insektisit","8":"product_cat-insektisitler","9":"product_cat-ozbekistan","10":"product_cat-ozbekistan-insektisit","11":"product_cat-turkiye","12":"product_cat-turkiye-insektisit","13":"product_cat-turkmenistan","14":"product_cat-turkmenistan-insektisit","16":"first","17":"instock","18":"shipping-taxable","19":"product-type-simple"},"_links":{"self":[{"href":"https:\/\/royalfen.com\/tr\/wp-json\/wp\/v2\/product\/507","targetHints":{"allow":["GET"]}}],"collection":[{"href":"https:\/\/royalfen.com\/tr\/wp-json\/wp\/v2\/product"}],"about":[{"href":"https:\/\/royalfen.com\/tr\/wp-json\/wp\/v2\/types\/product"}],"replies":[{"embeddable":true,"href":"https:\/\/royalfen.com\/tr\/wp-json\/wp\/v2\/comments?post=507"}],"wp:featuredmedia":[{"embeddable":true,"href":"https:\/\/royalfen.com\/tr\/wp-json\/wp\/v2\/media\/1891"}],"wp:attachment":[{"href":"https:\/\/royalfen.com\/tr\/wp-json\/wp\/v2\/media?parent=507"}],"wp:term":[{"taxonomy":"product_brand","embeddable":true,"href":"https:\/\/royalfen.com\/tr\/wp-json\/wp\/v2\/product_brand?post=507"},{"taxonomy":"product_cat","embeddable":true,"href":"https:\/\/royalfen.com\/tr\/wp-json\/wp\/v2\/product_cat?post=507"},{"taxonomy":"product_tag","embeddable":true,"href":"https:\/\/royalfen.com\/tr\/wp-json\/wp\/v2\/product_tag?post=507"}],"curies":[{"name":"wp","href":"https:\/\/api.w.org\/{rel}","templated":true}]}}