{"id":514,"date":"2021-10-07T12:00:18","date_gmt":"2021-10-07T12:00:18","guid":{"rendered":"http:\/\/royalfen.com\/?post_type=product&#038;p=514"},"modified":"2024-12-12T13:31:56","modified_gmt":"2024-12-12T10:31:56","slug":"perlantis-45-ec","status":"publish","type":"product","link":"https:\/\/royalfen.com\/tr\/urun\/perlantis-45-ec\/","title":{"rendered":"PERLANT\u0130S 45 EC"},"content":{"rendered":"<h4><span style=\"font-family: gotham;\">KULLANILACA\u011eI B\u0130TK\u0130 VE ZARARLI ORGAN\u0130ZMALAR:<\/span><\/h4>\n\n<table id=\"tablepress-84\" class=\"tablepress tablepress-id-84 tbody-has-connected-cells\">\n<thead>\n<tr class=\"row-1\">\n\t<th class=\"column-1\">Bitki Ad\u0131<\/th><th class=\"column-2\">Zararl\u0131 Organizma Ad\u0131<\/th><th class=\"column-3\">Uygulama Dozu<\/th><td class=\"column-4\"><\/td>\n<\/tr>\n<\/thead>\n<tbody class=\"row-striping row-hover\">\n<tr class=\"row-2\">\n\t<td class=\"column-1\">Arpa<\/td><td class=\"column-2\">K\u0131s\u0131r yabani yulaf <em>(Avena sterilis)<\/em><\/td><td class=\"column-3\">90 ml\/da<\/td><td class=\"column-4\"><\/td>\n<\/tr>\n<tr class=\"row-3\">\n\t<td rowspan=\"2\" class=\"column-1\">Bu\u011fday<\/td><td class=\"column-2\">K\u0131s\u0131r yabani yulaf <em>(Avena sterilis)<\/em><\/td><td class=\"column-3\">90 ml\/da<\/td><td class=\"column-4\"><\/td>\n<\/tr>\n<tr class=\"row-4\">\n\t<td class=\"column-2\">Tilkikuyru\u011fu <em>(Alopecuros myosuroides)<\/em><br \/>\n\u0130ngiliz \u00e7imi <em>(Lolium perenne)<\/em><br \/>\nKu\u015f yemi <em>(Phalaris paradoxa)<\/em><\/td><td class=\"column-3\">100 ml\/da<\/td><td class=\"column-4\"><\/td>\n<\/tr>\n<tr class=\"row-5\">\n\t<td class=\"column-1\"><\/td><td class=\"column-2\"><\/td><td class=\"column-3\"><\/td><td class=\"column-4\"><\/td>\n<\/tr>\n<\/tbody>\n<\/table>\n\n","protected":false},"excerpt":{"rendered":"<p><strong>Formulasyonu:<\/strong><br \/>\nEC (Em\u00fclsiye Olabilen Konsantre)<\/p>\n<p><strong>Aktif Madde:<\/strong><br \/>\n45 g\/l Pinoxaden + 20 g\/l Cloquintocet-mexyl (safener)<\/p>\n<p><a class=\"custom-button2\" href=\"https:\/\/royalfen.com\/wp-content\/uploads\/2021\/10\/PERLANTIS-GBF.pdf\" target=\"_blank\" rel=\"noopener\"><strong>G\u00dcVENL\u0130K B\u0130LG\u0130 FORMU<\/strong><\/a><\/p>\n<p><a class=\"custom-button2\" href=\"https:\/\/royalfen.com\/wp-content\/uploads\/2021\/10\/PERLANTIS-45-EC-SON-ONAYLI-ETIKET.pdf\" target=\"_blank\" rel=\"noopener\"><strong>ONAYLI ET\u0130KET<\/strong><\/a><\/p>\n","protected":false},"featured_media":1900,"comment_status":"closed","ping_status":"closed","template":"","meta":[],"product_brand":[],"product_cat":[30,38,24,33,64,35,43],"product_tag":[],"class_list":{"0":"post-514","1":"product","2":"type-product","3":"status-publish","4":"has-post-thumbnail","6":"product_cat-azerbaycan","7":"product_cat-azerbaycan-herbisit","8":"product_cat-herbisitler","9":"product_cat-turkiye","10":"product_cat-turkiye-herbisit","11":"product_cat-turkmenistan","12":"product_cat-turkmenistan-herbisit","14":"first","15":"instock","16":"shipping-taxable","17":"product-type-simple"},"_links":{"self":[{"href":"https:\/\/royalfen.com\/tr\/wp-json\/wp\/v2\/product\/514","targetHints":{"allow":["GET"]}}],"collection":[{"href":"https:\/\/royalfen.com\/tr\/wp-json\/wp\/v2\/product"}],"about":[{"href":"https:\/\/royalfen.com\/tr\/wp-json\/wp\/v2\/types\/product"}],"replies":[{"embeddable":true,"href":"https:\/\/royalfen.com\/tr\/wp-json\/wp\/v2\/comments?post=514"}],"wp:featuredmedia":[{"embeddable":true,"href":"https:\/\/royalfen.com\/tr\/wp-json\/wp\/v2\/media\/1900"}],"wp:attachment":[{"href":"https:\/\/royalfen.com\/tr\/wp-json\/wp\/v2\/media?parent=514"}],"wp:term":[{"taxonomy":"product_brand","embeddable":true,"href":"https:\/\/royalfen.com\/tr\/wp-json\/wp\/v2\/product_brand?post=514"},{"taxonomy":"product_cat","embeddable":true,"href":"https:\/\/royalfen.com\/tr\/wp-json\/wp\/v2\/product_cat?post=514"},{"taxonomy":"product_tag","embeddable":true,"href":"https:\/\/royalfen.com\/tr\/wp-json\/wp\/v2\/product_tag?post=514"}],"curies":[{"name":"wp","href":"https:\/\/api.w.org\/{rel}","templated":true}]}}