{"id":517,"date":"2021-10-07T12:03:58","date_gmt":"2021-10-07T12:03:58","guid":{"rendered":"http:\/\/royalfen.com\/?post_type=product&#038;p=517"},"modified":"2024-12-12T11:05:13","modified_gmt":"2024-12-12T08:05:13","slug":"roytazon","status":"publish","type":"product","link":"https:\/\/royalfen.com\/tr\/urun\/roytazon\/","title":{"rendered":"ROYTAZONE 320 SC"},"content":{"rendered":"<h4><span style=\"font-family: gotham;\">KULLANILACA\u011eI B\u0130TK\u0130 VE ZARARLI ORGAN\u0130ZMALAR:<\/span><\/h4>\n\n<table id=\"tablepress-82\" class=\"tablepress tablepress-id-82 tbody-has-connected-cells\">\n<thead>\n<tr class=\"row-1\">\n\t<th class=\"column-1\">Bitki Ad\u0131<\/th><th class=\"column-2\">Zararl\u0131 Organizma Ad\u0131<\/th><th class=\"column-3\">Uygulama Dozu ve<br \/>\nD\u00f6nemi<\/th><th class=\"column-4\">Son uygulama ile hasat<br \/>\naras\u0131ndaki s\u00fcre<\/th>\n<\/tr>\n<\/thead>\n<tbody class=\"row-striping row-hover\">\n<tr class=\"row-2\">\n\t<td class=\"column-1\">Domates (Sera)<\/td><td class=\"column-2\">Patl\u0131cangiller k\u00fclleme (Leveillula taurica)<\/td><td class=\"column-3\">125 ml \/ 100 L su<\/td><td class=\"column-4\">3 g\u00fcn<\/td>\n<\/tr>\n<tr class=\"row-3\">\n\t<td class=\"column-1\">Biber (Sera)<\/td><td class=\"column-2\">Patl\u0131cangiller k\u00fclleme (Leveillula taurica)<\/td><td class=\"column-3\">125 ml \/ 100 L su<\/td><td class=\"column-4\">3 g\u00fcn<\/td>\n<\/tr>\n<tr class=\"row-4\">\n\t<td class=\"column-1\">H\u0131yar (Sera)<\/td><td class=\"column-2\">Kabakgillerde k\u00fclleme (Erysiphe cichoracearum,<br \/>\nSphaerotheca fuliginea)<\/td><td class=\"column-3\">100 ml \/ 100 L su<\/td><td class=\"column-4\">3 g\u00fcn<\/td>\n<\/tr>\n<tr class=\"row-5\">\n\t<td rowspan=\"3\" class=\"column-1\">Bu\u011fday<\/td><td class=\"column-2\">Bu\u011fdayda Septorya yaprak lekesi (Septoria tritici)<\/td><td rowspan=\"3\" class=\"column-3\">75 ml\/da<\/td><td rowspan=\"3\" class=\"column-4\">56 g\u00fcn<\/td>\n<\/tr>\n<tr class=\"row-6\">\n\t<td class=\"column-2\">Tah\u0131l k\u00fcllemesi (Erysiphe graminis)<\/td>\n<\/tr>\n<tr class=\"row-7\">\n\t<td class=\"column-2\">Sar\u0131 pas (Puccinia striiformis)<\/td>\n<\/tr>\n<tr class=\"row-8\">\n\t<td class=\"column-1\"><\/td><td class=\"column-2\"><\/td><td class=\"column-3\"><\/td><td class=\"column-4\"><\/td>\n<\/tr>\n<tr class=\"row-9\">\n\t<td class=\"column-1\"><\/td><td class=\"column-2\"><\/td><td class=\"column-3\"><\/td><td class=\"column-4\"><\/td>\n<\/tr>\n<tr class=\"row-10\">\n\t<td class=\"column-1\"><\/td><td class=\"column-2\"><\/td><td class=\"column-3\"><\/td><td class=\"column-4\"><\/td>\n<\/tr>\n<\/tbody>\n<\/table>\n\n","protected":false},"excerpt":{"rendered":"<p><strong>Form\u00fclasyonu:<\/strong><br \/>\nSC ( Ak\u0131c\u0131 Konsantre-S\u00fcspansiyon Konsantre )<\/p>\n<p><strong>Aktif Madde:<\/strong><br \/>\nAzoxystrobin + Tebuconazole ( 120 + 200 g\/l )<\/p>\n<p><a class=\"custom-button2\" href=\"https:\/\/royalfen.com\/wp-content\/uploads\/2021\/10\/ROYTAZONE-GBF.pdf\" target=\"_blank\" rel=\"noopener\"><strong>G\u00dcVENL\u0130K B\u0130LG\u0130 FORMU<\/strong><\/a><\/p>\n<p><a class=\"custom-button2\" href=\"https:\/\/royalfen.com\/wp-content\/uploads\/2021\/10\/ROYTAZONE-SON-ONAYLI-ETIKET-2024.pdf\" target=\"_blank\" rel=\"noopener\"><strong>ONAYLI ET\u0130KET<\/strong><\/a><\/p>\n","protected":false},"featured_media":1944,"comment_status":"closed","ping_status":"closed","template":"","meta":[],"product_brand":[],"product_cat":[30,39,23,32,54,31,59,33,63,35,44],"product_tag":[],"class_list":{"0":"post-517","1":"product","2":"type-product","3":"status-publish","4":"has-post-thumbnail","6":"product_cat-azerbaycan","7":"product_cat-azerbaycan-fungisit","8":"product_cat-fungusitler","9":"product_cat-kirgizistan","10":"product_cat-kirgizistan-fungisit","11":"product_cat-ozbekistan","12":"product_cat-ozbekistan-fungisit","13":"product_cat-turkiye","14":"product_cat-turkiye-fungisit","15":"product_cat-turkmenistan","16":"product_cat-turkmenistan-fungisit","18":"first","19":"instock","20":"shipping-taxable","21":"product-type-simple"},"_links":{"self":[{"href":"https:\/\/royalfen.com\/tr\/wp-json\/wp\/v2\/product\/517","targetHints":{"allow":["GET"]}}],"collection":[{"href":"https:\/\/royalfen.com\/tr\/wp-json\/wp\/v2\/product"}],"about":[{"href":"https:\/\/royalfen.com\/tr\/wp-json\/wp\/v2\/types\/product"}],"replies":[{"embeddable":true,"href":"https:\/\/royalfen.com\/tr\/wp-json\/wp\/v2\/comments?post=517"}],"wp:featuredmedia":[{"embeddable":true,"href":"https:\/\/royalfen.com\/tr\/wp-json\/wp\/v2\/media\/1944"}],"wp:attachment":[{"href":"https:\/\/royalfen.com\/tr\/wp-json\/wp\/v2\/media?parent=517"}],"wp:term":[{"taxonomy":"product_brand","embeddable":true,"href":"https:\/\/royalfen.com\/tr\/wp-json\/wp\/v2\/product_brand?post=517"},{"taxonomy":"product_cat","embeddable":true,"href":"https:\/\/royalfen.com\/tr\/wp-json\/wp\/v2\/product_cat?post=517"},{"taxonomy":"product_tag","embeddable":true,"href":"https:\/\/royalfen.com\/tr\/wp-json\/wp\/v2\/product_tag?post=517"}],"curies":[{"name":"wp","href":"https:\/\/api.w.org\/{rel}","templated":true}]}}