{"id":518,"date":"2021-10-07T12:05:14","date_gmt":"2021-10-07T12:05:14","guid":{"rendered":"http:\/\/royalfen.com\/?post_type=product&#038;p=518"},"modified":"2024-12-12T10:56:16","modified_gmt":"2024-12-12T07:56:16","slug":"sparrow-sc","status":"publish","type":"product","link":"https:\/\/royalfen.com\/tr\/urun\/sparrow-sc\/","title":{"rendered":"SPARROW SC"},"content":{"rendered":"<h4><span style=\"font-family: gotham;\">KULLANILACA\u011eI B\u0130TK\u0130 VE ZARARLI ORGAN\u0130ZMALAR:<\/span><\/h4>\n\n<table id=\"tablepress-81\" class=\"tablepress tablepress-id-81 tbody-has-connected-cells\">\n<thead>\n<tr class=\"row-1\">\n\t<th class=\"column-1\">Bitki Ad\u0131<\/th><th class=\"column-2\">Zararl\u0131 Organizma Ad\u0131<\/th><th class=\"column-3\">Uygulama Dozu ve<br \/>\nD\u00f6nemi<\/th><th class=\"column-4\">Son uygulama ile hasat<br \/>\naras\u0131ndaki s\u00fcre<\/th>\n<\/tr>\n<\/thead>\n<tbody class=\"row-striping row-hover\">\n<tr class=\"row-2\">\n\t<td rowspan=\"3\" class=\"column-1\">*MISIR<br \/>\n(4-8 Yaprak)<\/td><td class=\"column-2\">\u00c7imensi Yabanc\u0131 otlar<br \/>\nBenekli dar\u0131can <em>(Echinochica colonum)<\/em><br \/>\nDar\u0131can <em>(Echinochloa crus-galli)<\/em><br \/>\n\u00c7atalotu <em>(Digitaria sanguinalis)<\/em><br \/>\nYe\u015fil Kirpidar\u0131 <em>(Setaria viridis)<\/em><\/td><td class=\"column-3\">125 ml\/da Karde\u015flenme \u00f6ncesi veya<br \/>\nkarde\u015flenme i\u00e7inde olduklar\u0131 erken<br \/>\nd\u00f6nemde (2 \u2013 6 yaprak)<\/td><td class=\"column-4\">56 g\u00fcn<\/td>\n<\/tr>\n<tr class=\"row-3\">\n\t<td class=\"column-2\">Kanya\u015f <em>(Sorghum halepense)<\/em><\/td><td class=\"column-3\">125 ml\/da Bitki koruma \u00fcr\u00fcn\u00fcn\u00fc b\u00fcnyeye<br \/>\nalacak yeterli \u00e7\u0131k\u0131\u015flar olduktan sonra (10\u201330<br \/>\ncm boyda)<\/td><td class=\"column-4\">56 g\u00fcn<\/td>\n<\/tr>\n<tr class=\"row-4\">\n\t<td class=\"column-2\">Geni\u015f Yaprakl\u0131 Yabanc\u0131 otlar<br \/>\nK\u0131rm\u0131z\u0131 k\u00f6kl\u00fc tilkikuyru\u011fu<em> (Amaranthus retroflexus)<\/em><br \/>\nSirken <em>(Chenopodium album)<\/em><br \/>\nDomuz p\u0131tra\u011f\u0131 <em>(Xanthium strumarium)<\/em><br \/>\nYabani semizotu <em>(Portulaca oleracea)<\/em><\/td><td class=\"column-3\">125 ml\/da Geli\u015fimlerinin 2\u20136 yaprakl\u0131<br \/>\noldu\u011fu gen\u00e7 d\u00f6nemlerinde<\/td><td class=\"column-4\">56 g\u00fcn<\/td>\n<\/tr>\n<tr class=\"row-5\">\n\t<td class=\"column-1\"><\/td><td class=\"column-2\"><\/td><td class=\"column-3\"><\/td><td class=\"column-4\"><\/td>\n<\/tr>\n<\/tbody>\n<\/table>\n\n","protected":false},"excerpt":{"rendered":"<p><strong>Form\u00fclasyonu:<\/strong><br \/>\nSC (Ak\u0131c\u0131 Konsantre\/S\u00fcspansiyon Konsantre)<\/p>\n<p><strong>Aktif Madde:<\/strong><br \/>\n40 g\/l Nicosulfuron<\/p>\n<p><a class=\"custom-button2\" href=\"https:\/\/royalfen.com\/wp-content\/uploads\/2021\/10\/SPARROW-GBF.pdf\" target=\"_blank\" rel=\"noopener\"><strong>G\u00dcVENL\u0130K B\u0130LG\u0130 FORMU<\/strong><\/a><\/p>\n<p><a class=\"custom-button2\" href=\"https:\/\/royalfen.com\/wp-content\/uploads\/2021\/10\/SPRROW-ETIKET.pdf\" target=\"_blank\" rel=\"noopener\"><strong>ONAYLI ET\u0130KET<\/strong><\/a><\/p>\n","protected":false},"featured_media":1954,"comment_status":"closed","ping_status":"closed","template":"","meta":[],"product_brand":[],"product_cat":[30,38,24,33,64,35,43],"product_tag":[],"class_list":{"0":"post-518","1":"product","2":"type-product","3":"status-publish","4":"has-post-thumbnail","6":"product_cat-azerbaycan","7":"product_cat-azerbaycan-herbisit","8":"product_cat-herbisitler","9":"product_cat-turkiye","10":"product_cat-turkiye-herbisit","11":"product_cat-turkmenistan","12":"product_cat-turkmenistan-herbisit","14":"first","15":"instock","16":"shipping-taxable","17":"product-type-simple"},"_links":{"self":[{"href":"https:\/\/royalfen.com\/tr\/wp-json\/wp\/v2\/product\/518","targetHints":{"allow":["GET"]}}],"collection":[{"href":"https:\/\/royalfen.com\/tr\/wp-json\/wp\/v2\/product"}],"about":[{"href":"https:\/\/royalfen.com\/tr\/wp-json\/wp\/v2\/types\/product"}],"replies":[{"embeddable":true,"href":"https:\/\/royalfen.com\/tr\/wp-json\/wp\/v2\/comments?post=518"}],"wp:featuredmedia":[{"embeddable":true,"href":"https:\/\/royalfen.com\/tr\/wp-json\/wp\/v2\/media\/1954"}],"wp:attachment":[{"href":"https:\/\/royalfen.com\/tr\/wp-json\/wp\/v2\/media?parent=518"}],"wp:term":[{"taxonomy":"product_brand","embeddable":true,"href":"https:\/\/royalfen.com\/tr\/wp-json\/wp\/v2\/product_brand?post=518"},{"taxonomy":"product_cat","embeddable":true,"href":"https:\/\/royalfen.com\/tr\/wp-json\/wp\/v2\/product_cat?post=518"},{"taxonomy":"product_tag","embeddable":true,"href":"https:\/\/royalfen.com\/tr\/wp-json\/wp\/v2\/product_tag?post=518"}],"curies":[{"name":"wp","href":"https:\/\/api.w.org\/{rel}","templated":true}]}}