{"id":519,"date":"2021-10-07T12:06:48","date_gmt":"2021-10-07T12:06:48","guid":{"rendered":"http:\/\/royalfen.com\/?post_type=product&#038;p=519"},"modified":"2025-07-14T11:06:23","modified_gmt":"2025-07-14T08:06:23","slug":"taido-5-cs","status":"publish","type":"product","link":"https:\/\/royalfen.com\/tr\/urun\/taido-5-cs\/","title":{"rendered":"TA\u0130DO 5 CS"},"content":{"rendered":"<h4><span style=\"font-family: gotham;\">KULLANILACA\u011eI B\u0130TK\u0130 VE ZARARLI ORGAN\u0130ZMALAR:<\/span><\/h4>\n\n<table id=\"tablepress-80\" class=\"tablepress tablepress-id-80 tbody-has-connected-cells\">\n<thead>\n<tr class=\"row-1\">\n\t<th class=\"column-1\">Bitki Ad\u0131<\/th><th class=\"column-2\">Zararl\u0131 Organizma Ad\u0131<\/th><th class=\"column-3\">Kullanma Dozu ve D\u00f6nemi<\/th><th class=\"column-4\">Son \u0130la\u00e7lama ile Hasat<br \/>\nAras\u0131ndaki S\u00fcre<\/th>\n<\/tr>\n<\/thead>\n<tbody class=\"row-striping row-hover\">\n<tr class=\"row-2\">\n\t<td class=\"column-1\">Pamuk*<\/td><td class=\"column-2\">Ye\u015filkurt <em>(Helicoverpa armigera)<\/em><\/td><td class=\"column-3\">150 ml\/da (Larva)<\/td><td class=\"column-4\">7 g\u00fcn<\/td>\n<\/tr>\n<tr class=\"row-3\">\n\t<td class=\"column-1\">Elma<\/td><td class=\"column-2\">Elma i\u00e7kurdu <em>(Cydia pomonella)<\/em><\/td><td class=\"column-3\">20 ml\/100 l su Larva<\/td><td class=\"column-4\">3 g\u00fcn<\/td>\n<\/tr>\n<tr class=\"row-4\">\n\t<td rowspan=\"2\" class=\"column-1\">**Ba\u011f<\/td><td class=\"column-2\">Ba\u011f salk\u0131m G\u00fcvesi <em>(Lobesia botrana)<\/em><\/td><td class=\"column-3\">20 ml\/100 l su Larva<\/td><td rowspan=\"2\" class=\"column-4\">7 g\u00fcn<\/td>\n<\/tr>\n<tr class=\"row-5\">\n\t<td class=\"column-2\">Ba\u011f maymuncu\u011fu <em>(Otiorrynchus spp.)<\/em><\/td><td class=\"column-3\">25 ml\/100 l su Larva<\/td>\n<\/tr>\n<tr class=\"row-6\">\n\t<td rowspan=\"3\" class=\"column-1\">M\u0131s\u0131r<\/td><td class=\"column-2\">Bozkurt <em>(Agrotis spp )<\/em><\/td><td class=\"column-3\">50 ml\/da Larva<\/td><td rowspan=\"3\" class=\"column-4\">14 g\u00fcn<\/td>\n<\/tr>\n<tr class=\"row-7\">\n\t<td class=\"column-2\">M\u0131s\u0131r ko\u00e7ankurdu <em>(Sesamia spp.)<\/em><\/td><td class=\"column-3\">30 ml\/da Larva<\/td>\n<\/tr>\n<tr class=\"row-8\">\n\t<td class=\"column-2\">M\u0131s\u0131r kurdu <em>(Ostrinia nubilalis)<\/em><\/td><td class=\"column-3\">30 ml\/da Larva<\/td>\n<\/tr>\n<tr class=\"row-9\">\n\t<td rowspan=\"2\" class=\"column-1\">Patates<\/td><td class=\"column-2\">Patates b\u00f6ce\u011fi<em> (Leptinotarsa decemlineata)<\/em><\/td><td class=\"column-3\">40 ml\/da Larva ve Ergin<\/td><td rowspan=\"2\" class=\"column-4\">3 g\u00fcn<\/td>\n<\/tr>\n<tr class=\"row-10\">\n\t<td class=\"column-2\">Bozkurt <em>(Agrotis spp.)<\/em><\/td><td class=\"column-3\">40 ml\/100 L su<\/td>\n<\/tr>\n<tr class=\"row-11\">\n\t<td class=\"column-1\">\u015eeker Pancar\u0131<\/td><td class=\"column-2\">Pancar piresi <em>(Chaetocnema spp.)<\/em><\/td><td class=\"column-3\">25 ml\/da (Ergin)<\/td><td class=\"column-4\">3 g\u00fcn<\/td>\n<\/tr>\n<tr class=\"row-12\">\n\t<td class=\"column-1\">Domates<\/td><td class=\"column-2\">Ye\u015filkurt<em> (Helicoverpa armigera)<\/em><\/td><td class=\"column-3\">50 ml\/da (Larva)<\/td><td class=\"column-4\">3 g\u00fcn<\/td>\n<\/tr>\n<tr class=\"row-13\">\n\t<td class=\"column-1\">F\u0131nd\u0131k<\/td><td class=\"column-2\">F\u0131nd\u0131k kurdu <em>(Curcilio nucum)<\/em><\/td><td class=\"column-3\">50 ml\/da Ergin<\/td><td class=\"column-4\">7 g\u00fcn<\/td>\n<\/tr>\n<tr class=\"row-14\">\n\t<td class=\"column-1\">Lahana<\/td><td class=\"column-2\">Lahana yaprakg\u00fcvesi <em>(Plutella maculipennis)<\/em><\/td><td class=\"column-3\">25 ml\/da (Larva)<\/td><td class=\"column-4\">2 g\u00fcn<\/td>\n<\/tr>\n<tr class=\"row-15\">\n\t<td rowspan=\"2\" class=\"column-1\">Hububat<\/td><td class=\"column-2\">K\u0131m\u0131l <em>(Aelia rostrata)<\/em><\/td><td class=\"column-3\">45ml\/da K\u0131\u015flanm\u0131\u015f ergin 2. Ve 5.D\u00f6nem nimf<br \/>\nve yeni nesil ergin. 1-3 d\u00f6nem nimf 50 ml\/da<br \/>\nLarva d\u00f6nemi ye\u015fil aksam uygulamas\u0131<\/td><td rowspan=\"2\" class=\"column-4\">14 g\u00fcn<\/td>\n<\/tr>\n<tr class=\"row-16\">\n\t<td class=\"column-2\">Ekin Kambur B\u00f6ce\u011fi <em>(Zabrus spp.)<\/em><\/td><td class=\"column-3\">50 ml\/da Sat\u0131h uygulamas\u0131<\/td>\n<\/tr>\n<tr class=\"row-17\">\n\t<td rowspan=\"4\" class=\"column-1\">Zeytin<\/td><td class=\"column-2\">Zeytin g\u00fcvesi <em>(Prays oleae)<\/em><\/td><td class=\"column-3\">15 ml\/100 L.su \u00e7i\u00e7ek nesli<\/td><td rowspan=\"4\" class=\"column-4\">3 g\u00fcn<\/td>\n<\/tr>\n<tr class=\"row-18\">\n\t<td class=\"column-2\">Zeytin sine\u011fi <em>(Bactrocera olea)<\/em><\/td><td class=\"column-3\">30 ml\/100 L. su<\/td>\n<\/tr>\n<tr class=\"row-19\">\n\t<td class=\"column-2\">Zeytin karako\u015fnili<em> (Saissetia oleae)<\/em><\/td><td class=\"column-3\">30 ml\/100 l su (larva)<\/td>\n<\/tr>\n<tr class=\"row-20\">\n\t<td class=\"column-2\">Zeytin pamuklubiti <em>(Euphyllura olivina)<\/em><\/td><td class=\"column-3\">30 ml\/100 l su<\/td>\n<\/tr>\n<tr class=\"row-21\">\n\t<td class=\"column-1\"><\/td><td class=\"column-2\"><\/td><td class=\"column-3\"><\/td><td class=\"column-4\"><\/td>\n<\/tr>\n<tr class=\"row-22\">\n\t<td class=\"column-1\"><\/td><td class=\"column-2\"><\/td><td class=\"column-3\"><\/td><td class=\"column-4\"><\/td>\n<\/tr>\n<tr class=\"row-23\">\n\t<td class=\"column-1\"><\/td><td class=\"column-2\"><\/td><td class=\"column-3\"><\/td><td class=\"column-4\"><\/td>\n<\/tr>\n<\/tbody>\n<\/table>\n<!-- #tablepress-80 from cache -->\n","protected":false},"excerpt":{"rendered":"<p><strong>Form\u00fclasyonu:<\/strong><br \/>\nCS (Kaps\u00fcl S\u00fcspansiyon)<\/p>\n<p><strong>Aktif Madde:<\/strong><br \/>\n50 g\/l Lambda-cyhalothrin<\/p>\n<p><a class=\"custom-button2\" href=\"https:\/\/royalfen.com\/wp-content\/uploads\/2021\/10\/taido-onayli-etiket.pdf\" target=\"_blank\" rel=\"noopener\"><strong>ONAYLI ET\u0130KET<\/strong><\/a><\/p>\n","protected":false},"featured_media":1956,"comment_status":"closed","ping_status":"closed","template":"","meta":[],"product_brand":[],"product_cat":[30,37,22,33,65,35,42],"product_tag":[],"class_list":{"0":"post-519","1":"product","2":"type-product","3":"status-publish","4":"has-post-thumbnail","6":"product_cat-azerbaycan","7":"product_cat-azerbaycan-insektisit","8":"product_cat-insektisitler","9":"product_cat-turkiye","10":"product_cat-turkiye-insektisit","11":"product_cat-turkmenistan","12":"product_cat-turkmenistan-insektisit","14":"first","15":"instock","16":"shipping-taxable","17":"product-type-simple"},"_links":{"self":[{"href":"https:\/\/royalfen.com\/tr\/wp-json\/wp\/v2\/product\/519","targetHints":{"allow":["GET"]}}],"collection":[{"href":"https:\/\/royalfen.com\/tr\/wp-json\/wp\/v2\/product"}],"about":[{"href":"https:\/\/royalfen.com\/tr\/wp-json\/wp\/v2\/types\/product"}],"replies":[{"embeddable":true,"href":"https:\/\/royalfen.com\/tr\/wp-json\/wp\/v2\/comments?post=519"}],"wp:featuredmedia":[{"embeddable":true,"href":"https:\/\/royalfen.com\/tr\/wp-json\/wp\/v2\/media\/1956"}],"wp:attachment":[{"href":"https:\/\/royalfen.com\/tr\/wp-json\/wp\/v2\/media?parent=519"}],"wp:term":[{"taxonomy":"product_brand","embeddable":true,"href":"https:\/\/royalfen.com\/tr\/wp-json\/wp\/v2\/product_brand?post=519"},{"taxonomy":"product_cat","embeddable":true,"href":"https:\/\/royalfen.com\/tr\/wp-json\/wp\/v2\/product_cat?post=519"},{"taxonomy":"product_tag","embeddable":true,"href":"https:\/\/royalfen.com\/tr\/wp-json\/wp\/v2\/product_tag?post=519"}],"curies":[{"name":"wp","href":"https:\/\/api.w.org\/{rel}","templated":true}]}}