{"id":520,"date":"2021-10-07T12:08:02","date_gmt":"2021-10-07T12:08:02","guid":{"rendered":"http:\/\/royalfen.com\/?post_type=product&#038;p=520"},"modified":"2024-12-12T10:36:58","modified_gmt":"2024-12-12T07:36:58","slug":"tardis-40-sl","status":"publish","type":"product","link":"https:\/\/royalfen.com\/tr\/urun\/tardis-40-sl\/","title":{"rendered":"TARDIS 40 SL"},"content":{"rendered":"<h4><span style=\"font-family: gotham;\">KULLANILACA\u011eI B\u0130TK\u0130 VE ZARARLI ORGAN\u0130ZMALAR:<\/span><\/h4>\n\n<table id=\"tablepress-79\" class=\"tablepress tablepress-id-79 tbody-has-connected-cells\">\n<thead>\n<tr class=\"row-1\">\n\t<th class=\"column-1\">Bitki Ad\u0131<\/th><th class=\"column-2\">Kontrol etti\u011fi yabanc\u0131 otlar<\/th><th class=\"column-3\">Uygulama Dozu ve<br \/>\nD\u00f6nemi<\/th>\n<\/tr>\n<\/thead>\n<tbody class=\"row-striping row-hover\">\n<tr class=\"row-2\">\n\t<td class=\"column-1\">Bezelye<\/td><td class=\"column-2\">\u00c7oban \u00e7antas\u0131 <em>(Capsella bursapastoris)<\/em><br \/>\nDomuz p\u0131tra\u011f\u0131 <em>(Xanthium strumarium)<\/em><br \/>\nSirken <em>(Chenopodium urbicum)<\/em><br \/>\nTatula <em>(Datura stromonium)<\/em><br \/>\n\u015eahtere <em>(Fumaria officinalis)<\/em><br \/>\n\u00c7oban de\u011fne\u011fi <em>(Polygonum aviculare, P.convolvulus)<\/em><br \/>\nK\u0131rm\u0131z\u0131 k\u00f6kl\u00fc tilki kuyru\u011fu<em> (Amaranthus retroflexus)<\/em><br \/>\nYap\u0131\u015fkan otu <em>(Setaria verticillata)<\/em><br \/>\nKu\u015f otu <em>(Stellaria media)<\/em><br \/>\nIs\u0131rgan otu <em>(Urtica urens)<\/em><br \/>\nYav\u015fan otu <em>(Veronica cymbalaria)<\/em><br \/>\nDar\u0131can<em> (Echinochloa crus-galli)<\/em><br \/>\nBall\u0131baba <em>(Lamium amplexicaule)<\/em><br \/>\n\u015eeytan elmas\u0131<em> (Datura stramonium)<\/em><\/td><td class=\"column-3\">100 ml\/da<br \/>\nErken \u00e7\u0131k\u0131\u015f sonras\u0131<br \/>\nuygulan\u0131r.<\/td>\n<\/tr>\n<tr class=\"row-3\">\n\t<td class=\"column-1\">Fasulye<\/td><td class=\"column-2\">\u00c7oban de\u011fne\u011fi <em>(Polygonum aviculare)<\/em><br \/>\nK\u0131rm\u0131z\u0131 k\u00f6kl\u00fc tilki kuyru\u011fu <em>(Amaranthus retroflexus)<\/em><br \/>\nYap\u0131\u015fkan otu<em> (Setaria verticillata)<\/em><br \/>\nK\u00f6pek \u00fcz\u00fcm\u00fc <em>(Solanum nigrum)<\/em><br \/>\n\u015eeytan elmas\u0131<em> (Datura stramonium)<\/em><br \/>\nDomuz p\u0131tra\u011f\u0131 <em>(Xanthium strumarium)<\/em><br \/>\nSirken <em>(Chenopodium urbicum)<\/em><br \/>\nTatula <em>(Datura stromonium)<\/em><br \/>\n\u015eahtere <em>(Fumaria officinalis, F.cillicica)<\/em><br \/>\nDar\u0131can <em>(Echinochloa crus-galli)<\/em><\/td><td class=\"column-3\">100 ml\/da<br \/>\nErken \u00e7\u0131k\u0131\u015f sonras\u0131<br \/>\nuygulan\u0131r.<\/td>\n<\/tr>\n<tr class=\"row-4\">\n\t<td class=\"column-1\">Soya<\/td><td class=\"column-2\">K\u0131rm\u0131z\u0131 k\u00f6kl\u00fc tilki kuyru\u011fu <em>(Amaranthus retroflexus)<\/em><br \/>\nS\u00fctle\u011fen <em>(Euphorbia heterophylla, E. nufans)<\/em><br \/>\nYap\u0131\u015fkan otu<em> (Setaria verticillata)<\/em><br \/>\nDomuz p\u0131tra\u011f\u0131 <em>(Xanthium strumarium)<\/em><br \/>\nDar\u0131can <em>(Echinochloa crus-galli)<\/em><\/td><td class=\"column-3\">125 ml\/da<br \/>\nErken \u00e7\u0131k\u0131s sonras\u0131<br \/>\nuygulan\u0131r.<\/td>\n<\/tr>\n<tr class=\"row-5\">\n\t<td rowspan=\"2\" class=\"column-1\">Yerf\u0131st\u0131\u011f\u0131<\/td><td class=\"column-2\">Yap\u0131\u015fkan otu <em>(Setaria verticillata)<\/em><br \/>\nDar\u0131can <em>(Echinochloa crus-galli, E.colonum)<\/em><br \/>\n\u015eahtere <em>(Fumaria officinalis)<\/em><\/td><td class=\"column-3\">100 ml\/da<br \/>\nErken \u00e7\u0131k\u0131\u015f<br \/>\nsonras\u0131 uygulan\u0131r.<\/td>\n<\/tr>\n<tr class=\"row-6\">\n\t<td class=\"column-2\">Fener otu <em>(Physalis angulata)<\/em><br \/>\nDomuz p\u0131tra\u011f\u0131 <em>(Xanthium strumarium)<\/em><br \/>\n\u00c7oban de\u011fne\u011fi <em>(Polygonum aviculare)<\/em><\/td><td class=\"column-3\">125 ml\/da<br \/>\nErken \u00e7\u0131k\u0131\u015f<br \/>\nsonras\u0131 uygulan\u0131r.<\/td>\n<\/tr>\n<tr class=\"row-7\">\n\t<td rowspan=\"3\" class=\"column-1\">Ay\u00e7i\u00e7e\u011fi<br \/>\n(IMI toleransl\u0131<br \/>\n\u00e7e\u015fitler)<\/td><td class=\"column-2\">Yabani hardal <em>(Sinapis arvensis)<\/em><\/td><td class=\"column-3\">100 ml\/da Yabanc\u0131 otlar 2-5 yaprakl\u0131 d\u00f6nem. Ay\u00e7i\u00e7e\u011finin<br \/>\n4-10 yaprakl\u0131 d\u00f6neminde uygulan\u0131r.<\/td>\n<\/tr>\n<tr class=\"row-8\">\n\t<td class=\"column-2\">K\u0131rm\u0131z\u0131 k\u00f6kl\u00fc tilki kuyru\u011fu<em> (Amaranthus retroflexus.A.albus)<\/em><br \/>\nDomuz p\u0131tra\u011f\u0131<em> (Xanthium strumarium)<\/em><br \/>\nBambul otu <em>(Chrosophora tinctoria)<\/em><br \/>\nSirken <em>(Chenopodium urbicum)<\/em><br \/>\nZincir p\u0131tra\u011f\u0131 <em>(Xanthium spinosum)<\/em><br \/>\nYabani yulaf <em>(Avena sterilis)<\/em><br \/>\nTatula <em>(Datura stromonium)<\/em><br \/>\n\u00c7ak\u0131r dikeni <em>(Xanthium spinosum)<\/em><br \/>\nK\u00f6pek \u00fcz\u00fcm\u00fc <em>(Solanum nigrum)<\/em><br \/>\n\u015eeytan elmas\u0131<em> (Datura stramonium)<\/em><\/td><td class=\"column-3\">120 ml\/da Yabanc\u0131 otlar 2-5 yaprakl\u0131 d\u00f6nem. Ay\u00e7i\u00e7e\u011finin<br \/>\n4-6 yaprakl\u0131 d\u00f6neminde uygulan\u0131r.<\/td>\n<\/tr>\n<tr class=\"row-9\">\n\t<td class=\"column-2\">Sirken <em>(Chenopodium urbicum)<\/em><br \/>\nDemir dikeni <em>(Tribulus terrestris)<\/em><br \/>\nCanavar otu-Oraban\u015f <em>(Orobanche cernua)<\/em><br \/>\nDar\u0131can<em> (Echinochloa crus-galli)<\/em><br \/>\nSemiz otu <em>(Portulaca oleraceae)<\/em><\/td><td class=\"column-3\">130 ml\/da Yabanc\u0131 otlar 2-5 yaprakl\u0131 d\u00f6nem. Ay\u00e7i\u00e7e\u011finin<br \/>\n6-10 yaprakl\u0131 d\u00f6neminde uygulan\u0131r.<\/td>\n<\/tr>\n<tr class=\"row-10\">\n\t<td class=\"column-1\">Yonca<\/td><td class=\"column-2\">K\u00fcsk\u00fct<em> (Cuscuta spp.)<\/em><\/td><td class=\"column-3\">125 ml\/da Erken \u00e7\u0131k\u0131\u015f sonras\u0131. Yoncan\u0131n<br \/>\n10-12 yaprakl\u0131 d\u00f6neminde uygulan\u0131r.<\/td>\n<\/tr>\n<tr class=\"row-11\">\n\t<td class=\"column-1\"><\/td><td class=\"column-2\"><\/td><td class=\"column-3\"><\/td>\n<\/tr>\n<tr class=\"row-12\">\n\t<td class=\"column-1\"><\/td><td class=\"column-2\"><\/td><td class=\"column-3\"><\/td>\n<\/tr>\n<\/tbody>\n<\/table>\n\n","protected":false},"excerpt":{"rendered":"<p><strong>Form\u00fclasyonu:<\/strong><br \/>\nSL ( Suda \u00c7\u00f6z\u00fcnen Konsantre )<\/p>\n<p><strong>Aktif Madde:<\/strong><br \/>\n40 g\/l Imazamox<\/p>\n","protected":false},"featured_media":1957,"comment_status":"closed","ping_status":"closed","template":"","meta":[],"product_brand":[],"product_cat":[24,33,64,35,43],"product_tag":[],"class_list":{"0":"post-520","1":"product","2":"type-product","3":"status-publish","4":"has-post-thumbnail","6":"product_cat-herbisitler","7":"product_cat-turkiye","8":"product_cat-turkiye-herbisit","9":"product_cat-turkmenistan","10":"product_cat-turkmenistan-herbisit","12":"first","13":"instock","14":"shipping-taxable","15":"product-type-simple"},"_links":{"self":[{"href":"https:\/\/royalfen.com\/tr\/wp-json\/wp\/v2\/product\/520","targetHints":{"allow":["GET"]}}],"collection":[{"href":"https:\/\/royalfen.com\/tr\/wp-json\/wp\/v2\/product"}],"about":[{"href":"https:\/\/royalfen.com\/tr\/wp-json\/wp\/v2\/types\/product"}],"replies":[{"embeddable":true,"href":"https:\/\/royalfen.com\/tr\/wp-json\/wp\/v2\/comments?post=520"}],"wp:featuredmedia":[{"embeddable":true,"href":"https:\/\/royalfen.com\/tr\/wp-json\/wp\/v2\/media\/1957"}],"wp:attachment":[{"href":"https:\/\/royalfen.com\/tr\/wp-json\/wp\/v2\/media?parent=520"}],"wp:term":[{"taxonomy":"product_brand","embeddable":true,"href":"https:\/\/royalfen.com\/tr\/wp-json\/wp\/v2\/product_brand?post=520"},{"taxonomy":"product_cat","embeddable":true,"href":"https:\/\/royalfen.com\/tr\/wp-json\/wp\/v2\/product_cat?post=520"},{"taxonomy":"product_tag","embeddable":true,"href":"https:\/\/royalfen.com\/tr\/wp-json\/wp\/v2\/product_tag?post=520"}],"curies":[{"name":"wp","href":"https:\/\/api.w.org\/{rel}","templated":true}]}}