{"id":521,"date":"2021-10-07T12:09:11","date_gmt":"2021-10-07T12:09:11","guid":{"rendered":"http:\/\/royalfen.com\/?post_type=product&#038;p=521"},"modified":"2024-12-12T10:25:22","modified_gmt":"2024-12-12T07:25:22","slug":"tawattir-10-ec","status":"publish","type":"product","link":"https:\/\/royalfen.com\/tr\/urun\/tawattir-10-ec\/","title":{"rendered":"TAWATTIR 10 EC"},"content":{"rendered":"<h4><span style=\"font-family: gotham;\">KULLANILACA\u011eI B\u0130TK\u0130 VE ZARARLI ORGAN\u0130ZMALAR:<\/span><\/h4>\n\n<table id=\"tablepress-78\" class=\"tablepress tablepress-id-78 tbody-has-connected-cells\">\n<thead>\n<tr class=\"row-1\">\n\t<th class=\"column-1\">Bitki Ad\u0131<\/th><th class=\"column-2\">Zararl\u0131 Organizma Ad\u0131<\/th><th class=\"column-3\">Uygulama Dozu ve<br \/>\nD\u00f6nemi<\/th><th class=\"column-4\">Son Uygulama ile Hasat<br \/>\nAras\u0131ndaki S\u00fcre<\/th>\n<\/tr>\n<\/thead>\n<tbody class=\"row-striping row-hover\">\n<tr class=\"row-2\">\n\t<td class=\"column-1\">\u015eeftali<\/td><td class=\"column-2\">Dut kabuklubiti <em>(Pseudaulacaspis pentagona)<\/em><\/td><td class=\"column-3\">50 ml\/100 L su (larva)<\/td><td class=\"column-4\">14 g\u00fcn<\/td>\n<\/tr>\n<tr class=\"row-3\">\n\t<td class=\"column-1\">Patl\u0131can<\/td><td class=\"column-2\">T\u00fct\u00fcn beyazsine\u011fi <em>(Bemisia tabaci)<\/em><\/td><td class=\"column-3\">50 ml\/da (larva)<\/td><td class=\"column-4\">3 g\u00fcn<\/td>\n<\/tr>\n<tr class=\"row-4\">\n\t<td class=\"column-1\">Biber (Sera)<\/td><td class=\"column-2\">T\u00fct\u00fcn beyazsine\u011fi <em>(Bemisia tabaci)<\/em><\/td><td class=\"column-3\">50 ml\/100 L su (larva)<\/td><td class=\"column-4\">7 g\u00fcn<\/td>\n<\/tr>\n<tr class=\"row-5\">\n\t<td class=\"column-1\">Pamuk<\/td><td class=\"column-2\">T\u00fct\u00fcn beyazsine\u011fi <em>(Bemisia tabaci)<\/em><\/td><td class=\"column-3\">50 ml\/da (larva)<\/td><td class=\"column-4\">28 g\u00fcn<\/td>\n<\/tr>\n<tr class=\"row-6\">\n\t<td class=\"column-1\">Domates (sera)<\/td><td class=\"column-2\">T\u00fct\u00fcn beyazsine\u011fi <em>(Bemisia tabaci)<\/em><\/td><td class=\"column-3\">50 ml\/100 L su (larva)<\/td><td class=\"column-4\">7 g\u00fcn<\/td>\n<\/tr>\n<tr class=\"row-7\">\n\t<td rowspan=\"2\" class=\"column-1\">Zeytin<\/td><td class=\"column-2\">Zeytin karako\u015fnili <em>(Saissetia oleae)<\/em><\/td><td rowspan=\"2\" class=\"column-3\">50 ml\/100 L su ( larva)<\/td><td rowspan=\"2\" class=\"column-4\">14 g\u00fcn<\/td>\n<\/tr>\n<tr class=\"row-8\">\n\t<td class=\"column-2\">Zeytin kabuklubiti <em>(Parlatoria oleae)<\/em><\/td>\n<\/tr>\n<tr class=\"row-9\">\n\t<td class=\"column-1\"><\/td><td class=\"column-2\"><\/td><td class=\"column-3\"><\/td><td class=\"column-4\"><\/td>\n<\/tr>\n<tr class=\"row-10\">\n\t<td class=\"column-1\"><\/td><td class=\"column-2\"><\/td><td class=\"column-3\"><\/td><td class=\"column-4\"><\/td>\n<\/tr>\n<\/tbody>\n<\/table>\n\n","protected":false},"excerpt":{"rendered":"<p><strong>Form\u00fclasyonu:<\/strong><br \/>\nEC (Em\u00fclsiye Olabilen Konsantre)<\/p>\n<p><strong>Aktif Madde:<\/strong><br \/>\n100 g\/l Pyriproxyfen<\/p>\n<p><a class=\"custom-button2\" href=\"https:\/\/royalfen.com\/wp-content\/uploads\/2021\/10\/TAWATTIR-GBF.pdf\" target=\"_blank\" rel=\"noopener\"><strong>G\u00dcVENL\u0130K B\u0130LG\u0130 FORMU<\/strong><\/a><\/p>\n<p><a class=\"custom-button2\" href=\"https:\/\/royalfen.com\/wp-content\/uploads\/2021\/10\/TAWATTIR-ETIKET-SON.pdf\" target=\"_blank\" rel=\"noopener\"><strong>ONAYLI ET\u0130KET<\/strong><\/a><\/p>\n","protected":false},"featured_media":1958,"comment_status":"closed","ping_status":"closed","template":"","meta":[],"product_brand":[],"product_cat":[22,33,65,35,42],"product_tag":[],"class_list":{"0":"post-521","1":"product","2":"type-product","3":"status-publish","4":"has-post-thumbnail","6":"product_cat-insektisitler","7":"product_cat-turkiye","8":"product_cat-turkiye-insektisit","9":"product_cat-turkmenistan","10":"product_cat-turkmenistan-insektisit","12":"first","13":"instock","14":"shipping-taxable","15":"product-type-simple"},"_links":{"self":[{"href":"https:\/\/royalfen.com\/tr\/wp-json\/wp\/v2\/product\/521","targetHints":{"allow":["GET"]}}],"collection":[{"href":"https:\/\/royalfen.com\/tr\/wp-json\/wp\/v2\/product"}],"about":[{"href":"https:\/\/royalfen.com\/tr\/wp-json\/wp\/v2\/types\/product"}],"replies":[{"embeddable":true,"href":"https:\/\/royalfen.com\/tr\/wp-json\/wp\/v2\/comments?post=521"}],"wp:featuredmedia":[{"embeddable":true,"href":"https:\/\/royalfen.com\/tr\/wp-json\/wp\/v2\/media\/1958"}],"wp:attachment":[{"href":"https:\/\/royalfen.com\/tr\/wp-json\/wp\/v2\/media?parent=521"}],"wp:term":[{"taxonomy":"product_brand","embeddable":true,"href":"https:\/\/royalfen.com\/tr\/wp-json\/wp\/v2\/product_brand?post=521"},{"taxonomy":"product_cat","embeddable":true,"href":"https:\/\/royalfen.com\/tr\/wp-json\/wp\/v2\/product_cat?post=521"},{"taxonomy":"product_tag","embeddable":true,"href":"https:\/\/royalfen.com\/tr\/wp-json\/wp\/v2\/product_tag?post=521"}],"curies":[{"name":"wp","href":"https:\/\/api.w.org\/{rel}","templated":true}]}}