{"id":522,"date":"2021-10-07T12:10:26","date_gmt":"2021-10-07T12:10:26","guid":{"rendered":"http:\/\/royalfen.com\/?post_type=product&#038;p=522"},"modified":"2025-08-15T14:53:35","modified_gmt":"2025-08-15T11:53:35","slug":"tepplan-wg","status":"publish","type":"product","link":"https:\/\/royalfen.com\/tr\/urun\/tepplan-wg\/","title":{"rendered":"TEPPLAN WG"},"content":{"rendered":"<h4><span style=\"font-family: gotham;\">KULLANILACA\u011eI B\u0130TK\u0130 VE ZARARLI ORGAN\u0130ZMALAR:<\/span><\/h4>\n\n<table id=\"tablepress-77\" class=\"tablepress tablepress-id-77\">\n<thead>\n<tr class=\"row-1\">\n\t<th class=\"column-1\">Bitki Ad\u0131<\/th><th class=\"column-2\">Zararl\u0131 Organizma Ad\u0131<\/th><th class=\"column-3\">Kullanma Dozu ve D\u00f6nemi<\/th><th class=\"column-4\">Son Uygulama ile<br \/>\nhasat aras\u0131ndaki s\u00fcre<\/th>\n<\/tr>\n<\/thead>\n<tbody class=\"row-striping row-hover\">\n<tr class=\"row-2\">\n\t<td class=\"column-1\">Biber (Sera)<\/td><td class=\"column-2\">\u015eeftali yaprakbiti <em>(Myzus persicae)<\/em><\/td><td class=\"column-3\">22 g \/ 100 L su (Ergin - Nimf)<\/td><td class=\"column-4\">3 g\u00fcn<\/td>\n<\/tr>\n<\/tbody>\n<\/table>\n\n","protected":false},"excerpt":{"rendered":"<p><strong>Form\u00fclasyonu:<\/strong><br \/>\nWG ( Suda Da\u011f\u0131labilen Gran\u00fcl )<\/p>\n<p><strong>Aktif Madde:<\/strong><br \/>\n%20 Flonicamid + %15 Acetamiprid<\/p>\n<p><a class=\"custom-button2\" href=\"https:\/\/royalfen.com\/wp-content\/uploads\/2021\/10\/TEPPLAN-WG.pdf \" target=\"_blank\" rel=\"noopener\"><strong>ONAYLI ET\u0130KET<\/strong><\/a><\/p>\n","protected":false},"featured_media":1959,"comment_status":"closed","ping_status":"closed","template":"","meta":[],"product_brand":[],"product_cat":[30,37,22,32,52,31,57,35,42],"product_tag":[],"class_list":{"0":"post-522","1":"product","2":"type-product","3":"status-publish","4":"has-post-thumbnail","6":"product_cat-azerbaycan","7":"product_cat-azerbaycan-insektisit","8":"product_cat-insektisitler","9":"product_cat-kirgizistan","10":"product_cat-kirgizistan-insektisit","11":"product_cat-ozbekistan","12":"product_cat-ozbekistan-insektisit","13":"product_cat-turkmenistan","14":"product_cat-turkmenistan-insektisit","16":"first","17":"instock","18":"shipping-taxable","19":"product-type-simple"},"_links":{"self":[{"href":"https:\/\/royalfen.com\/tr\/wp-json\/wp\/v2\/product\/522","targetHints":{"allow":["GET"]}}],"collection":[{"href":"https:\/\/royalfen.com\/tr\/wp-json\/wp\/v2\/product"}],"about":[{"href":"https:\/\/royalfen.com\/tr\/wp-json\/wp\/v2\/types\/product"}],"replies":[{"embeddable":true,"href":"https:\/\/royalfen.com\/tr\/wp-json\/wp\/v2\/comments?post=522"}],"wp:featuredmedia":[{"embeddable":true,"href":"https:\/\/royalfen.com\/tr\/wp-json\/wp\/v2\/media\/1959"}],"wp:attachment":[{"href":"https:\/\/royalfen.com\/tr\/wp-json\/wp\/v2\/media?parent=522"}],"wp:term":[{"taxonomy":"product_brand","embeddable":true,"href":"https:\/\/royalfen.com\/tr\/wp-json\/wp\/v2\/product_brand?post=522"},{"taxonomy":"product_cat","embeddable":true,"href":"https:\/\/royalfen.com\/tr\/wp-json\/wp\/v2\/product_cat?post=522"},{"taxonomy":"product_tag","embeddable":true,"href":"https:\/\/royalfen.com\/tr\/wp-json\/wp\/v2\/product_tag?post=522"}],"curies":[{"name":"wp","href":"https:\/\/api.w.org\/{rel}","templated":true}]}}