{"id":523,"date":"2021-10-07T12:11:20","date_gmt":"2021-10-07T12:11:20","guid":{"rendered":"http:\/\/royalfen.com\/?post_type=product&#038;p=523"},"modified":"2025-11-05T15:46:48","modified_gmt":"2025-11-05T12:46:48","slug":"zepplin-100-ec","status":"publish","type":"product","link":"https:\/\/royalfen.com\/tr\/urun\/zepplin-100-ec\/","title":{"rendered":"ZEPPL\u0130N 100 EC"},"content":{"rendered":"<h4><span style=\"font-family: gotham;\">KULLANILACA\u011eI B\u0130TK\u0130 VE ZARARLI ORGAN\u0130ZMALAR:<\/span><\/h4>\n\n<table id=\"tablepress-76\" class=\"tablepress tablepress-id-76 tbody-has-connected-cells\">\n<thead>\n<tr class=\"row-1\">\n\t<th class=\"column-1\">Bitki Ad\u0131<\/th><th class=\"column-2\">Zararl\u0131 Organizma Ad\u0131<\/th><th class=\"column-3\">Uygulama Dozu ve<br \/>\nD\u00f6nemi<\/th><th class=\"column-4\">Son Uygulama ile Hasat<br \/>\nAras\u0131ndaki S\u00fcre<\/th>\n<\/tr>\n<\/thead>\n<tbody class=\"row-striping row-hover\">\n<tr class=\"row-2\">\n\t<td rowspan=\"2\" class=\"column-1\">M\u0131s\u0131r<\/td><td class=\"column-2\">Ko\u00e7ankurdu <em>(Sesamia spp.)<\/em><\/td><td class=\"column-3\">40 ml \/ da Larva Yumurta ilk tespit<br \/>\nedildi\u011finde uygulamaya ba\u015flan\u0131r,<br \/>\n(15 g\u00fcn ara ile 3 uygulama yap\u0131l\u0131r)<\/td><td rowspan=\"2\" class=\"column-4\">14 g\u00fcn<\/td>\n<\/tr>\n<tr class=\"row-3\">\n\t<td class=\"column-2\">M\u0131s\u0131r kurdu <em>(Ostrinia nubilalis)<\/em><\/td><td class=\"column-3\">40 ml \/ da Larva Yumurta ilk tespit<br \/>\nedildi\u011finde uygulamaya ba\u015flan\u0131r,<br \/>\n(15 g\u00fcn ara ile 3 uygulama yap\u0131l\u0131r)<\/td>\n<\/tr>\n<tr class=\"row-4\">\n\t<td rowspan=\"2\" class=\"column-1\">Elma<\/td><td class=\"column-2\">Elma i\u00e7kurdu<em> (Cydia pomonella)<\/em><\/td><td class=\"column-3\">20 ml \/ 100 L. su Larva<\/td><td rowspan=\"2\" class=\"column-4\">14 g\u00fcn<\/td>\n<\/tr>\n<tr class=\"row-5\">\n\t<td class=\"column-2\">Elma a\u011fkurdu <em>(Yponomeuta malinellus)<\/em><\/td><td class=\"column-3\">15 ml \/ 100 L. su Larva<\/td>\n<\/tr>\n<tr class=\"row-6\">\n\t<td rowspan=\"2\" class=\"column-1\">Hububat<\/td><td class=\"column-2\">S\u00fcne <em>(Eurygaster spp.)<\/em><\/td><td class=\"column-3\">15 ml \/ da 1-3.ve 4-5.d\u00f6nem<br \/>\nnimf ve yeni nesil ergin<\/td><td rowspan=\"2\" class=\"column-4\">14 g\u00fcn<\/td>\n<\/tr>\n<tr class=\"row-7\">\n\t<td class=\"column-2\">Hububat hortumlu b\u00f6ce\u011fi <em>(Pachytychus hordei)<\/em><\/td><td class=\"column-3\">15 ml \/ da<\/td>\n<\/tr>\n<tr class=\"row-8\">\n\t<td class=\"column-1\">\u015eeker Pancar\u0131<\/td><td class=\"column-2\">Kalkan b\u00f6cekleri <em>(Cassida spp.)<\/em><\/td><td class=\"column-3\">20 ml \/ da<\/td><td class=\"column-4\">14 g\u00fcn<\/td>\n<\/tr>\n<tr class=\"row-9\">\n\t<td class=\"column-1\">Zeytin<\/td><td class=\"column-2\">Zeytin sine\u011fi<em> (Bactrocera oleae)<\/em><\/td><td class=\"column-3\">25 ml \/ 100 lt su<\/td><td class=\"column-4\">14 g\u00fcn<\/td>\n<\/tr>\n<tr class=\"row-10\">\n\t<td class=\"column-1\">F\u0131nd\u0131k<\/td><td class=\"column-2\">F\u0131nd\u0131k kurdu <em>(Curculio nucum)<\/em><\/td><td class=\"column-3\">40 ml \/ da<\/td><td class=\"column-4\">14 g\u00fcn<\/td>\n<\/tr>\n<tr class=\"row-11\">\n\t<td class=\"column-1\">Ba\u011f**<\/td><td class=\"column-2\">Ba\u011f maymuncuklar\u0131 <em>(Otiorrhynchus spp.)<\/em><\/td><td class=\"column-3\">30 ml \/ 100 lt su<\/td><td class=\"column-4\">7 g\u00fcn<\/td>\n<\/tr>\n<tr class=\"row-12\">\n\t<td class=\"column-1\">Domates<\/td><td class=\"column-2\">Ye\u015filkurt <em>(Helicoverpa armigera)<\/em><\/td><td class=\"column-3\">50 ml \/ da<\/td><td class=\"column-4\">14 g\u00fcn<\/td>\n<\/tr>\n<tr class=\"row-13\">\n\t<td class=\"column-1\">Pamuk*<\/td><td class=\"column-2\">Ye\u015filkurt <em>(Helicoverpa armigera)<\/em><\/td><td class=\"column-3\">200 ml\/da larva<\/td><td class=\"column-4\">14 g\u00fcn<\/td>\n<\/tr>\n<tr class=\"row-14\">\n\t<td class=\"column-1\"><\/td><td class=\"column-2\"><\/td><td class=\"column-3\"><\/td><td class=\"column-4\"><\/td>\n<\/tr>\n<\/tbody>\n<\/table>\n<!-- #tablepress-76 from cache -->\n<p>&nbsp;<\/p>\n","protected":false},"excerpt":{"rendered":"<p><strong>Form\u00fclasyonu:<\/strong><br \/>\nEC (Em\u00fclsiye Olabilen Konsantre)<\/p>\n<p><strong>Aktif Madde:<\/strong><br \/>\n100 g\/l Alpha-cypermethrin<\/p>\n<p><a class=\"custom-button2\" href=\"https:\/\/royalfen.com\/wp-content\/uploads\/2021\/10\/ZEPPLIN-100-EC-onayli-etiket.pdf\" target=\"_blank\" rel=\"noopener\"><strong>ONAYLI ET\u0130KET<\/strong><\/a><\/p>\n","protected":false},"featured_media":1961,"comment_status":"closed","ping_status":"closed","template":"","meta":[],"product_brand":[],"product_cat":[30,37,22,33,65,35,42],"product_tag":[],"class_list":{"0":"post-523","1":"product","2":"type-product","3":"status-publish","4":"has-post-thumbnail","6":"product_cat-azerbaycan","7":"product_cat-azerbaycan-insektisit","8":"product_cat-insektisitler","9":"product_cat-turkiye","10":"product_cat-turkiye-insektisit","11":"product_cat-turkmenistan","12":"product_cat-turkmenistan-insektisit","14":"first","15":"instock","16":"shipping-taxable","17":"product-type-simple"},"_links":{"self":[{"href":"https:\/\/royalfen.com\/tr\/wp-json\/wp\/v2\/product\/523","targetHints":{"allow":["GET"]}}],"collection":[{"href":"https:\/\/royalfen.com\/tr\/wp-json\/wp\/v2\/product"}],"about":[{"href":"https:\/\/royalfen.com\/tr\/wp-json\/wp\/v2\/types\/product"}],"replies":[{"embeddable":true,"href":"https:\/\/royalfen.com\/tr\/wp-json\/wp\/v2\/comments?post=523"}],"wp:featuredmedia":[{"embeddable":true,"href":"https:\/\/royalfen.com\/tr\/wp-json\/wp\/v2\/media\/1961"}],"wp:attachment":[{"href":"https:\/\/royalfen.com\/tr\/wp-json\/wp\/v2\/media?parent=523"}],"wp:term":[{"taxonomy":"product_brand","embeddable":true,"href":"https:\/\/royalfen.com\/tr\/wp-json\/wp\/v2\/product_brand?post=523"},{"taxonomy":"product_cat","embeddable":true,"href":"https:\/\/royalfen.com\/tr\/wp-json\/wp\/v2\/product_cat?post=523"},{"taxonomy":"product_tag","embeddable":true,"href":"https:\/\/royalfen.com\/tr\/wp-json\/wp\/v2\/product_tag?post=523"}],"curies":[{"name":"wp","href":"https:\/\/api.w.org\/{rel}","templated":true}]}}